{"id":1022,"date":"2022-04-14T09:10:00","date_gmt":"2022-04-14T07:10:00","guid":{"rendered":"http:\/\/voskuil.realdev.nl\/haeufig-gestellte-fragen\/"},"modified":"2024-11-06T12:46:13","modified_gmt":"2024-11-06T10:46:13","slug":"haeufig-gestellte-fragen","status":"publish","type":"page","link":"https:\/\/jachtenschietsportaalten.nl\/de\/haeufig-gestellte-fragen\/","title":{"rendered":"H\u00e4ufig gestellte Fragen"},"content":{"rendered":"<div class=\"wpb-content-wrapper\">[vc_row full_width=&#8220;stretch_row_content_no_spaces&#8220; css=&#8220;.vc_custom_1652772344108{background-image: url(https:\/\/voskuilaalten.nl\/wp-content\/uploads\/2022\/03\/horeca.jpg?id=446) !important;background-position: center !important;background-repeat: no-repeat !important;background-size: cover !important;}&#8220;][vc_column][vc_empty_space height=&#8220;300px&#8220; css=&#8220;.vc_custom_1652772316137{background-position: center !important;background-repeat: no-repeat !important;background-size: cover !important;}&#8220;][\/vc_column][\/vc_row][vc_row full_width=&#8220;stretch_row_content_no_spaces&#8220;][vc_column][\/vc_column][\/vc_row][vc_row content_placement=&#8220;top&#8220; column_spacing=&#8220;50&#8243; gap=&#8220;35&#8243; equal_height=&#8220;yes&#8220;][vc_column width=&#8220;1\/2&#8243;][vc_column_text]\n<h4>H\u00e4ufig gestellte Fragen<\/h4>\n[\/vc_column_text][vc_column_text]\n<h2>Finden Sie unten Ihre Antwort!<\/h2>\n[\/vc_column_text][vc_empty_space][vc_column_text]Nachfolgend finden Sie h\u00e4ufig gestellte Fragen zum Tontaubenschie\u00dfen. Wenn Ihre Frage hier nicht aufgef\u00fchrt ist, z\u00f6gern Sie bitte nicht <a href=\"https:\/\/voskuilaalten.nl\/contact\/\">, uns zu kontaktieren<\/a> .[\/vc_column_text][vc_empty_space][\/vc_column][vc_column width=&#8220;1\/2&#8243; css=&#8220;.vc_custom_1649928003726{background-image: url(https:\/\/voskuilaalten.nl\/wp-content\/uploads\/2022\/04\/vader-en-zoon.jpg?id=617) !important;background-position: center !important;background-repeat: no-repeat !important;background-size: cover !important;}&#8220;][vc_empty_space height=&#8220;300&#8243;][\/vc_column][\/vc_row][vc_row][vc_column width=&#8220;1\/2&#8243;][vc_column_text]\n<h3>Schie\u00dfen<\/h3>\n[\/vc_column_text][vc_empty_space height=&#8220;16&#8243;][vc_tta_accordion color=&#8220;white&#8220; active_section=&#8220;&#8220; collapsible_all=&#8220;true&#8220;][vc_tta_section title=&#8220;Was genau beinhaltet ein Shooting Arrangement?&#8220; tab_id=&#8220;1649926959552-39648169-f9e1&#8243;][vc_column_text]F\u00fcr 38,50 \u20ac pP k\u00f6nnen Sie bei Voskuil Aalten insgesamt 25 Tauben schie\u00dfen. Dieses Schie\u00dfpaket bietet ein Gesamtpaket verschiedener Disziplinen; Schie\u00dfen von Teilnehmern, Idioten, Kaninchen und Doppelg\u00e4ngern. Das Schie\u00dfpaket beinhaltet die Verwendung einer Qualit\u00e4tswaffe, Munition, Geh\u00f6r- und Augenschutz. Und nat\u00fcrlich eine Anleitung durch einen fachkundigen Instruktor, der Ihnen Tipps &amp; Tricks gibt und Ihnen alles \u00fcber die Waffe, die Munition und die Art des Schie\u00dfens erz\u00e4hlt.[\/vc_column_text][\/vc_tta_section][vc_tta_section title=&#8220;Wie viel kostet das?&#8220; tab_id=&#8220;1649926959572-d46449f0-ccf0&#8243;][vc_column_text]Das Tontaubenschie\u00df-Paket kostet 38,50 \u20ac pro Person f\u00fcr 25 Tontauben. Dies umfasst die Anleitung durch einen Ausbilder, die Verwendung der Waffe und den Geh\u00f6rschutz.[\/vc_column_text][\/vc_tta_section][vc_tta_section title=&#8220;Wie lange dauert eine Schie\u00dfrunde?&#8220; tab_id=&#8220;1649946970503-5900fec1-f8dd&#8220;][vc_column_text]Die Zeit, die Sie in einer Schie\u00dfklinik verbringen, h\u00e4ngt auch von der Gruppengr\u00f6\u00dfe ab. Zum Beispiel: Sind Sie mit 10 Personen zusammen? Dann dauert eine Clinic 1 bis 1,5 Stunden, inklusive Erkl\u00e4rung und Einweisung.[\/vc_column_text][\/vc_tta_section][vc_tta_section title=&#8220;Kann jeder Tontauben schie\u00dfen?&#8220; tab_id=&#8220;1649926959591-69e9cb11-7736&#8243;][vc_column_text]Tontaubenschie\u00dfen ist f\u00fcr jeden geeignet. Sie m\u00f6chten vorab besprechen? Rufen Sie uns an oder senden Sie uns eine E-Mail, um dies zu koordinieren.[\/vc_column_text][\/vc_tta_section][vc_tta_section title=&#8220;Gibt es ein Mindestalter f\u00fcr das Tontaubenschie\u00dfen?&#8220; tab_id=&#8220;1649946657255-03285fd6-8a05&#8243;][vc_column_text]Bei uns gilt ein Mindestalter von 16 Jahren, ansonsten ist es in Absprache. Au\u00dferdem darf niemand ohne Begleitung den Schie\u00dfstand betreten. Der Schie\u00dfstand ist nicht f\u00fcr \u201eKinderfeste\u201c geeignet.[\/vc_column_text][\/vc_tta_section][vc_tta_section title=&#8220;Es ist schlechtes Wetter angesagt. K\u00f6nnen wir noch schie\u00dfen?&#8220; tab_id=&#8220;1649946749325-b814a1ca-115f&#8220;][vc_column_text]Die Schie\u00dfklinik ist immer an. Bei jedem Wetter, Sonne und Regen, sogar bei Schnee! Unser Schie\u00dfstand verf\u00fcgt \u00fcber viele \u00fcberdachte Bereiche, auf denen Sie trocken stehen k\u00f6nnen. Passen Sie Ihre Kleidung dem Wettertyp an; eine sch\u00f6ne warme Jacke im Winter und bei nassem Wetter empfehlen wir wasserdichte Schuhe. W\u00e4hlen Sie in jedem Fall bequeme Kleidung mit festen Schuhen[\/vc_column_text][\/vc_tta_section][vc_tta_section title=&#8220;Ben\u00f6tigen Sie spezielle Kleidung f\u00fcr das Tontaubenschie\u00dfen?&#8220; tab_id=&#8220;1649946889455-88681ba5-495b&#8220;][vc_column_text]Es ist keine besondere Kleidung vorgeschrieben. Wir empfehlen bequeme, dem Wetter angepasste Kleidung. Und tragen Sie festes Schuhwerk. Es ist sch\u00f6n, beim Schie\u00dfen stabil zu sein.[\/vc_column_text][\/vc_tta_section][vc_tta_section title=&#8220;K\u00f6nnen wir auch zusammen Tontauben schie\u00dfen?&#8220; tab_id=&#8220;1649947639240-1216b0e2-4891&#8243;][vc_column_text]Ja, nat\u00fcrlich! Sie k\u00f6nnen sogar alleine oder mit einer ganzen Gruppe fotografieren. Alle Zusammensetzungen sind m\u00f6glich. Eine vorherige Reservierung ist erforderlich. Nat\u00fcrlich dauert die Schie\u00dfklinik mit weniger Leuten k\u00fcrzer.[\/vc_column_text][\/vc_tta_section][vc_tta_section title=&#8220;Mein Interesse ist geweckt. Wie kann ich reservieren?&#8220; tab_id=&#8220;1649926959612-d94bd32d-5c3c&#8220;][vc_column_text]Sie k\u00f6nnen eine Reservierung vornehmen, indem Sie das Kontaktformular ausf\u00fcllen und an uns senden. Sie erhalten schnellstm\u00f6glich eine Antwort auf Ihre Anfrage.[\/vc_column_text][\/vc_tta_section][\/vc_tta_accordion][\/vc_column][vc_column width=&#8220;1\/2&#8243;][vc_column_text]\n<h3>Gastst\u00e4ttengewerbe<\/h3>\n[\/vc_column_text][vc_empty_space height=&#8220;16&#8243;][vc_tta_accordion color=&#8220;white&#8220; active_section=&#8220;&#8220; collapsible_all=&#8220;true&#8220;][vc_tta_section title=&#8220;K\u00f6nnen Sie uns mehr \u00fcber die Catering-Einrichtung erz\u00e4hlen?&#8220; tab_id=&#8220;1649947835990-f27d769c-dc8e&#8220;][vc_column_text]Unsere Gastronomie wird 2021 komplett renoviert. Die offene Einstellung bedeutet, dass das Innere st\u00e4rker mit dem \u00c4u\u00dferen verbunden ist. Vom Cateringbereich haben Sie einen direkten Blick auf den Schie\u00dfstand. Au\u00dferdem gibt es eine \u00fcberdachte Terrasse und einen Grillpavillon! Ist es drau\u00dfen etwas k\u00fchler? Dann k\u00f6nnen Sie sich am Kamin aufw\u00e4rmen. F\u00fcr den inneren Menschen steht immer eine Tasse frischer Bohnenkaffee oder ein anderer Snack bereit. Und die kleine Speisekarte l\u00e4sst den kleinsten Appetit sofort verschwinden!  <\/p>\n<div class=\"vc_empty_space\"><\/div>\n[\/vc_column_text][\/vc_tta_section][vc_tta_section title=&#8220;Wie sind die \u00d6ffnungszeiten der Gastronomie?&#8220; tab_id=&#8220;1649927129939-8588b18f-8e1f&#8220;][vc_column_text]Sie sind in unserer Catering-Einrichtung ab dem Zeitpunkt der \u00d6ffnung des Schie\u00dfstandes bis 1 Stunde nach Ende des Schie\u00dfens willkommen.[\/vc_column_text][\/vc_tta_section][vc_tta_section title=&#8220;K\u00f6nnen wir unser eigenes Essen und Trinken mitbringen?&#8220; tab_id=&#8220;1649927129963-a3ff1a73-ac63&#8243;][vc_column_text]Leider nein. Zum Gl\u00fcck haben wir eine gem\u00fctliche Gastst\u00e4tte, wo Sie ein Getr\u00e4nk und ein Sandwich bestellen k\u00f6nnen.[\/vc_column_text][\/vc_tta_section][vc_tta_section title=&#8220;Darf man vor dem Schie\u00dfen Alkohol trinken?&#8220; tab_id=&#8220;1649927129988-6a611372-20f1&#8243;][vc_column_text]Nein, das Trinken von Alkohol vor dem Schie\u00dfen ist aus Sicherheitsgr\u00fcnden f\u00fcr Sie und die Zuschauer nicht erlaubt. Stellt sich heraus, dass jemand bei der Ankunft Alkohol getrunken hat, darf er nicht schie\u00dfen.[\/vc_column_text][\/vc_tta_section][vc_tta_section title=&#8220;Haben Sie auch Sonderregelungen?&#8220; tab_id=&#8220;1649948026830-aefef327-d280&#8243;][vc_column_text]Ja, nat\u00fcrlich! Speziell f\u00fcr Gruppen ab 15 Personen ist es m\u00f6glich, sich f\u00fcr unsere Shoot &amp; Food-Pakete zu entscheiden. Nach einer Shooting Clinic k\u00f6nnen Sie dann ein luxuri\u00f6ses Buffet oder ein Barbecue genie\u00dfen. <a href=\"https:\/\/voskuilaalten.nl\/shoot-food\/\">Sehen Sie sich die M\u00f6glichkeiten an &gt;<\/a>[\/vc_column_text][\/vc_tta_section][\/vc_tta_accordion][\/vc_column][\/vc_row][vc_row][vc_column width=&#8220;1\/2&#8243;][vc_column_text]\n<h3>Allgemein<\/h3>\n[\/vc_column_text][vc_empty_space height=&#8220;16&#8243;][vc_tta_accordion color=&#8220;white&#8220; active_section=&#8220;&#8220; collapsible_all=&#8220;true&#8220;][vc_tta_section title=&#8220;Verkaufen Sie auch Gutscheine?&#8220; tab_id=&#8220;1650379806016-7e6a3b33-b3d4&#8243;][vc_column_text]Ja, nat\u00fcrlich! Wie sch\u00f6n ist es, ein abenteuerliches Geschenk zu machen? Alles ist m\u00f6glich; f\u00fcr jeden Betrag und f\u00fcr jede Anordnung. Es ist frei bef\u00fcllbar und kann auch bei uns im Laden ausgegeben werden.[\/vc_column_text][\/vc_tta_section][vc_tta_section title=&#8220;Ist der Schie\u00dfstand mit einem Rollstuhl erreichbar?&#8220; tab_id=&#8220;1650379853240-d5aefd5c-cc11&#8243;][vc_column_text]Bei Voskuil Aalten ist jeder willkommen, daher ist auch der Schie\u00dfstand f\u00fcr alle zug\u00e4nglich.[\/vc_column_text][\/vc_tta_section][vc_tta_section title=&#8220;Was ist eine Tontaube?&#8220; tab_id=&#8220;1650379903647-637ae924-89b5&#8243;][vc_column_text]Eine Tontaube ist eine runde Untertasse, die in der Ziel\u00fcbung als Ziel verwendet wird. Wenn Sie die Scheibe treffen, zersplittert sie in der Luft.[\/vc_column_text][\/vc_tta_section][\/vc_tta_accordion][\/vc_column][vc_column visibility=&#8220;hidden&#8220; width=&#8220;1\/2&#8243;][vc_column_text]\n<h3>Jagdausbildung<\/h3>\n[\/vc_column_text][vc_empty_space height=&#8220;16&#8243;][vc_tta_accordion color=&#8220;white&#8220; active_section=&#8220;&#8220; collapsible_all=&#8220;true&#8220;][vc_tta_section title=&#8220;Wenn Zertifikat erhalten, ist eine Rezertifizierung erforderlich?&#8220; tab_id=&#8220;1649927073995-ad6c21cf-9118&#8243;][vc_column_text]Nein, dies ist keine Verpflichtung, aber wir empfehlen jungen J\u00e4gern, mit den F\u00e4higkeiten Schritt zu halten. Das ist sicher f\u00fcr den J\u00e4ger, seine Mitj\u00e4ger, aber auch f\u00fcr die Wildnis. Ein J\u00e4ger kann jederzeit zum \u00dcben kommen und zus\u00e4tzliche Anweisungen erhalten, wenn dies gew\u00fcnscht oder erforderlich ist.[\/vc_column_text][\/vc_tta_section][\/vc_tta_accordion][\/vc_column][\/vc_row]\n<\/div>","protected":false},"excerpt":{"rendered":"<p>[vc_row full_width=&#8220;stretch_row_content_no_spaces&#8220; css=&#8220;.vc_custom_1652772344108{background-image: url(https:\/\/voskuilaalten.nl\/wp-content\/uploads\/2022\/03\/horeca.jpg?id=446) !important;background-position: center !important;background-repeat: no-repeat !important;background-size: cover !important;}&#8220;][vc_column][vc_empty_space height=&#8220;300px&#8220; css=&#8220;.vc_custom_1652772316137{background-position: center !important;background-repeat: no-repeat !important;background-size: cover !important;}&#8220;][\/vc_column][\/vc_row][vc_row full_width=&#8220;stretch_row_content_no_spaces&#8220;][vc_column][\/vc_column][\/vc_row][vc_row content_placement=&#8220;top&#8220; column_spacing=&#8220;50&#8243; gap=&#8220;35&#8243; equal_height=&#8220;yes&#8220;][vc_column width=&#8220;1\/2&#8243;][vc_column_text] H\u00e4ufig gestellte Fragen [\/vc_column_text][vc_column_text] Finden Sie unten Ihre Antwort! [\/vc_column_text][vc_empty_space][vc_column_text]Nachfolgend finden Sie h\u00e4ufig gestellte Fragen zum Tontaubenschie\u00dfen. Wenn Ihre Frage hier nicht aufgef\u00fchrt ist, z\u00f6gern Sie bitte nicht , uns&hellip;<\/p>\n","protected":false},"author":5,"featured_media":0,"parent":0,"menu_order":0,"comment_status":"closed","ping_status":"closed","template":"","meta":{"inline_featured_image":false,"footnotes":""},"class_list":["post-1022","page","type-page","status-publish","hentry","entry","no-media"],"yoast_head":"<!-- This site is optimized with the Yoast SEO plugin v27.3 - https:\/\/yoast.com\/product\/yoast-seo-wordpress\/ -->\n<title>H\u00e4ufig gestellte Fragen - Jacht en Schietsport Aalten<\/title>\n<meta name=\"robots\" content=\"index, follow, max-snippet:-1, max-image-preview:large, max-video-preview:-1\" \/>\n<link rel=\"canonical\" href=\"https:\/\/jachtenschietsportaalten.nl\/de\/haeufig-gestellte-fragen\/\" \/>\n<meta property=\"og:locale\" content=\"de_DE\" \/>\n<meta property=\"og:type\" content=\"article\" \/>\n<meta property=\"og:title\" content=\"H\u00e4ufig gestellte Fragen - Jacht en Schietsport Aalten\" \/>\n<meta property=\"og:description\" content=\"[vc_row full_width=&#8220;stretch_row_content_no_spaces&#8220; css=&#8220;.vc_custom_1652772344108{background-image: url(https:\/\/voskuilaalten.nl\/wp-content\/uploads\/2022\/03\/horeca.jpg?id=446) !important;background-position: center !important;background-repeat: no-repeat !important;background-size: cover !important;}&#8220;][vc_column][vc_empty_space height=&#8220;300px&#8220; css=&#8220;.vc_custom_1652772316137{background-position: center !important;background-repeat: no-repeat !important;background-size: cover !important;}&#8220;][\/vc_column][\/vc_row][vc_row full_width=&#8220;stretch_row_content_no_spaces&#8220;][vc_column][\/vc_column][\/vc_row][vc_row content_placement=&#8220;top&#8220; column_spacing=&#8220;50&#8243; gap=&#8220;35&#8243; equal_height=&#8220;yes&#8220;][vc_column width=&#8220;1\/2&#8243;][vc_column_text] H\u00e4ufig gestellte Fragen [\/vc_column_text][vc_column_text] Finden Sie unten Ihre Antwort! [\/vc_column_text][vc_empty_space][vc_column_text]Nachfolgend finden Sie h\u00e4ufig gestellte Fragen zum Tontaubenschie\u00dfen. Wenn Ihre Frage hier nicht aufgef\u00fchrt ist, z\u00f6gern Sie bitte nicht , uns&hellip;\" \/>\n<meta property=\"og:url\" content=\"https:\/\/jachtenschietsportaalten.nl\/de\/haeufig-gestellte-fragen\/\" \/>\n<meta property=\"og:site_name\" content=\"Jacht en Schietsport Aalten\" \/>\n<meta property=\"article:modified_time\" content=\"2024-11-06T10:46:13+00:00\" \/>\n<meta name=\"twitter:card\" content=\"summary_large_image\" \/>\n<meta name=\"twitter:label1\" content=\"Gesch\u00e4tzte Lesezeit\" \/>\n\t<meta name=\"twitter:data1\" content=\"7\u00a0Minuten\" \/>\n<script type=\"application\/ld+json\" class=\"yoast-schema-graph\">{\"@context\":\"https:\\\/\\\/schema.org\",\"@graph\":[{\"@type\":\"WebPage\",\"@id\":\"https:\\\/\\\/jachtenschietsportaalten.nl\\\/de\\\/haeufig-gestellte-fragen\\\/\",\"url\":\"https:\\\/\\\/jachtenschietsportaalten.nl\\\/de\\\/haeufig-gestellte-fragen\\\/\",\"name\":\"H\u00e4ufig gestellte Fragen - Jacht en Schietsport Aalten\",\"isPartOf\":{\"@id\":\"https:\\\/\\\/jachtenschietsportaalten.nl\\\/#website\"},\"datePublished\":\"2022-04-14T07:10:00+00:00\",\"dateModified\":\"2024-11-06T10:46:13+00:00\",\"breadcrumb\":{\"@id\":\"https:\\\/\\\/jachtenschietsportaalten.nl\\\/de\\\/haeufig-gestellte-fragen\\\/#breadcrumb\"},\"inLanguage\":\"de\",\"potentialAction\":[{\"@type\":\"ReadAction\",\"target\":[\"https:\\\/\\\/jachtenschietsportaalten.nl\\\/de\\\/haeufig-gestellte-fragen\\\/\"]}]},{\"@type\":\"BreadcrumbList\",\"@id\":\"https:\\\/\\\/jachtenschietsportaalten.nl\\\/de\\\/haeufig-gestellte-fragen\\\/#breadcrumb\",\"itemListElement\":[{\"@type\":\"ListItem\",\"position\":1,\"name\":\"Home\",\"item\":\"https:\\\/\\\/jachtenschietsportaalten.nl\\\/de\\\/startseite\\\/\"},{\"@type\":\"ListItem\",\"position\":2,\"name\":\"H\u00e4ufig gestellte Fragen\"}]},{\"@type\":\"WebSite\",\"@id\":\"https:\\\/\\\/jachtenschietsportaalten.nl\\\/#website\",\"url\":\"https:\\\/\\\/jachtenschietsportaalten.nl\\\/\",\"name\":\"Jacht en Schietsport Aalten\",\"description\":\"Webshop\",\"publisher\":{\"@id\":\"https:\\\/\\\/jachtenschietsportaalten.nl\\\/#organization\"},\"potentialAction\":[{\"@type\":\"SearchAction\",\"target\":{\"@type\":\"EntryPoint\",\"urlTemplate\":\"https:\\\/\\\/jachtenschietsportaalten.nl\\\/?s={search_term_string}\"},\"query-input\":{\"@type\":\"PropertyValueSpecification\",\"valueRequired\":true,\"valueName\":\"search_term_string\"}}],\"inLanguage\":\"de\"},{\"@type\":\"Organization\",\"@id\":\"https:\\\/\\\/jachtenschietsportaalten.nl\\\/#organization\",\"name\":\"Jacht en Schietsport Aalten\",\"url\":\"https:\\\/\\\/jachtenschietsportaalten.nl\\\/\",\"logo\":{\"@type\":\"ImageObject\",\"inLanguage\":\"de\",\"@id\":\"https:\\\/\\\/jachtenschietsportaalten.nl\\\/#\\\/schema\\\/logo\\\/image\\\/\",\"url\":\"https:\\\/\\\/jachtenschietsportaalten.nl\\\/wp-content\\\/uploads\\\/2022\\\/08\\\/Voskuil_Logo_CMYK-Liggend_02.png\",\"contentUrl\":\"https:\\\/\\\/jachtenschietsportaalten.nl\\\/wp-content\\\/uploads\\\/2022\\\/08\\\/Voskuil_Logo_CMYK-Liggend_02.png\",\"width\":2212,\"height\":679,\"caption\":\"Jacht en Schietsport Aalten\"},\"image\":{\"@id\":\"https:\\\/\\\/jachtenschietsportaalten.nl\\\/#\\\/schema\\\/logo\\\/image\\\/\"}}]}<\/script>\n<!-- \/ Yoast SEO plugin. -->","yoast_head_json":{"title":"H\u00e4ufig gestellte Fragen - Jacht en Schietsport Aalten","robots":{"index":"index","follow":"follow","max-snippet":"max-snippet:-1","max-image-preview":"max-image-preview:large","max-video-preview":"max-video-preview:-1"},"canonical":"https:\/\/jachtenschietsportaalten.nl\/de\/haeufig-gestellte-fragen\/","og_locale":"de_DE","og_type":"article","og_title":"H\u00e4ufig gestellte Fragen - Jacht en Schietsport Aalten","og_description":"[vc_row full_width=&#8220;stretch_row_content_no_spaces&#8220; css=&#8220;.vc_custom_1652772344108{background-image: url(https:\/\/voskuilaalten.nl\/wp-content\/uploads\/2022\/03\/horeca.jpg?id=446) !important;background-position: center !important;background-repeat: no-repeat !important;background-size: cover !important;}&#8220;][vc_column][vc_empty_space height=&#8220;300px&#8220; css=&#8220;.vc_custom_1652772316137{background-position: center !important;background-repeat: no-repeat !important;background-size: cover !important;}&#8220;][\/vc_column][\/vc_row][vc_row full_width=&#8220;stretch_row_content_no_spaces&#8220;][vc_column][\/vc_column][\/vc_row][vc_row content_placement=&#8220;top&#8220; column_spacing=&#8220;50&#8243; gap=&#8220;35&#8243; equal_height=&#8220;yes&#8220;][vc_column width=&#8220;1\/2&#8243;][vc_column_text] H\u00e4ufig gestellte Fragen [\/vc_column_text][vc_column_text] Finden Sie unten Ihre Antwort! [\/vc_column_text][vc_empty_space][vc_column_text]Nachfolgend finden Sie h\u00e4ufig gestellte Fragen zum Tontaubenschie\u00dfen. Wenn Ihre Frage hier nicht aufgef\u00fchrt ist, z\u00f6gern Sie bitte nicht , uns&hellip;","og_url":"https:\/\/jachtenschietsportaalten.nl\/de\/haeufig-gestellte-fragen\/","og_site_name":"Jacht en Schietsport Aalten","article_modified_time":"2024-11-06T10:46:13+00:00","twitter_card":"summary_large_image","twitter_misc":{"Gesch\u00e4tzte Lesezeit":"7\u00a0Minuten"},"schema":{"@context":"https:\/\/schema.org","@graph":[{"@type":"WebPage","@id":"https:\/\/jachtenschietsportaalten.nl\/de\/haeufig-gestellte-fragen\/","url":"https:\/\/jachtenschietsportaalten.nl\/de\/haeufig-gestellte-fragen\/","name":"H\u00e4ufig gestellte Fragen - Jacht en Schietsport Aalten","isPartOf":{"@id":"https:\/\/jachtenschietsportaalten.nl\/#website"},"datePublished":"2022-04-14T07:10:00+00:00","dateModified":"2024-11-06T10:46:13+00:00","breadcrumb":{"@id":"https:\/\/jachtenschietsportaalten.nl\/de\/haeufig-gestellte-fragen\/#breadcrumb"},"inLanguage":"de","potentialAction":[{"@type":"ReadAction","target":["https:\/\/jachtenschietsportaalten.nl\/de\/haeufig-gestellte-fragen\/"]}]},{"@type":"BreadcrumbList","@id":"https:\/\/jachtenschietsportaalten.nl\/de\/haeufig-gestellte-fragen\/#breadcrumb","itemListElement":[{"@type":"ListItem","position":1,"name":"Home","item":"https:\/\/jachtenschietsportaalten.nl\/de\/startseite\/"},{"@type":"ListItem","position":2,"name":"H\u00e4ufig gestellte Fragen"}]},{"@type":"WebSite","@id":"https:\/\/jachtenschietsportaalten.nl\/#website","url":"https:\/\/jachtenschietsportaalten.nl\/","name":"Jacht en Schietsport Aalten","description":"Webshop","publisher":{"@id":"https:\/\/jachtenschietsportaalten.nl\/#organization"},"potentialAction":[{"@type":"SearchAction","target":{"@type":"EntryPoint","urlTemplate":"https:\/\/jachtenschietsportaalten.nl\/?s={search_term_string}"},"query-input":{"@type":"PropertyValueSpecification","valueRequired":true,"valueName":"search_term_string"}}],"inLanguage":"de"},{"@type":"Organization","@id":"https:\/\/jachtenschietsportaalten.nl\/#organization","name":"Jacht en Schietsport Aalten","url":"https:\/\/jachtenschietsportaalten.nl\/","logo":{"@type":"ImageObject","inLanguage":"de","@id":"https:\/\/jachtenschietsportaalten.nl\/#\/schema\/logo\/image\/","url":"https:\/\/jachtenschietsportaalten.nl\/wp-content\/uploads\/2022\/08\/Voskuil_Logo_CMYK-Liggend_02.png","contentUrl":"https:\/\/jachtenschietsportaalten.nl\/wp-content\/uploads\/2022\/08\/Voskuil_Logo_CMYK-Liggend_02.png","width":2212,"height":679,"caption":"Jacht en Schietsport Aalten"},"image":{"@id":"https:\/\/jachtenschietsportaalten.nl\/#\/schema\/logo\/image\/"}}]}},"_links":{"self":[{"href":"https:\/\/jachtenschietsportaalten.nl\/de\/wp-json\/wp\/v2\/pages\/1022","targetHints":{"allow":["GET"]}}],"collection":[{"href":"https:\/\/jachtenschietsportaalten.nl\/de\/wp-json\/wp\/v2\/pages"}],"about":[{"href":"https:\/\/jachtenschietsportaalten.nl\/de\/wp-json\/wp\/v2\/types\/page"}],"author":[{"embeddable":true,"href":"https:\/\/jachtenschietsportaalten.nl\/de\/wp-json\/wp\/v2\/users\/5"}],"replies":[{"embeddable":true,"href":"https:\/\/jachtenschietsportaalten.nl\/de\/wp-json\/wp\/v2\/comments?post=1022"}],"version-history":[{"count":28,"href":"https:\/\/jachtenschietsportaalten.nl\/de\/wp-json\/wp\/v2\/pages\/1022\/revisions"}],"predecessor-version":[{"id":6625,"href":"https:\/\/jachtenschietsportaalten.nl\/de\/wp-json\/wp\/v2\/pages\/1022\/revisions\/6625"}],"wp:attachment":[{"href":"https:\/\/jachtenschietsportaalten.nl\/de\/wp-json\/wp\/v2\/media?parent=1022"}],"curies":[{"name":"wp","href":"https:\/\/api.w.org\/{rel}","templated":true}]}}