{"id":4524,"date":"2023-06-06T09:08:57","date_gmt":"2023-06-06T07:08:57","guid":{"rendered":"https:\/\/jachtenschietsportaalten.nl\/?page_id=4524"},"modified":"2023-06-09T14:12:30","modified_gmt":"2023-06-09T12:12:30","slug":"tsk-niederlande","status":"publish","type":"page","link":"https:\/\/jachtenschietsportaalten.nl\/de\/tsk-niederlande\/","title":{"rendered":"TSK-Niederlande"},"content":{"rendered":"<div class=\"wpb-content-wrapper\">[vc_row full_width=&#8220;stretch_row_content_no_spaces&#8220; parallax=&#8220;content-moving&#8220; parallax_image=&#8220;4562&#8243; parallax_speed_bg=&#8220;2&#8243; css=&#8220;.vc_custom_1680271709477{background-position: center;background-repeat: no-repeat !important;background-size: cover !important;}&#8220;][vc_column][vc_empty_space height=&#8220;500&#8243;][\/vc_column][\/vc_row][vc_row full_width=&#8220;stretch_row_content_no_spaces&#8220; css=&#8220;.vc_custom_1652772134836{background-position: center !important;background-repeat: no-repeat !important;background-size: cover !important;}&#8220;][vc_column][\/vc_column][\/vc_row][vc_row content_placement=&#8220;middle&#8220; gap=&#8220;35&#8243; equal_height=&#8220;yes&#8220; columns_right=&#8220;yes&#8220;][vc_column width=&#8220;1\/2&#8243; css=&#8220;.vc_custom_1680270905404{background-position: center !important;background-repeat: no-repeat !important;background-size: cover !important;}&#8220;]<figure class=\"vcex-image vcex-module\"><div class=\"vcex-image-inner wpex-relative wpex-inline-block\"><img width=\"425\" height=\"106\" src=\"https:\/\/jachtenschietsportaalten.nl\/wp-content\/uploads\/2023\/03\/Logo-tsk.png\" class=\"vcex-image-img wpex-align-middle\" alt=\"\" loading=\"lazy\" decoding=\"async\" srcset=\"https:\/\/jachtenschietsportaalten.nl\/wp-content\/uploads\/2023\/03\/Logo-tsk.png 425w, https:\/\/jachtenschietsportaalten.nl\/wp-content\/uploads\/2023\/03\/Logo-tsk-300x75.png 300w\" sizes=\"auto, (max-width: 425px) 100vw, 425px\" \/><\/div><\/figure>[\/vc_column][vc_column width=&#8220;1\/2&#8243; css=&#8220;.vc_custom_1646920584543{background-position: center !important;background-repeat: no-repeat !important;background-size: cover !important;}&#8220;][vc_column_text]\n<h4>Der Flakon<\/h4>\n[\/vc_column_text][vc_column_text]\n<h2>TSK-Niederlande<\/h2>\n[\/vc_column_text][vc_empty_space][vc_column_text]Wie man so sch\u00f6n sagt: Die Waffe schie\u00dft, aber der Kolben trifft! Kurz gesagt, es l\u00e4uft darauf hinaus: Wenn der Gewehrkolben nicht zu Ihnen passt, werden Sie nicht viele, wenn \u00fcberhaupt, Treffer erzielen. TSK-Niederlande hilft bei Ganzk\u00f6rpertreffern. Denn TSK-Netherlands steht f\u00fcr ein professionelles Produkt im Bereich der voll einstellbaren Kolben. TSK-Netherlands importiert Kolben von <a href=\"https:\/\/www.tsk-italy.com\/en\/\" target=\"_blank\" rel=\"noopener\">TSK Italy<\/a>, einem Spitzenunternehmen, das sich auf die Herstellung verstellbarer Kolben f\u00fcr Flinten spezialisiert hat. TSK-Niederlande befindet sich auf dem Tontaubenschie\u00dfstand Voskuil Aalten.[\/vc_column_text][\/vc_column][\/vc_row][vc_row full_width=&#8220;stretch_row_content_no_spaces&#8220; css=&#8220;.vc_custom_1652772134836{background-position: center !important;background-repeat: no-repeat !important;background-size: cover !important;}&#8220;][vc_column][\/vc_column][\/vc_row][vc_row content_placement=&#8220;middle&#8220; gap=&#8220;35&#8243; equal_height=&#8220;yes&#8220;][vc_column width=&#8220;1\/2&#8243; css=&#8220;.vc_custom_1680271064812{background-image: url(https:\/\/jachtenschietsportaalten.nl\/wp-content\/uploads\/2023\/03\/tsk-kolf.jpg?id=4549) !important;background-position: center !important;background-repeat: no-repeat !important;background-size: cover !important;}&#8220;][vc_empty_space height=&#8220;300&#8243;][\/vc_column][vc_column width=&#8220;1\/2&#8243; css=&#8220;.vc_custom_1646920584543{background-position: center !important;background-repeat: no-repeat !important;background-size: cover !important;}&#8220;][vc_column_text]\n<h4>Speziell f\u00fcr Sie<\/h4>\n[\/vc_column_text][vc_column_text]\n<h2>Ma\u00dfgeschneidert<\/h2>\n[\/vc_column_text][vc_empty_space][vc_column_text]TSK-Produkte sind qualitativ hochwertig und vollst\u00e4ndig auf den einzelnen Sch\u00fctzen einstellbar und millimetergenau justierbar. Etwas, das mit einer Standardpumpe unm\u00f6glich oder schwierig ist. Die TSK-Kolben lassen sich ganz individuell zusammenstellen. Sie haben die Wahl zwischen:<\/p>\n<ul>\n<li>5 Farben<\/li>\n<li>Verschiedene Materialien (Aluminium, Carbon, Leder und Holz)<\/li>\n<li>Griffe in den Gr\u00f6\u00dfen XS bis XL<\/li>\n<\/ul>\n<p>Au\u00dferdem haben Sie die Wahl zwischen verschiedenen Versionen, die f\u00fcr unterschiedliche Disziplinen und Anforderungen geeignet sind.&#8220;<\/p>\n<ul>\n<li><strong>Junior<\/strong> &#8211; der kompakteste TSK<\/li>\n<li><strong>Standard (STD)<\/strong> &#8211; Starke Qualit\u00e4t und besondere Verarbeitung<\/li>\n<li><strong>Superleggero<\/strong> &#8211; ideal f\u00fcr Skeet<\/li>\n<li><strong>RR<\/strong> &#8211; der beste einstellbare Kolben mit reduziertem R\u00fccksto\u00df, den Sie finden k\u00f6nnen<\/li>\n<li><strong>Karbon<\/strong> &#8211; attraktive Optik, leicht, hohe Belastbarkeit und Schwingungsd\u00e4mpfung<\/li>\n<li><strong>C-Modell<\/strong> &#8211; f\u00fcr Sch\u00fctzen, die ein praktisches und sofort einsatzbereites Produkt suchen<\/li>\n<\/ul>\n<p>Sind Sie neugierig auf Ihren personalisierten Messkolben?[\/vc_column_text][vc_empty_space height=&#8220;16&#8243;]<a href=\"https:\/\/www.tsk-italy.com\/en\/products\/configurator\" class=\"vcex-button theme-button inline\" target=\"_blank\" rel=\"noopener noreferrer\"><span class=\"vcex-button-inner theme-button-inner wpex-flex wpex-flex-wrap wpex-items-center wpex-justify-center\">Zum Konfigurator gehen<\/span><\/a> [\/vc_column][\/vc_row][vc_row full_width=&#8220;stretch_row_content_no_spaces&#8220; css=&#8220;.vc_custom_1652772134836{background-position: center !important;background-repeat: no-repeat !important;background-size: cover !important;}&#8220;][vc_column][\/vc_column][\/vc_row][vc_row content_placement=&#8220;middle&#8220; gap=&#8220;35&#8243; equal_height=&#8220;yes&#8220; columns_right=&#8220;yes&#8220;][vc_column width=&#8220;1\/2&#8243; css=&#8220;.vc_custom_1686035334387{background-image: url(https:\/\/jachtenschietsportaalten.nl\/wp-content\/uploads\/2023\/06\/20110211938144144-e1686035297212.jpg?id=5177) !important;background-position: center !important;background-repeat: no-repeat !important;background-size: cover !important;}&#8220;][\/vc_column][vc_column width=&#8220;1\/2&#8243; css=&#8220;.vc_custom_1646920584543{background-position: center !important;background-repeat: no-repeat !important;background-size: cover !important;}&#8220;][vc_column_text]\n<h4>Kontakt<\/h4>\n[\/vc_column_text][vc_column_text]\n<h2>Probieren Sie es selbst aus!<\/h2>\n[\/vc_column_text][vc_empty_space][vc_column_text]Auf der <a href=\"https:\/\/voskuilaalten.nl\/\">Skeetschie\u00dfanlage Voskuil Aalten<\/a> sind einige Gewehre mit TSK-Sch\u00e4ften ausgestattet, die von ernsthaften Kunden zum Probeschie\u00dfen genutzt werden k\u00f6nnen. Wenn Sie ein Produkt kaufen, wird die Pumpe zusammen mit Ihnen vollst\u00e4ndig eingestellt und kann sofort getestet werden.<\/p>\n<p>W\u00fcnschen Sie weitere Informationen oder m\u00f6chten Sie einen Termin vereinbaren? Nehmen Sie Kontakt auf![\/vc_column_text][vc_empty_space height=&#8220;16&#8243;]\n<div class=\"wpcf7 no-js\" id=\"wpcf7-f1062-o1\" lang=\"de-DE\" dir=\"ltr\" data-wpcf7-id=\"1062\">\n<div class=\"screen-reader-response\"><p role=\"status\" aria-live=\"polite\" aria-atomic=\"true\"><\/p> <ul><\/ul><\/div>\n<form action=\"\/de\/wp-json\/wp\/v2\/pages\/4524#wpcf7-f1062-o1\" method=\"post\" class=\"wpcf7-form init\" aria-label=\"Kontaktformular\" novalidate=\"novalidate\" data-status=\"init\">\n<fieldset class=\"hidden-fields-container\"><input type=\"hidden\" name=\"_wpcf7\" value=\"1062\" \/><input type=\"hidden\" name=\"_wpcf7_version\" value=\"6.1.5\" \/><input type=\"hidden\" name=\"_wpcf7_locale\" value=\"de_DE\" \/><input type=\"hidden\" name=\"_wpcf7_unit_tag\" value=\"wpcf7-f1062-o1\" \/><input type=\"hidden\" name=\"_wpcf7_container_post\" value=\"0\" \/><input type=\"hidden\" name=\"_wpcf7_posted_data_hash\" value=\"\" \/><input type=\"hidden\" name=\"_wpcf7_recaptcha_response\" value=\"\" \/>\n<\/fieldset>\n<p class=\"one-half first\">Name* <span class=\"wpcf7-form-control-wrap\" data-name=\"naam\"><input size=\"40\" maxlength=\"400\" class=\"wpcf7-form-control wpcf7-text wpcf7-validates-as-required\" aria-required=\"true\" aria-invalid=\"false\" value=\"\" type=\"text\" name=\"naam\" \/><\/span>\n<\/p>\n<p class=\"one-half\">Email*<span class=\"wpcf7-form-control-wrap\" data-name=\"e-mail\"><input size=\"40\" maxlength=\"400\" class=\"wpcf7-form-control wpcf7-email wpcf7-validates-as-required wpcf7-text wpcf7-validates-as-email\" aria-required=\"true\" aria-invalid=\"false\" value=\"\" type=\"email\" name=\"e-mail\" \/><\/span>\n<\/p>\n<p class=\"one-half first\">Telefonnummer* <span class=\"wpcf7-form-control-wrap\" data-name=\"telefoon\"><input size=\"40\" maxlength=\"400\" class=\"wpcf7-form-control wpcf7-tel wpcf7-validates-as-required wpcf7-text wpcf7-validates-as-tel\" aria-required=\"true\" aria-invalid=\"false\" value=\"\" type=\"tel\" name=\"telefoon\" \/><\/span>\n<\/p>\n<p class=\"one-half\">\n<\/p>\n<p><br \/>\n<label><br \/>\nNachricht<br \/>\n<span class=\"wpcf7-form-control-wrap\" data-name=\"toelichting\"><textarea cols=\"40\" rows=\"10\" maxlength=\"2000\" class=\"wpcf7-form-control wpcf7-textarea\" aria-invalid=\"false\" name=\"toelichting\"><\/textarea><\/span><\/label>\n<\/p>\n<p><input class=\"wpcf7-form-control wpcf7-submit has-spinner\" type=\"submit\" value=\"Verzenden\" \/>\n<\/p><div class=\"wpcf7-response-output\" aria-hidden=\"true\"><\/div>\n<\/form>\n<\/div>\n[\/vc_column][\/vc_row]\n<\/div>","protected":false},"excerpt":{"rendered":"<p>[vc_row full_width=&#8220;stretch_row_content_no_spaces&#8220; parallax=&#8220;content-moving&#8220; parallax_image=&#8220;4562&#8243; parallax_speed_bg=&#8220;2&#8243; css=&#8220;.vc_custom_1680271709477{background-position: center;background-repeat: no-repeat !important;background-size: cover !important;}&#8220;][vc_column][vc_empty_space height=&#8220;500&#8243;][\/vc_column][\/vc_row][vc_row full_width=&#8220;stretch_row_content_no_spaces&#8220; css=&#8220;.vc_custom_1652772134836{background-position: center !important;background-repeat: no-repeat !important;background-size: cover !important;}&#8220;][vc_column][\/vc_column][\/vc_row][vc_row content_placement=&#8220;middle&#8220; gap=&#8220;35&#8243; equal_height=&#8220;yes&#8220; columns_right=&#8220;yes&#8220;][vc_column width=&#8220;1\/2&#8243; css=&#8220;.vc_custom_1680270905404{background-position: center !important;background-repeat: no-repeat !important;background-size: cover !important;}&#8220;][\/vc_column][vc_column width=&#8220;1\/2&#8243; css=&#8220;.vc_custom_1646920584543{background-position: center !important;background-repeat: no-repeat !important;background-size: cover !important;}&#8220;][vc_column_text] Der Flakon [\/vc_column_text][vc_column_text] TSK-Niederlande [\/vc_column_text][vc_empty_space][vc_column_text]Wie man so sch\u00f6n sagt: Die Waffe schie\u00dft, aber der Kolben&hellip;<\/p>\n","protected":false},"author":5,"featured_media":0,"parent":0,"menu_order":0,"comment_status":"closed","ping_status":"closed","template":"","meta":{"inline_featured_image":false,"footnotes":""},"class_list":["post-4524","page","type-page","status-publish","hentry","entry","no-media"],"yoast_head":"<!-- This site is optimized with the Yoast SEO plugin v27.3 - https:\/\/yoast.com\/product\/yoast-seo-wordpress\/ -->\n<title>TSK-Niederlande - Jacht en Schietsport Aalten<\/title>\n<meta name=\"robots\" content=\"index, follow, max-snippet:-1, max-image-preview:large, max-video-preview:-1\" \/>\n<link rel=\"canonical\" href=\"https:\/\/jachtenschietsportaalten.nl\/de\/tsk-niederlande\/\" \/>\n<meta property=\"og:locale\" content=\"de_DE\" \/>\n<meta property=\"og:type\" content=\"article\" \/>\n<meta property=\"og:title\" content=\"TSK-Niederlande - Jacht en Schietsport Aalten\" \/>\n<meta property=\"og:description\" content=\"[vc_row full_width=&#8220;stretch_row_content_no_spaces&#8220; parallax=&#8220;content-moving&#8220; parallax_image=&#8220;4562&#8243; parallax_speed_bg=&#8220;2&#8243; css=&#8220;.vc_custom_1680271709477{background-position: center;background-repeat: no-repeat !important;background-size: cover !important;}&#8220;][vc_column][vc_empty_space height=&#8220;500&#8243;][\/vc_column][\/vc_row][vc_row full_width=&#8220;stretch_row_content_no_spaces&#8220; css=&#8220;.vc_custom_1652772134836{background-position: center !important;background-repeat: no-repeat !important;background-size: cover !important;}&#8220;][vc_column][\/vc_column][\/vc_row][vc_row content_placement=&#8220;middle&#8220; gap=&#8220;35&#8243; equal_height=&#8220;yes&#8220; columns_right=&#8220;yes&#8220;][vc_column width=&#8220;1\/2&#8243; css=&#8220;.vc_custom_1680270905404{background-position: center !important;background-repeat: no-repeat !important;background-size: cover !important;}&#8220;][\/vc_column][vc_column width=&#8220;1\/2&#8243; css=&#8220;.vc_custom_1646920584543{background-position: center !important;background-repeat: no-repeat !important;background-size: cover !important;}&#8220;][vc_column_text] Der Flakon [\/vc_column_text][vc_column_text] TSK-Niederlande [\/vc_column_text][vc_empty_space][vc_column_text]Wie man so sch\u00f6n sagt: Die Waffe schie\u00dft, aber der Kolben&hellip;\" \/>\n<meta property=\"og:url\" content=\"https:\/\/jachtenschietsportaalten.nl\/de\/tsk-niederlande\/\" \/>\n<meta property=\"og:site_name\" content=\"Jacht en Schietsport Aalten\" \/>\n<meta property=\"article:modified_time\" content=\"2023-06-09T12:12:30+00:00\" \/>\n<meta name=\"twitter:card\" content=\"summary_large_image\" \/>\n<meta name=\"twitter:label1\" content=\"Gesch\u00e4tzte Lesezeit\" \/>\n\t<meta name=\"twitter:data1\" content=\"3\u00a0Minuten\" \/>\n<script type=\"application\/ld+json\" class=\"yoast-schema-graph\">{\"@context\":\"https:\\\/\\\/schema.org\",\"@graph\":[{\"@type\":\"WebPage\",\"@id\":\"https:\\\/\\\/jachtenschietsportaalten.nl\\\/de\\\/tsk-niederlande\\\/\",\"url\":\"https:\\\/\\\/jachtenschietsportaalten.nl\\\/de\\\/tsk-niederlande\\\/\",\"name\":\"TSK-Niederlande - Jacht en Schietsport Aalten\",\"isPartOf\":{\"@id\":\"https:\\\/\\\/jachtenschietsportaalten.nl\\\/#website\"},\"datePublished\":\"2023-06-06T07:08:57+00:00\",\"dateModified\":\"2023-06-09T12:12:30+00:00\",\"breadcrumb\":{\"@id\":\"https:\\\/\\\/jachtenschietsportaalten.nl\\\/de\\\/tsk-niederlande\\\/#breadcrumb\"},\"inLanguage\":\"de\",\"potentialAction\":[{\"@type\":\"ReadAction\",\"target\":[\"https:\\\/\\\/jachtenschietsportaalten.nl\\\/de\\\/tsk-niederlande\\\/\"]}]},{\"@type\":\"BreadcrumbList\",\"@id\":\"https:\\\/\\\/jachtenschietsportaalten.nl\\\/de\\\/tsk-niederlande\\\/#breadcrumb\",\"itemListElement\":[{\"@type\":\"ListItem\",\"position\":1,\"name\":\"Home\",\"item\":\"https:\\\/\\\/jachtenschietsportaalten.nl\\\/de\\\/startseite\\\/\"},{\"@type\":\"ListItem\",\"position\":2,\"name\":\"TSK-Niederlande\"}]},{\"@type\":\"WebSite\",\"@id\":\"https:\\\/\\\/jachtenschietsportaalten.nl\\\/#website\",\"url\":\"https:\\\/\\\/jachtenschietsportaalten.nl\\\/\",\"name\":\"Jacht en Schietsport Aalten\",\"description\":\"Webshop\",\"publisher\":{\"@id\":\"https:\\\/\\\/jachtenschietsportaalten.nl\\\/#organization\"},\"potentialAction\":[{\"@type\":\"SearchAction\",\"target\":{\"@type\":\"EntryPoint\",\"urlTemplate\":\"https:\\\/\\\/jachtenschietsportaalten.nl\\\/?s={search_term_string}\"},\"query-input\":{\"@type\":\"PropertyValueSpecification\",\"valueRequired\":true,\"valueName\":\"search_term_string\"}}],\"inLanguage\":\"de\"},{\"@type\":\"Organization\",\"@id\":\"https:\\\/\\\/jachtenschietsportaalten.nl\\\/#organization\",\"name\":\"Jacht en Schietsport Aalten\",\"url\":\"https:\\\/\\\/jachtenschietsportaalten.nl\\\/\",\"logo\":{\"@type\":\"ImageObject\",\"inLanguage\":\"de\",\"@id\":\"https:\\\/\\\/jachtenschietsportaalten.nl\\\/#\\\/schema\\\/logo\\\/image\\\/\",\"url\":\"https:\\\/\\\/jachtenschietsportaalten.nl\\\/wp-content\\\/uploads\\\/2022\\\/08\\\/Voskuil_Logo_CMYK-Liggend_02.png\",\"contentUrl\":\"https:\\\/\\\/jachtenschietsportaalten.nl\\\/wp-content\\\/uploads\\\/2022\\\/08\\\/Voskuil_Logo_CMYK-Liggend_02.png\",\"width\":2212,\"height\":679,\"caption\":\"Jacht en Schietsport Aalten\"},\"image\":{\"@id\":\"https:\\\/\\\/jachtenschietsportaalten.nl\\\/#\\\/schema\\\/logo\\\/image\\\/\"}}]}<\/script>\n<!-- \/ Yoast SEO plugin. -->","yoast_head_json":{"title":"TSK-Niederlande - Jacht en Schietsport Aalten","robots":{"index":"index","follow":"follow","max-snippet":"max-snippet:-1","max-image-preview":"max-image-preview:large","max-video-preview":"max-video-preview:-1"},"canonical":"https:\/\/jachtenschietsportaalten.nl\/de\/tsk-niederlande\/","og_locale":"de_DE","og_type":"article","og_title":"TSK-Niederlande - Jacht en Schietsport Aalten","og_description":"[vc_row full_width=&#8220;stretch_row_content_no_spaces&#8220; parallax=&#8220;content-moving&#8220; parallax_image=&#8220;4562&#8243; parallax_speed_bg=&#8220;2&#8243; css=&#8220;.vc_custom_1680271709477{background-position: center;background-repeat: no-repeat !important;background-size: cover !important;}&#8220;][vc_column][vc_empty_space height=&#8220;500&#8243;][\/vc_column][\/vc_row][vc_row full_width=&#8220;stretch_row_content_no_spaces&#8220; css=&#8220;.vc_custom_1652772134836{background-position: center !important;background-repeat: no-repeat !important;background-size: cover !important;}&#8220;][vc_column][\/vc_column][\/vc_row][vc_row content_placement=&#8220;middle&#8220; gap=&#8220;35&#8243; equal_height=&#8220;yes&#8220; columns_right=&#8220;yes&#8220;][vc_column width=&#8220;1\/2&#8243; css=&#8220;.vc_custom_1680270905404{background-position: center !important;background-repeat: no-repeat !important;background-size: cover !important;}&#8220;][\/vc_column][vc_column width=&#8220;1\/2&#8243; css=&#8220;.vc_custom_1646920584543{background-position: center !important;background-repeat: no-repeat !important;background-size: cover !important;}&#8220;][vc_column_text] Der Flakon [\/vc_column_text][vc_column_text] TSK-Niederlande [\/vc_column_text][vc_empty_space][vc_column_text]Wie man so sch\u00f6n sagt: Die Waffe schie\u00dft, aber der Kolben&hellip;","og_url":"https:\/\/jachtenschietsportaalten.nl\/de\/tsk-niederlande\/","og_site_name":"Jacht en Schietsport Aalten","article_modified_time":"2023-06-09T12:12:30+00:00","twitter_card":"summary_large_image","twitter_misc":{"Gesch\u00e4tzte Lesezeit":"3\u00a0Minuten"},"schema":{"@context":"https:\/\/schema.org","@graph":[{"@type":"WebPage","@id":"https:\/\/jachtenschietsportaalten.nl\/de\/tsk-niederlande\/","url":"https:\/\/jachtenschietsportaalten.nl\/de\/tsk-niederlande\/","name":"TSK-Niederlande - Jacht en Schietsport Aalten","isPartOf":{"@id":"https:\/\/jachtenschietsportaalten.nl\/#website"},"datePublished":"2023-06-06T07:08:57+00:00","dateModified":"2023-06-09T12:12:30+00:00","breadcrumb":{"@id":"https:\/\/jachtenschietsportaalten.nl\/de\/tsk-niederlande\/#breadcrumb"},"inLanguage":"de","potentialAction":[{"@type":"ReadAction","target":["https:\/\/jachtenschietsportaalten.nl\/de\/tsk-niederlande\/"]}]},{"@type":"BreadcrumbList","@id":"https:\/\/jachtenschietsportaalten.nl\/de\/tsk-niederlande\/#breadcrumb","itemListElement":[{"@type":"ListItem","position":1,"name":"Home","item":"https:\/\/jachtenschietsportaalten.nl\/de\/startseite\/"},{"@type":"ListItem","position":2,"name":"TSK-Niederlande"}]},{"@type":"WebSite","@id":"https:\/\/jachtenschietsportaalten.nl\/#website","url":"https:\/\/jachtenschietsportaalten.nl\/","name":"Jacht en Schietsport Aalten","description":"Webshop","publisher":{"@id":"https:\/\/jachtenschietsportaalten.nl\/#organization"},"potentialAction":[{"@type":"SearchAction","target":{"@type":"EntryPoint","urlTemplate":"https:\/\/jachtenschietsportaalten.nl\/?s={search_term_string}"},"query-input":{"@type":"PropertyValueSpecification","valueRequired":true,"valueName":"search_term_string"}}],"inLanguage":"de"},{"@type":"Organization","@id":"https:\/\/jachtenschietsportaalten.nl\/#organization","name":"Jacht en Schietsport Aalten","url":"https:\/\/jachtenschietsportaalten.nl\/","logo":{"@type":"ImageObject","inLanguage":"de","@id":"https:\/\/jachtenschietsportaalten.nl\/#\/schema\/logo\/image\/","url":"https:\/\/jachtenschietsportaalten.nl\/wp-content\/uploads\/2022\/08\/Voskuil_Logo_CMYK-Liggend_02.png","contentUrl":"https:\/\/jachtenschietsportaalten.nl\/wp-content\/uploads\/2022\/08\/Voskuil_Logo_CMYK-Liggend_02.png","width":2212,"height":679,"caption":"Jacht en Schietsport Aalten"},"image":{"@id":"https:\/\/jachtenschietsportaalten.nl\/#\/schema\/logo\/image\/"}}]}},"_links":{"self":[{"href":"https:\/\/jachtenschietsportaalten.nl\/de\/wp-json\/wp\/v2\/pages\/4524","targetHints":{"allow":["GET"]}}],"collection":[{"href":"https:\/\/jachtenschietsportaalten.nl\/de\/wp-json\/wp\/v2\/pages"}],"about":[{"href":"https:\/\/jachtenschietsportaalten.nl\/de\/wp-json\/wp\/v2\/types\/page"}],"author":[{"embeddable":true,"href":"https:\/\/jachtenschietsportaalten.nl\/de\/wp-json\/wp\/v2\/users\/5"}],"replies":[{"embeddable":true,"href":"https:\/\/jachtenschietsportaalten.nl\/de\/wp-json\/wp\/v2\/comments?post=4524"}],"version-history":[{"count":6,"href":"https:\/\/jachtenschietsportaalten.nl\/de\/wp-json\/wp\/v2\/pages\/4524\/revisions"}],"predecessor-version":[{"id":5350,"href":"https:\/\/jachtenschietsportaalten.nl\/de\/wp-json\/wp\/v2\/pages\/4524\/revisions\/5350"}],"wp:attachment":[{"href":"https:\/\/jachtenschietsportaalten.nl\/de\/wp-json\/wp\/v2\/media?parent=4524"}],"curies":[{"name":"wp","href":"https:\/\/api.w.org\/{rel}","templated":true}]}}