{"id":5225,"date":"2023-06-09T09:27:58","date_gmt":"2023-06-09T07:27:58","guid":{"rendered":"https:\/\/jachtenschietsportaalten.nl\/?page_id=5225"},"modified":"2023-06-09T14:13:26","modified_gmt":"2023-06-09T12:13:26","slug":"blaser","status":"publish","type":"page","link":"https:\/\/jachtenschietsportaalten.nl\/de\/blaser\/","title":{"rendered":"Blaser"},"content":{"rendered":"<div class=\"wpb-content-wrapper\">[vc_row full_width=&#8220;stretch_row_content_no_spaces&#8220; parallax=&#8220;content-moving&#8220; parallax_image=&#8220;5241&#8243; parallax_speed_bg=&#8220;2&#8243; css=&#8220;.vc_custom_1686296271127{background-position: center;background-repeat: no-repeat !important;background-size: cover !important;}&#8220;][vc_column][vc_empty_space height=&#8220;500&#8243;][\/vc_column][\/vc_row][vc_row full_width=&#8220;stretch_row_content_no_spaces&#8220; css=&#8220;.vc_custom_1652772134836{background-position: center !important;background-repeat: no-repeat !important;background-size: cover !important;}&#8220;][vc_column][\/vc_column][\/vc_row][vc_row content_placement=&#8220;middle&#8220; gap=&#8220;35&#8243; equal_height=&#8220;yes&#8220;][vc_column width=&#8220;1\/2&#8243; css=&#8220;.vc_custom_1680270905404{background-position: center !important;background-repeat: no-repeat !important;background-size: cover !important;}&#8220;]<figure class=\"vcex-image vcex-module\"><div class=\"vcex-image-inner wpex-relative wpex-inline-block\"><img width=\"500\" height=\"200\" src=\"https:\/\/jachtenschietsportaalten.nl\/wp-content\/uploads\/2022\/10\/logos-wapens-01.png\" class=\"vcex-image-img wpex-align-middle\" alt=\"\" loading=\"lazy\" decoding=\"async\" srcset=\"https:\/\/jachtenschietsportaalten.nl\/wp-content\/uploads\/2022\/10\/logos-wapens-01.png 500w, https:\/\/jachtenschietsportaalten.nl\/wp-content\/uploads\/2022\/10\/logos-wapens-01-300x120.png 300w\" sizes=\"auto, (max-width: 500px) 100vw, 500px\" \/><\/div><\/figure>[\/vc_column][vc_column width=&#8220;1\/2&#8243; css=&#8220;.vc_custom_1646920584543{background-position: center !important;background-repeat: no-repeat !important;background-size: cover !important;}&#8220;][vc_column_text]\n<h4>Geschoss- und Pelletpistolen<\/h4>\n[\/vc_column_text][vc_column_text]\n<h2>Blaser<\/h2>\n[\/vc_column_text][vc_empty_space][vc_column_text]Blaser ist eine deutsche Marke, die vor allem f\u00fcr ihre Pelletpistolen bekannt ist. Aber sie bauen auch fantastische Pelletpistolen: die F3 und die F16. Das hohe Niveau der deutschen Qualit\u00e4t und die technischen Spezifikationen machen sie zu einem gro\u00dfartigen Werkzeug f\u00fcr das Schie\u00dfen. Man kann das Gewehr auch ganz nach den eigenen W\u00fcnschen zusammenstellen, wie z.B. Laufl\u00e4nge, Verschlussh\u00f6he (Zielvorrichtungen), Vorderholzform, Holzabstufung, Balancesystem und so weiter. Aus eigener Erfahrung k\u00f6nnen wir sagen, dass Blaser Flinten Top-Waffen f\u00fcr Sch\u00fctzen sind, die gerne abseits ausgetretener Pfade unterwegs sind.[\/vc_column_text][\/vc_column][\/vc_row][vc_row full_width=&#8220;stretch_row_content_no_spaces&#8220; css=&#8220;.vc_custom_1652772134836{background-position: center !important;background-repeat: no-repeat !important;background-size: cover !important;}&#8220;][vc_column][\/vc_column][\/vc_row][vc_row css=&#8220;.vc_custom_1686290776061{background-position: center !important;background-repeat: no-repeat !important;background-size: cover !important;}&#8220;][vc_column][vc_column_text]\n<h4>Blaser<\/h4>\n[\/vc_column_text][vc_column_text]\n<h2>Unsere Produktpalette<\/h2>\n[\/vc_column_text][vc_empty_space]<div class=\"woocommerce columns-4 \">\n\t<ul class=\"products wpex-grid wpex-grid-cols-4 wpex-tp-grid-cols-2 wpex-pp-grid-cols-1 wpex-gap-20 wpex-clear\">\n\n<li class=\"entry has-media product type-product post-2980 status-publish first outofstock product_cat-geen-categorie has-post-thumbnail shipping-taxable purchasable product-type-simple\">\n\t<div class=\"product-inner wpex-flex wpex-flex-col wpex-flex-grow wpex-relative textleft\"><div class=\"outofstock-badge\">Verkauft<\/div><div class=\"wpex-loop-product-images wpex-overflow-hidden wpex-relative\"><a href=\"https:\/\/jachtenschietsportaalten.nl\/de\/produkt\/blaser-2\/\" class=\"woocommerce-LoopProduct-link woocommerce-loop-product__link\">\n\t<div class=\"woo-entry-image-swap wpex-clr\"><img loading=\"lazy\" class=\"woo-entry-image-main wp-post-image\" alt=\"Blaser\" decoding=\"async\" src=\"https:\/\/jachtenschietsportaalten.nl\/wp-content\/uploads\/2022\/08\/20220524WH-031-1-2000x1500.jpg\" srcset=\"https:\/\/jachtenschietsportaalten.nl\/wp-content\/uploads\/2022\/08\/20220524WH-031-1-2000x1500.jpg 2000w, https:\/\/jachtenschietsportaalten.nl\/wp-content\/uploads\/2022\/08\/20220524WH-031-1-800x600.jpg 800w\" width=\"2000\" height=\"1500\"><img loading=\"lazy\" class=\"woo-entry-image-secondary\" decoding=\"async\" src=\"https:\/\/jachtenschietsportaalten.nl\/wp-content\/uploads\/2022\/08\/20220524WH-032-1-2000x1500.jpg\" alt=\"\" srcset=\"https:\/\/jachtenschietsportaalten.nl\/wp-content\/uploads\/2022\/08\/20220524WH-032-1-2000x1500.jpg 2000w, https:\/\/jachtenschietsportaalten.nl\/wp-content\/uploads\/2022\/08\/20220524WH-032-1-800x600.jpg 800w\" width=\"2000\" height=\"1500\"><\/div>\n\n<\/a>\t\t<div class=\"wpex-loop-product-add-to-cart wpex-absolute wpex-bottom-0 wpex-left-0 wpex-right-0 wpex-text-center wpex-transition-all wpex-duration-250 wpex-z-2 wpex-translate-y-100 wpex-invisible\"><a href=\"https:\/\/jachtenschietsportaalten.nl\/de\/produkt\/blaser-2\/\" aria-describedby=\"woocommerce_loop_add_to_cart_link_describedby_2980\" data-quantity=\"1\" class=\"button product_type_simple\" data-product_id=\"2980\" data-product_sku=\"\" aria-label=\"Lese mehr \u00fcber &#8222;Blaser&#8220;\" rel=\"nofollow\" data-success_message=\"\">Weiterlesen<\/a>\t<span id=\"woocommerce_loop_add_to_cart_link_describedby_2980\" class=\"screen-reader-text\">\n\t\t\t<\/span>\n<\/div>\n\t<\/div><div class=\"product-details wpex-pt-15\"><a href=\"https:\/\/jachtenschietsportaalten.nl\/de\/produkt\/blaser-2\/\"><h2 class=\"woocommerce-loop-product__title\">Blaser<\/h2><\/a>\n\t<span class=\"price\"><span class=\"woocommerce-Price-amount amount\"><bdi><span class=\"woocommerce-Price-currencySymbol\">&euro;<\/span>&nbsp;1.970,00<\/bdi><\/span><\/span>\n<\/div><\/div><\/li>\n<li class=\"entry has-media product type-product post-2971 status-publish outofstock product_cat-geen-categorie has-post-thumbnail shipping-taxable purchasable product-type-simple\">\n\t<div class=\"product-inner wpex-flex wpex-flex-col wpex-flex-grow wpex-relative textleft\"><div class=\"outofstock-badge\">Verkauft<\/div><div class=\"wpex-loop-product-images wpex-overflow-hidden wpex-relative\"><a href=\"https:\/\/jachtenschietsportaalten.nl\/de\/produkt\/blaser\/\" class=\"woocommerce-LoopProduct-link woocommerce-loop-product__link\">\n\t<img loading=\"lazy\" class=\"woo-entry-image-main wp-post-image\" alt=\"Blaser D99\" decoding=\"async\" src=\"https:\/\/jachtenschietsportaalten.nl\/wp-content\/uploads\/2022\/08\/20220524WH-028-1-2000x1500.jpg\" srcset=\"https:\/\/jachtenschietsportaalten.nl\/wp-content\/uploads\/2022\/08\/20220524WH-028-1-2000x1500.jpg 2000w, https:\/\/jachtenschietsportaalten.nl\/wp-content\/uploads\/2022\/08\/20220524WH-028-1-800x600.jpg 800w\" width=\"2000\" height=\"1500\">\n<\/a>\t\t<div class=\"wpex-loop-product-add-to-cart wpex-absolute wpex-bottom-0 wpex-left-0 wpex-right-0 wpex-text-center wpex-transition-all wpex-duration-250 wpex-z-2 wpex-translate-y-100 wpex-invisible\"><a href=\"https:\/\/jachtenschietsportaalten.nl\/de\/produkt\/blaser\/\" aria-describedby=\"woocommerce_loop_add_to_cart_link_describedby_2971\" data-quantity=\"1\" class=\"button product_type_simple\" data-product_id=\"2971\" data-product_sku=\"\" aria-label=\"Lese mehr \u00fcber &#8222;Blaser D99&#8220;\" rel=\"nofollow\" data-success_message=\"\">Weiterlesen<\/a>\t<span id=\"woocommerce_loop_add_to_cart_link_describedby_2971\" class=\"screen-reader-text\">\n\t\t\t<\/span>\n<\/div>\n\t<\/div><div class=\"product-details wpex-pt-15\"><a href=\"https:\/\/jachtenschietsportaalten.nl\/de\/produkt\/blaser\/\"><h2 class=\"woocommerce-loop-product__title\">Blaser D99<\/h2><\/a>\n\t<span class=\"price\"><span class=\"woocommerce-Price-amount amount\"><bdi><span class=\"woocommerce-Price-currencySymbol\">&euro;<\/span>&nbsp;4.685,00<\/bdi><\/span><\/span>\n<\/div><\/div><\/li>\n<\/ul>\n<\/div>[\/vc_column][\/vc_row]\n<\/div>","protected":false},"excerpt":{"rendered":"<p>[vc_row full_width=&#8220;stretch_row_content_no_spaces&#8220; parallax=&#8220;content-moving&#8220; parallax_image=&#8220;5241&#8243; parallax_speed_bg=&#8220;2&#8243; css=&#8220;.vc_custom_1686296271127{background-position: center;background-repeat: no-repeat !important;background-size: cover !important;}&#8220;][vc_column][vc_empty_space height=&#8220;500&#8243;][\/vc_column][\/vc_row][vc_row full_width=&#8220;stretch_row_content_no_spaces&#8220; css=&#8220;.vc_custom_1652772134836{background-position: center !important;background-repeat: no-repeat !important;background-size: cover !important;}&#8220;][vc_column][\/vc_column][\/vc_row][vc_row content_placement=&#8220;middle&#8220; gap=&#8220;35&#8243; equal_height=&#8220;yes&#8220;][vc_column width=&#8220;1\/2&#8243; css=&#8220;.vc_custom_1680270905404{background-position: center !important;background-repeat: no-repeat !important;background-size: cover !important;}&#8220;][\/vc_column][vc_column width=&#8220;1\/2&#8243; css=&#8220;.vc_custom_1646920584543{background-position: center !important;background-repeat: no-repeat !important;background-size: cover !important;}&#8220;][vc_column_text] Geschoss- und Pelletpistolen [\/vc_column_text][vc_column_text] Blaser [\/vc_column_text][vc_empty_space][vc_column_text]Blaser ist eine deutsche Marke, die vor allem f\u00fcr ihre Pelletpistolen&hellip;<\/p>\n","protected":false},"author":5,"featured_media":0,"parent":0,"menu_order":0,"comment_status":"closed","ping_status":"closed","template":"","meta":{"inline_featured_image":false,"footnotes":""},"class_list":["post-5225","page","type-page","status-publish","hentry","entry","no-media"],"yoast_head":"<!-- This site is optimized with the Yoast SEO plugin v27.3 - https:\/\/yoast.com\/product\/yoast-seo-wordpress\/ -->\n<title>Blaser - Jacht en Schietsport Aalten<\/title>\n<meta name=\"robots\" content=\"index, follow, max-snippet:-1, max-image-preview:large, max-video-preview:-1\" \/>\n<link rel=\"canonical\" href=\"https:\/\/jachtenschietsportaalten.nl\/de\/blaser\/\" \/>\n<meta property=\"og:locale\" content=\"de_DE\" \/>\n<meta property=\"og:type\" content=\"article\" \/>\n<meta property=\"og:title\" content=\"Blaser - Jacht en Schietsport Aalten\" \/>\n<meta property=\"og:description\" content=\"[vc_row full_width=&#8220;stretch_row_content_no_spaces&#8220; parallax=&#8220;content-moving&#8220; parallax_image=&#8220;5241&#8243; parallax_speed_bg=&#8220;2&#8243; css=&#8220;.vc_custom_1686296271127{background-position: center;background-repeat: no-repeat !important;background-size: cover !important;}&#8220;][vc_column][vc_empty_space height=&#8220;500&#8243;][\/vc_column][\/vc_row][vc_row full_width=&#8220;stretch_row_content_no_spaces&#8220; css=&#8220;.vc_custom_1652772134836{background-position: center !important;background-repeat: no-repeat !important;background-size: cover !important;}&#8220;][vc_column][\/vc_column][\/vc_row][vc_row content_placement=&#8220;middle&#8220; gap=&#8220;35&#8243; equal_height=&#8220;yes&#8220;][vc_column width=&#8220;1\/2&#8243; css=&#8220;.vc_custom_1680270905404{background-position: center !important;background-repeat: no-repeat !important;background-size: cover !important;}&#8220;][\/vc_column][vc_column width=&#8220;1\/2&#8243; css=&#8220;.vc_custom_1646920584543{background-position: center !important;background-repeat: no-repeat !important;background-size: cover !important;}&#8220;][vc_column_text] Geschoss- und Pelletpistolen [\/vc_column_text][vc_column_text] Blaser [\/vc_column_text][vc_empty_space][vc_column_text]Blaser ist eine deutsche Marke, die vor allem f\u00fcr ihre Pelletpistolen&hellip;\" \/>\n<meta property=\"og:url\" content=\"https:\/\/jachtenschietsportaalten.nl\/de\/blaser\/\" \/>\n<meta property=\"og:site_name\" content=\"Jacht en Schietsport Aalten\" \/>\n<meta property=\"article:modified_time\" content=\"2023-06-09T12:13:26+00:00\" \/>\n<meta name=\"twitter:card\" content=\"summary_large_image\" \/>\n<meta name=\"twitter:label1\" content=\"Gesch\u00e4tzte Lesezeit\" \/>\n\t<meta name=\"twitter:data1\" content=\"2\u00a0Minuten\" \/>\n<script type=\"application\/ld+json\" class=\"yoast-schema-graph\">{\"@context\":\"https:\\\/\\\/schema.org\",\"@graph\":[{\"@type\":\"WebPage\",\"@id\":\"https:\\\/\\\/jachtenschietsportaalten.nl\\\/de\\\/blaser\\\/\",\"url\":\"https:\\\/\\\/jachtenschietsportaalten.nl\\\/de\\\/blaser\\\/\",\"name\":\"Blaser - Jacht en Schietsport Aalten\",\"isPartOf\":{\"@id\":\"https:\\\/\\\/jachtenschietsportaalten.nl\\\/#website\"},\"datePublished\":\"2023-06-09T07:27:58+00:00\",\"dateModified\":\"2023-06-09T12:13:26+00:00\",\"breadcrumb\":{\"@id\":\"https:\\\/\\\/jachtenschietsportaalten.nl\\\/de\\\/blaser\\\/#breadcrumb\"},\"inLanguage\":\"de\",\"potentialAction\":[{\"@type\":\"ReadAction\",\"target\":[\"https:\\\/\\\/jachtenschietsportaalten.nl\\\/de\\\/blaser\\\/\"]}]},{\"@type\":\"BreadcrumbList\",\"@id\":\"https:\\\/\\\/jachtenschietsportaalten.nl\\\/de\\\/blaser\\\/#breadcrumb\",\"itemListElement\":[{\"@type\":\"ListItem\",\"position\":1,\"name\":\"Home\",\"item\":\"https:\\\/\\\/jachtenschietsportaalten.nl\\\/de\\\/startseite\\\/\"},{\"@type\":\"ListItem\",\"position\":2,\"name\":\"Blaser\"}]},{\"@type\":\"WebSite\",\"@id\":\"https:\\\/\\\/jachtenschietsportaalten.nl\\\/#website\",\"url\":\"https:\\\/\\\/jachtenschietsportaalten.nl\\\/\",\"name\":\"Jacht en Schietsport Aalten\",\"description\":\"Webshop\",\"publisher\":{\"@id\":\"https:\\\/\\\/jachtenschietsportaalten.nl\\\/#organization\"},\"potentialAction\":[{\"@type\":\"SearchAction\",\"target\":{\"@type\":\"EntryPoint\",\"urlTemplate\":\"https:\\\/\\\/jachtenschietsportaalten.nl\\\/?s={search_term_string}\"},\"query-input\":{\"@type\":\"PropertyValueSpecification\",\"valueRequired\":true,\"valueName\":\"search_term_string\"}}],\"inLanguage\":\"de\"},{\"@type\":\"Organization\",\"@id\":\"https:\\\/\\\/jachtenschietsportaalten.nl\\\/#organization\",\"name\":\"Jacht en Schietsport Aalten\",\"url\":\"https:\\\/\\\/jachtenschietsportaalten.nl\\\/\",\"logo\":{\"@type\":\"ImageObject\",\"inLanguage\":\"de\",\"@id\":\"https:\\\/\\\/jachtenschietsportaalten.nl\\\/#\\\/schema\\\/logo\\\/image\\\/\",\"url\":\"https:\\\/\\\/jachtenschietsportaalten.nl\\\/wp-content\\\/uploads\\\/2022\\\/08\\\/Voskuil_Logo_CMYK-Liggend_02.png\",\"contentUrl\":\"https:\\\/\\\/jachtenschietsportaalten.nl\\\/wp-content\\\/uploads\\\/2022\\\/08\\\/Voskuil_Logo_CMYK-Liggend_02.png\",\"width\":2212,\"height\":679,\"caption\":\"Jacht en Schietsport Aalten\"},\"image\":{\"@id\":\"https:\\\/\\\/jachtenschietsportaalten.nl\\\/#\\\/schema\\\/logo\\\/image\\\/\"}}]}<\/script>\n<!-- \/ Yoast SEO plugin. -->","yoast_head_json":{"title":"Blaser - Jacht en Schietsport Aalten","robots":{"index":"index","follow":"follow","max-snippet":"max-snippet:-1","max-image-preview":"max-image-preview:large","max-video-preview":"max-video-preview:-1"},"canonical":"https:\/\/jachtenschietsportaalten.nl\/de\/blaser\/","og_locale":"de_DE","og_type":"article","og_title":"Blaser - Jacht en Schietsport Aalten","og_description":"[vc_row full_width=&#8220;stretch_row_content_no_spaces&#8220; parallax=&#8220;content-moving&#8220; parallax_image=&#8220;5241&#8243; parallax_speed_bg=&#8220;2&#8243; css=&#8220;.vc_custom_1686296271127{background-position: center;background-repeat: no-repeat !important;background-size: cover !important;}&#8220;][vc_column][vc_empty_space height=&#8220;500&#8243;][\/vc_column][\/vc_row][vc_row full_width=&#8220;stretch_row_content_no_spaces&#8220; css=&#8220;.vc_custom_1652772134836{background-position: center !important;background-repeat: no-repeat !important;background-size: cover !important;}&#8220;][vc_column][\/vc_column][\/vc_row][vc_row content_placement=&#8220;middle&#8220; gap=&#8220;35&#8243; equal_height=&#8220;yes&#8220;][vc_column width=&#8220;1\/2&#8243; css=&#8220;.vc_custom_1680270905404{background-position: center !important;background-repeat: no-repeat !important;background-size: cover !important;}&#8220;][\/vc_column][vc_column width=&#8220;1\/2&#8243; css=&#8220;.vc_custom_1646920584543{background-position: center !important;background-repeat: no-repeat !important;background-size: cover !important;}&#8220;][vc_column_text] Geschoss- und Pelletpistolen [\/vc_column_text][vc_column_text] Blaser [\/vc_column_text][vc_empty_space][vc_column_text]Blaser ist eine deutsche Marke, die vor allem f\u00fcr ihre Pelletpistolen&hellip;","og_url":"https:\/\/jachtenschietsportaalten.nl\/de\/blaser\/","og_site_name":"Jacht en Schietsport Aalten","article_modified_time":"2023-06-09T12:13:26+00:00","twitter_card":"summary_large_image","twitter_misc":{"Gesch\u00e4tzte Lesezeit":"2\u00a0Minuten"},"schema":{"@context":"https:\/\/schema.org","@graph":[{"@type":"WebPage","@id":"https:\/\/jachtenschietsportaalten.nl\/de\/blaser\/","url":"https:\/\/jachtenschietsportaalten.nl\/de\/blaser\/","name":"Blaser - Jacht en Schietsport Aalten","isPartOf":{"@id":"https:\/\/jachtenschietsportaalten.nl\/#website"},"datePublished":"2023-06-09T07:27:58+00:00","dateModified":"2023-06-09T12:13:26+00:00","breadcrumb":{"@id":"https:\/\/jachtenschietsportaalten.nl\/de\/blaser\/#breadcrumb"},"inLanguage":"de","potentialAction":[{"@type":"ReadAction","target":["https:\/\/jachtenschietsportaalten.nl\/de\/blaser\/"]}]},{"@type":"BreadcrumbList","@id":"https:\/\/jachtenschietsportaalten.nl\/de\/blaser\/#breadcrumb","itemListElement":[{"@type":"ListItem","position":1,"name":"Home","item":"https:\/\/jachtenschietsportaalten.nl\/de\/startseite\/"},{"@type":"ListItem","position":2,"name":"Blaser"}]},{"@type":"WebSite","@id":"https:\/\/jachtenschietsportaalten.nl\/#website","url":"https:\/\/jachtenschietsportaalten.nl\/","name":"Jacht en Schietsport Aalten","description":"Webshop","publisher":{"@id":"https:\/\/jachtenschietsportaalten.nl\/#organization"},"potentialAction":[{"@type":"SearchAction","target":{"@type":"EntryPoint","urlTemplate":"https:\/\/jachtenschietsportaalten.nl\/?s={search_term_string}"},"query-input":{"@type":"PropertyValueSpecification","valueRequired":true,"valueName":"search_term_string"}}],"inLanguage":"de"},{"@type":"Organization","@id":"https:\/\/jachtenschietsportaalten.nl\/#organization","name":"Jacht en Schietsport Aalten","url":"https:\/\/jachtenschietsportaalten.nl\/","logo":{"@type":"ImageObject","inLanguage":"de","@id":"https:\/\/jachtenschietsportaalten.nl\/#\/schema\/logo\/image\/","url":"https:\/\/jachtenschietsportaalten.nl\/wp-content\/uploads\/2022\/08\/Voskuil_Logo_CMYK-Liggend_02.png","contentUrl":"https:\/\/jachtenschietsportaalten.nl\/wp-content\/uploads\/2022\/08\/Voskuil_Logo_CMYK-Liggend_02.png","width":2212,"height":679,"caption":"Jacht en Schietsport Aalten"},"image":{"@id":"https:\/\/jachtenschietsportaalten.nl\/#\/schema\/logo\/image\/"}}]}},"_links":{"self":[{"href":"https:\/\/jachtenschietsportaalten.nl\/de\/wp-json\/wp\/v2\/pages\/5225","targetHints":{"allow":["GET"]}}],"collection":[{"href":"https:\/\/jachtenschietsportaalten.nl\/de\/wp-json\/wp\/v2\/pages"}],"about":[{"href":"https:\/\/jachtenschietsportaalten.nl\/de\/wp-json\/wp\/v2\/types\/page"}],"author":[{"embeddable":true,"href":"https:\/\/jachtenschietsportaalten.nl\/de\/wp-json\/wp\/v2\/users\/5"}],"replies":[{"embeddable":true,"href":"https:\/\/jachtenschietsportaalten.nl\/de\/wp-json\/wp\/v2\/comments?post=5225"}],"version-history":[{"count":3,"href":"https:\/\/jachtenschietsportaalten.nl\/de\/wp-json\/wp\/v2\/pages\/5225\/revisions"}],"predecessor-version":[{"id":5369,"href":"https:\/\/jachtenschietsportaalten.nl\/de\/wp-json\/wp\/v2\/pages\/5225\/revisions\/5369"}],"wp:attachment":[{"href":"https:\/\/jachtenschietsportaalten.nl\/de\/wp-json\/wp\/v2\/media?parent=5225"}],"curies":[{"name":"wp","href":"https:\/\/api.w.org\/{rel}","templated":true}]}}