{"id":5256,"date":"2023-06-09T09:53:13","date_gmt":"2023-06-09T07:53:13","guid":{"rendered":"https:\/\/jachtenschietsportaalten.nl\/?page_id=5256"},"modified":"2023-06-09T14:12:57","modified_gmt":"2023-06-09T12:12:57","slug":"winchester","status":"publish","type":"page","link":"https:\/\/jachtenschietsportaalten.nl\/de\/winchester\/","title":{"rendered":"Winchester"},"content":{"rendered":"<div class=\"wpb-content-wrapper\">[vc_row full_width=&#8220;stretch_row_content_no_spaces&#8220; parallax=&#8220;content-moving&#8220; parallax_image=&#8220;5264&#8243; parallax_speed_bg=&#8220;2&#8243; css=&#8220;.vc_custom_1686297424231{background-position: center;background-repeat: no-repeat !important;background-size: cover !important;}&#8220;][vc_column][vc_empty_space height=&#8220;500&#8243;][\/vc_column][\/vc_row][vc_row full_width=&#8220;stretch_row_content_no_spaces&#8220; css=&#8220;.vc_custom_1652772134836{background-position: center !important;background-repeat: no-repeat !important;background-size: cover !important;}&#8220;][vc_column][\/vc_column][\/vc_row][vc_row content_placement=&#8220;middle&#8220; gap=&#8220;35&#8243; equal_height=&#8220;yes&#8220;][vc_column width=&#8220;1\/2&#8243; css=&#8220;.vc_custom_1680270905404{background-position: center !important;background-repeat: no-repeat !important;background-size: cover !important;}&#8220;]<figure class=\"vcex-image vcex-module\"><div class=\"vcex-image-inner wpex-relative wpex-inline-block\"><img width=\"500\" height=\"200\" src=\"https:\/\/jachtenschietsportaalten.nl\/wp-content\/uploads\/2022\/10\/logos-wapens-02.png\" class=\"vcex-image-img wpex-align-middle\" alt=\"\" loading=\"lazy\" decoding=\"async\" srcset=\"https:\/\/jachtenschietsportaalten.nl\/wp-content\/uploads\/2022\/10\/logos-wapens-02.png 500w, https:\/\/jachtenschietsportaalten.nl\/wp-content\/uploads\/2022\/10\/logos-wapens-02-300x120.png 300w\" sizes=\"auto, (max-width: 500px) 100vw, 500px\" \/><\/div><\/figure>[\/vc_column][vc_column width=&#8220;1\/2&#8243; css=&#8220;.vc_custom_1646920584543{background-position: center !important;background-repeat: no-repeat !important;background-size: cover !important;}&#8220;][vc_column_text]\n<h4>Hagelkanonen<\/h4>\n[\/vc_column_text][vc_column_text]\n<h2>Winchester<\/h2>\n[\/vc_column_text][vc_empty_space][vc_column_text]\n<div class=\"wpb_text_column wpb_content_element vc_custom_1659507288925\">\n<div class=\"wpb_wrapper\">\n<p>Die Winchester Schrotflinte Linie kommt auch von der Browning Familie. Der Name Winchester war schon immer ein Synonym f\u00fcr Qualit\u00e4t, und daran hat sich bis heute nichts ge\u00e4ndert. Optisch ist es meist etwas schw\u00e4cher als das Browning, aber das macht es preislich interessanter. Winchester Gewehre sind no-nonsense-Dienstprogramm Gewehre mit einem ausgezeichneten Preis \/ Qualit\u00e4ts-Verh\u00e4ltnis.<\/p>\n<\/div><\/div>\n[\/vc_column_text][\/vc_column][\/vc_row][vc_row full_width=&#8220;stretch_row_content_no_spaces&#8220; css=&#8220;.vc_custom_1652772134836{background-position: center !important;background-repeat: no-repeat !important;background-size: cover !important;}&#8220;][vc_column][\/vc_column][\/vc_row][vc_row css=&#8220;.vc_custom_1686290776061{background-position: center !important;background-repeat: no-repeat !important;background-size: cover !important;}&#8220;][vc_column][vc_column_text]\n<h4>Winchester<\/h4>\n[\/vc_column_text][vc_column_text]\n<h2>Unsere Produktpalette<\/h2>\n[\/vc_column_text][vc_empty_space]<div class=\"woocommerce columns-4 \">\n\t<ul class=\"products wpex-grid wpex-grid-cols-4 wpex-tp-grid-cols-2 wpex-pp-grid-cols-1 wpex-gap-20 wpex-clear\">\n\n<li class=\"entry no-media product type-product post-2953 status-publish first outofstock product_cat-geen-categorie shipping-taxable purchasable product-type-simple\">\n\t<div class=\"product-inner wpex-flex wpex-flex-col wpex-flex-grow wpex-relative textleft\"><div class=\"outofstock-badge\">Verkauft<\/div><div class=\"wpex-loop-product-images wpex-overflow-hidden wpex-relative\"><a href=\"https:\/\/jachtenschietsportaalten.nl\/de\/produkt\/winchester-select-sporting\/\" class=\"woocommerce-LoopProduct-link woocommerce-loop-product__link\"><img src=\"https:\/\/jachtenschietsportaalten.nl\/wp-content\/uploads\/woocommerce-placeholder-100x100.png\" alt=\"Platzhalter Bild\" class=\"woo-entry-image-main\"><\/a>\t\t<div class=\"wpex-loop-product-add-to-cart wpex-absolute wpex-bottom-0 wpex-left-0 wpex-right-0 wpex-text-center wpex-transition-all wpex-duration-250 wpex-z-2 wpex-translate-y-100 wpex-invisible\"><a href=\"https:\/\/jachtenschietsportaalten.nl\/de\/produkt\/winchester-select-sporting\/\" aria-describedby=\"woocommerce_loop_add_to_cart_link_describedby_2953\" data-quantity=\"1\" class=\"button product_type_simple\" data-product_id=\"2953\" data-product_sku=\"\" aria-label=\"Lese mehr \u00fcber &#8222;Winchester Select Sporting&#8220;\" rel=\"nofollow\" data-success_message=\"\">Weiterlesen<\/a>\t<span id=\"woocommerce_loop_add_to_cart_link_describedby_2953\" class=\"screen-reader-text\">\n\t\t\t<\/span>\n<\/div>\n\t<\/div><div class=\"product-details wpex-pt-15\"><a href=\"https:\/\/jachtenschietsportaalten.nl\/de\/produkt\/winchester-select-sporting\/\"><h2 class=\"woocommerce-loop-product__title\">Winchester Select Sporting<\/h2><\/a>\n\t<span class=\"price\"><span class=\"woocommerce-Price-amount amount\"><bdi><span class=\"woocommerce-Price-currencySymbol\">&euro;<\/span>&nbsp;1.480,00<\/bdi><\/span><\/span>\n<\/div><\/div><\/li>\n<li class=\"entry has-media product type-product post-2945 status-publish outofstock product_cat-geen-categorie has-post-thumbnail shipping-taxable purchasable product-type-simple\">\n\t<div class=\"product-inner wpex-flex wpex-flex-col wpex-flex-grow wpex-relative textleft\"><div class=\"outofstock-badge\">Verkauft<\/div><div class=\"wpex-loop-product-images wpex-overflow-hidden wpex-relative\"><a href=\"https:\/\/jachtenschietsportaalten.nl\/de\/produkt\/winchester-sportlich-schwarz-2\/\" class=\"woocommerce-LoopProduct-link woocommerce-loop-product__link\">\n\t<img loading=\"lazy\" class=\"woo-entry-image-main wp-post-image\" alt=\"Winchester Sporting Schwarz\" decoding=\"async\" src=\"https:\/\/jachtenschietsportaalten.nl\/wp-content\/uploads\/2022\/08\/220720WH-022-1-2000x1500.jpg\" srcset=\"https:\/\/jachtenschietsportaalten.nl\/wp-content\/uploads\/2022\/08\/220720WH-022-1-2000x1500.jpg 2000w, https:\/\/jachtenschietsportaalten.nl\/wp-content\/uploads\/2022\/08\/220720WH-022-1-800x600.jpg 800w\" width=\"2000\" height=\"1500\">\n<\/a>\t\t<div class=\"wpex-loop-product-add-to-cart wpex-absolute wpex-bottom-0 wpex-left-0 wpex-right-0 wpex-text-center wpex-transition-all wpex-duration-250 wpex-z-2 wpex-translate-y-100 wpex-invisible\"><a href=\"https:\/\/jachtenschietsportaalten.nl\/de\/produkt\/winchester-sportlich-schwarz-2\/\" aria-describedby=\"woocommerce_loop_add_to_cart_link_describedby_2945\" data-quantity=\"1\" class=\"button product_type_simple\" data-product_id=\"2945\" data-product_sku=\"\" aria-label=\"Lese mehr \u00fcber &#8222;Winchester Sporting Schwarz&#8220;\" rel=\"nofollow\" data-success_message=\"\">Weiterlesen<\/a>\t<span id=\"woocommerce_loop_add_to_cart_link_describedby_2945\" class=\"screen-reader-text\">\n\t\t\t<\/span>\n<\/div>\n\t<\/div><div class=\"product-details wpex-pt-15\"><a href=\"https:\/\/jachtenschietsportaalten.nl\/de\/produkt\/winchester-sportlich-schwarz-2\/\"><h2 class=\"woocommerce-loop-product__title\">Winchester Sporting Schwarz<\/h2><\/a>\n\t<span class=\"price\"><span class=\"woocommerce-Price-amount amount\"><bdi><span class=\"woocommerce-Price-currencySymbol\">&euro;<\/span>&nbsp;1.645,00<\/bdi><\/span><\/span>\n<\/div><\/div><\/li>\n<li class=\"entry has-media product type-product post-2977 status-publish outofstock product_cat-keine-kategorie has-post-thumbnail shipping-taxable purchasable product-type-simple\">\n\t<div class=\"product-inner wpex-flex wpex-flex-col wpex-flex-grow wpex-relative textleft\"><div class=\"outofstock-badge\">Verkauft<\/div><div class=\"wpex-loop-product-images wpex-overflow-hidden wpex-relative\"><a href=\"https:\/\/jachtenschietsportaalten.nl\/de\/produkt\/winchester-sporting-schwarz\/\" class=\"woocommerce-LoopProduct-link woocommerce-loop-product__link\">\n\t<img loading=\"lazy\" class=\"woo-entry-image-main wp-post-image\" alt=\"Winchester Sporting Schwarz\" decoding=\"async\" src=\"https:\/\/jachtenschietsportaalten.nl\/wp-content\/uploads\/2022\/08\/220720WH-019-1-2000x1500.jpg\" srcset=\"https:\/\/jachtenschietsportaalten.nl\/wp-content\/uploads\/2022\/08\/220720WH-019-1-2000x1500.jpg 2000w, https:\/\/jachtenschietsportaalten.nl\/wp-content\/uploads\/2022\/08\/220720WH-019-1-800x600.jpg 800w\" width=\"2000\" height=\"1500\">\n<\/a>\t\t<div class=\"wpex-loop-product-add-to-cart wpex-absolute wpex-bottom-0 wpex-left-0 wpex-right-0 wpex-text-center wpex-transition-all wpex-duration-250 wpex-z-2 wpex-translate-y-100 wpex-invisible\"><a href=\"https:\/\/jachtenschietsportaalten.nl\/de\/produkt\/winchester-sporting-schwarz\/\" aria-describedby=\"woocommerce_loop_add_to_cart_link_describedby_2977\" data-quantity=\"1\" class=\"button product_type_simple\" data-product_id=\"2977\" data-product_sku=\"\" aria-label=\"Lese mehr \u00fcber &#8222;Winchester Sporting Schwarz&#8220;\" rel=\"nofollow\" data-success_message=\"\">Weiterlesen<\/a>\t<span id=\"woocommerce_loop_add_to_cart_link_describedby_2977\" class=\"screen-reader-text\">\n\t\t\t<\/span>\n<\/div>\n\t<\/div><div class=\"product-details wpex-pt-15\"><a href=\"https:\/\/jachtenschietsportaalten.nl\/de\/produkt\/winchester-sporting-schwarz\/\"><h2 class=\"woocommerce-loop-product__title\">Winchester Sporting Schwarz<\/h2><\/a>\n\t<span class=\"price\"><span class=\"woocommerce-Price-amount amount\"><bdi><span class=\"woocommerce-Price-currencySymbol\">&euro;<\/span>&nbsp;1.645,00<\/bdi><\/span><\/span>\n<\/div><\/div><\/li>\n<\/ul>\n<\/div>[\/vc_column][\/vc_row]\n<\/div>","protected":false},"excerpt":{"rendered":"<p>[vc_row full_width=&#8220;stretch_row_content_no_spaces&#8220; parallax=&#8220;content-moving&#8220; parallax_image=&#8220;5264&#8243; parallax_speed_bg=&#8220;2&#8243; css=&#8220;.vc_custom_1686297424231{background-position: center;background-repeat: no-repeat !important;background-size: cover !important;}&#8220;][vc_column][vc_empty_space height=&#8220;500&#8243;][\/vc_column][\/vc_row][vc_row full_width=&#8220;stretch_row_content_no_spaces&#8220; css=&#8220;.vc_custom_1652772134836{background-position: center !important;background-repeat: no-repeat !important;background-size: cover !important;}&#8220;][vc_column][\/vc_column][\/vc_row][vc_row content_placement=&#8220;middle&#8220; gap=&#8220;35&#8243; equal_height=&#8220;yes&#8220;][vc_column width=&#8220;1\/2&#8243; css=&#8220;.vc_custom_1680270905404{background-position: center !important;background-repeat: no-repeat !important;background-size: cover !important;}&#8220;][\/vc_column][vc_column width=&#8220;1\/2&#8243; css=&#8220;.vc_custom_1646920584543{background-position: center !important;background-repeat: no-repeat !important;background-size: cover !important;}&#8220;][vc_column_text] Hagelkanonen [\/vc_column_text][vc_column_text] Winchester [\/vc_column_text][vc_empty_space][vc_column_text] Die Winchester Schrotflinte Linie kommt auch von der Browning Familie. Der Name&hellip;<\/p>\n","protected":false},"author":5,"featured_media":0,"parent":0,"menu_order":0,"comment_status":"closed","ping_status":"closed","template":"","meta":{"inline_featured_image":false,"footnotes":""},"class_list":["post-5256","page","type-page","status-publish","hentry","entry","no-media"],"yoast_head":"<!-- This site is optimized with the Yoast SEO plugin v27.3 - https:\/\/yoast.com\/product\/yoast-seo-wordpress\/ -->\n<title>Winchester - Jacht en Schietsport Aalten<\/title>\n<meta name=\"robots\" content=\"index, follow, max-snippet:-1, max-image-preview:large, max-video-preview:-1\" \/>\n<link rel=\"canonical\" href=\"https:\/\/jachtenschietsportaalten.nl\/de\/winchester\/\" \/>\n<meta property=\"og:locale\" content=\"de_DE\" \/>\n<meta property=\"og:type\" content=\"article\" \/>\n<meta property=\"og:title\" content=\"Winchester - Jacht en Schietsport Aalten\" \/>\n<meta property=\"og:description\" content=\"[vc_row full_width=&#8220;stretch_row_content_no_spaces&#8220; parallax=&#8220;content-moving&#8220; parallax_image=&#8220;5264&#8243; parallax_speed_bg=&#8220;2&#8243; css=&#8220;.vc_custom_1686297424231{background-position: center;background-repeat: no-repeat !important;background-size: cover !important;}&#8220;][vc_column][vc_empty_space height=&#8220;500&#8243;][\/vc_column][\/vc_row][vc_row full_width=&#8220;stretch_row_content_no_spaces&#8220; css=&#8220;.vc_custom_1652772134836{background-position: center !important;background-repeat: no-repeat !important;background-size: cover !important;}&#8220;][vc_column][\/vc_column][\/vc_row][vc_row content_placement=&#8220;middle&#8220; gap=&#8220;35&#8243; equal_height=&#8220;yes&#8220;][vc_column width=&#8220;1\/2&#8243; css=&#8220;.vc_custom_1680270905404{background-position: center !important;background-repeat: no-repeat !important;background-size: cover !important;}&#8220;][\/vc_column][vc_column width=&#8220;1\/2&#8243; css=&#8220;.vc_custom_1646920584543{background-position: center !important;background-repeat: no-repeat !important;background-size: cover !important;}&#8220;][vc_column_text] Hagelkanonen [\/vc_column_text][vc_column_text] Winchester [\/vc_column_text][vc_empty_space][vc_column_text] Die Winchester Schrotflinte Linie kommt auch von der Browning Familie. Der Name&hellip;\" \/>\n<meta property=\"og:url\" content=\"https:\/\/jachtenschietsportaalten.nl\/de\/winchester\/\" \/>\n<meta property=\"og:site_name\" content=\"Jacht en Schietsport Aalten\" \/>\n<meta property=\"article:modified_time\" content=\"2023-06-09T12:12:57+00:00\" \/>\n<meta name=\"twitter:card\" content=\"summary_large_image\" \/>\n<meta name=\"twitter:label1\" content=\"Gesch\u00e4tzte Lesezeit\" \/>\n\t<meta name=\"twitter:data1\" content=\"1\u00a0Minute\" \/>\n<script type=\"application\/ld+json\" class=\"yoast-schema-graph\">{\"@context\":\"https:\\\/\\\/schema.org\",\"@graph\":[{\"@type\":\"WebPage\",\"@id\":\"https:\\\/\\\/jachtenschietsportaalten.nl\\\/de\\\/winchester\\\/\",\"url\":\"https:\\\/\\\/jachtenschietsportaalten.nl\\\/de\\\/winchester\\\/\",\"name\":\"Winchester - Jacht en Schietsport Aalten\",\"isPartOf\":{\"@id\":\"https:\\\/\\\/jachtenschietsportaalten.nl\\\/#website\"},\"datePublished\":\"2023-06-09T07:53:13+00:00\",\"dateModified\":\"2023-06-09T12:12:57+00:00\",\"breadcrumb\":{\"@id\":\"https:\\\/\\\/jachtenschietsportaalten.nl\\\/de\\\/winchester\\\/#breadcrumb\"},\"inLanguage\":\"de\",\"potentialAction\":[{\"@type\":\"ReadAction\",\"target\":[\"https:\\\/\\\/jachtenschietsportaalten.nl\\\/de\\\/winchester\\\/\"]}]},{\"@type\":\"BreadcrumbList\",\"@id\":\"https:\\\/\\\/jachtenschietsportaalten.nl\\\/de\\\/winchester\\\/#breadcrumb\",\"itemListElement\":[{\"@type\":\"ListItem\",\"position\":1,\"name\":\"Home\",\"item\":\"https:\\\/\\\/jachtenschietsportaalten.nl\\\/de\\\/startseite\\\/\"},{\"@type\":\"ListItem\",\"position\":2,\"name\":\"Winchester\"}]},{\"@type\":\"WebSite\",\"@id\":\"https:\\\/\\\/jachtenschietsportaalten.nl\\\/#website\",\"url\":\"https:\\\/\\\/jachtenschietsportaalten.nl\\\/\",\"name\":\"Jacht en Schietsport Aalten\",\"description\":\"Webshop\",\"publisher\":{\"@id\":\"https:\\\/\\\/jachtenschietsportaalten.nl\\\/#organization\"},\"potentialAction\":[{\"@type\":\"SearchAction\",\"target\":{\"@type\":\"EntryPoint\",\"urlTemplate\":\"https:\\\/\\\/jachtenschietsportaalten.nl\\\/?s={search_term_string}\"},\"query-input\":{\"@type\":\"PropertyValueSpecification\",\"valueRequired\":true,\"valueName\":\"search_term_string\"}}],\"inLanguage\":\"de\"},{\"@type\":\"Organization\",\"@id\":\"https:\\\/\\\/jachtenschietsportaalten.nl\\\/#organization\",\"name\":\"Jacht en Schietsport Aalten\",\"url\":\"https:\\\/\\\/jachtenschietsportaalten.nl\\\/\",\"logo\":{\"@type\":\"ImageObject\",\"inLanguage\":\"de\",\"@id\":\"https:\\\/\\\/jachtenschietsportaalten.nl\\\/#\\\/schema\\\/logo\\\/image\\\/\",\"url\":\"https:\\\/\\\/jachtenschietsportaalten.nl\\\/wp-content\\\/uploads\\\/2022\\\/08\\\/Voskuil_Logo_CMYK-Liggend_02.png\",\"contentUrl\":\"https:\\\/\\\/jachtenschietsportaalten.nl\\\/wp-content\\\/uploads\\\/2022\\\/08\\\/Voskuil_Logo_CMYK-Liggend_02.png\",\"width\":2212,\"height\":679,\"caption\":\"Jacht en Schietsport Aalten\"},\"image\":{\"@id\":\"https:\\\/\\\/jachtenschietsportaalten.nl\\\/#\\\/schema\\\/logo\\\/image\\\/\"}}]}<\/script>\n<!-- \/ Yoast SEO plugin. -->","yoast_head_json":{"title":"Winchester - Jacht en Schietsport Aalten","robots":{"index":"index","follow":"follow","max-snippet":"max-snippet:-1","max-image-preview":"max-image-preview:large","max-video-preview":"max-video-preview:-1"},"canonical":"https:\/\/jachtenschietsportaalten.nl\/de\/winchester\/","og_locale":"de_DE","og_type":"article","og_title":"Winchester - Jacht en Schietsport Aalten","og_description":"[vc_row full_width=&#8220;stretch_row_content_no_spaces&#8220; parallax=&#8220;content-moving&#8220; parallax_image=&#8220;5264&#8243; parallax_speed_bg=&#8220;2&#8243; css=&#8220;.vc_custom_1686297424231{background-position: center;background-repeat: no-repeat !important;background-size: cover !important;}&#8220;][vc_column][vc_empty_space height=&#8220;500&#8243;][\/vc_column][\/vc_row][vc_row full_width=&#8220;stretch_row_content_no_spaces&#8220; css=&#8220;.vc_custom_1652772134836{background-position: center !important;background-repeat: no-repeat !important;background-size: cover !important;}&#8220;][vc_column][\/vc_column][\/vc_row][vc_row content_placement=&#8220;middle&#8220; gap=&#8220;35&#8243; equal_height=&#8220;yes&#8220;][vc_column width=&#8220;1\/2&#8243; css=&#8220;.vc_custom_1680270905404{background-position: center !important;background-repeat: no-repeat !important;background-size: cover !important;}&#8220;][\/vc_column][vc_column width=&#8220;1\/2&#8243; css=&#8220;.vc_custom_1646920584543{background-position: center !important;background-repeat: no-repeat !important;background-size: cover !important;}&#8220;][vc_column_text] Hagelkanonen [\/vc_column_text][vc_column_text] Winchester [\/vc_column_text][vc_empty_space][vc_column_text] Die Winchester Schrotflinte Linie kommt auch von der Browning Familie. Der Name&hellip;","og_url":"https:\/\/jachtenschietsportaalten.nl\/de\/winchester\/","og_site_name":"Jacht en Schietsport Aalten","article_modified_time":"2023-06-09T12:12:57+00:00","twitter_card":"summary_large_image","twitter_misc":{"Gesch\u00e4tzte Lesezeit":"1\u00a0Minute"},"schema":{"@context":"https:\/\/schema.org","@graph":[{"@type":"WebPage","@id":"https:\/\/jachtenschietsportaalten.nl\/de\/winchester\/","url":"https:\/\/jachtenschietsportaalten.nl\/de\/winchester\/","name":"Winchester - Jacht en Schietsport Aalten","isPartOf":{"@id":"https:\/\/jachtenschietsportaalten.nl\/#website"},"datePublished":"2023-06-09T07:53:13+00:00","dateModified":"2023-06-09T12:12:57+00:00","breadcrumb":{"@id":"https:\/\/jachtenschietsportaalten.nl\/de\/winchester\/#breadcrumb"},"inLanguage":"de","potentialAction":[{"@type":"ReadAction","target":["https:\/\/jachtenschietsportaalten.nl\/de\/winchester\/"]}]},{"@type":"BreadcrumbList","@id":"https:\/\/jachtenschietsportaalten.nl\/de\/winchester\/#breadcrumb","itemListElement":[{"@type":"ListItem","position":1,"name":"Home","item":"https:\/\/jachtenschietsportaalten.nl\/de\/startseite\/"},{"@type":"ListItem","position":2,"name":"Winchester"}]},{"@type":"WebSite","@id":"https:\/\/jachtenschietsportaalten.nl\/#website","url":"https:\/\/jachtenschietsportaalten.nl\/","name":"Jacht en Schietsport Aalten","description":"Webshop","publisher":{"@id":"https:\/\/jachtenschietsportaalten.nl\/#organization"},"potentialAction":[{"@type":"SearchAction","target":{"@type":"EntryPoint","urlTemplate":"https:\/\/jachtenschietsportaalten.nl\/?s={search_term_string}"},"query-input":{"@type":"PropertyValueSpecification","valueRequired":true,"valueName":"search_term_string"}}],"inLanguage":"de"},{"@type":"Organization","@id":"https:\/\/jachtenschietsportaalten.nl\/#organization","name":"Jacht en Schietsport Aalten","url":"https:\/\/jachtenschietsportaalten.nl\/","logo":{"@type":"ImageObject","inLanguage":"de","@id":"https:\/\/jachtenschietsportaalten.nl\/#\/schema\/logo\/image\/","url":"https:\/\/jachtenschietsportaalten.nl\/wp-content\/uploads\/2022\/08\/Voskuil_Logo_CMYK-Liggend_02.png","contentUrl":"https:\/\/jachtenschietsportaalten.nl\/wp-content\/uploads\/2022\/08\/Voskuil_Logo_CMYK-Liggend_02.png","width":2212,"height":679,"caption":"Jacht en Schietsport Aalten"},"image":{"@id":"https:\/\/jachtenschietsportaalten.nl\/#\/schema\/logo\/image\/"}}]}},"_links":{"self":[{"href":"https:\/\/jachtenschietsportaalten.nl\/de\/wp-json\/wp\/v2\/pages\/5256","targetHints":{"allow":["GET"]}}],"collection":[{"href":"https:\/\/jachtenschietsportaalten.nl\/de\/wp-json\/wp\/v2\/pages"}],"about":[{"href":"https:\/\/jachtenschietsportaalten.nl\/de\/wp-json\/wp\/v2\/types\/page"}],"author":[{"embeddable":true,"href":"https:\/\/jachtenschietsportaalten.nl\/de\/wp-json\/wp\/v2\/users\/5"}],"replies":[{"embeddable":true,"href":"https:\/\/jachtenschietsportaalten.nl\/de\/wp-json\/wp\/v2\/comments?post=5256"}],"version-history":[{"count":4,"href":"https:\/\/jachtenschietsportaalten.nl\/de\/wp-json\/wp\/v2\/pages\/5256\/revisions"}],"predecessor-version":[{"id":5341,"href":"https:\/\/jachtenschietsportaalten.nl\/de\/wp-json\/wp\/v2\/pages\/5256\/revisions\/5341"}],"wp:attachment":[{"href":"https:\/\/jachtenschietsportaalten.nl\/de\/wp-json\/wp\/v2\/media?parent=5256"}],"curies":[{"name":"wp","href":"https:\/\/api.w.org\/{rel}","templated":true}]}}