{"id":990,"date":"2022-04-15T09:54:06","date_gmt":"2022-04-15T09:54:06","guid":{"rendered":"http:\/\/voskuil.realdev.nl\/aufnahmeanordnung\/"},"modified":"2022-06-21T13:08:14","modified_gmt":"2022-06-21T13:08:14","slug":"aufnahmeanordnung","status":"publish","type":"page","link":"https:\/\/jachtenschietsportaalten.nl\/de\/aufnahmeanordnung\/","title":{"rendered":"Aufnahmeanordnung"},"content":{"rendered":"<div class=\"wpb-content-wrapper\">[vc_row full_width=&#8220;stretch_row&#8220; css=&#8220;.vc_custom_1648214973973{margin-bottom: 80px !important;background-image: url(https:\/\/voskuilaalten.nl\/wp-content\/uploads\/2022\/03\/09ddc21e-f266-43d6-88da-4f51bb754ea6-copy-e1646922460679.jpg?id=449) !important;background-position: center !important;background-repeat: no-repeat !important;background-size: cover !important;}&#8220;][vc_column][vc_empty_space height=&#8220;100&#8243;][vc_column_text color=&#8220;#ffffff&#8220; text_align=&#8220;center&#8220;]\n<h1>Aufnahmeanordnung<\/h1>\n[\/vc_column_text][vc_empty_space height=&#8220;100&#8243;][\/vc_column][\/vc_row][vc_row full_width=&#8220;stretch_row&#8220; content_placement=&#8220;middle&#8220; gap=&#8220;35&#8243; css=&#8220;.vc_custom_1650016547674{background-position: center !important;background-repeat: no-repeat !important;background-size: cover !important;}&#8220;][vc_column width=&#8220;1\/2&#8243;][vc_column_text]\n<h4>Aufnahmeanordnung<\/h4>\n[\/vc_column_text][vc_column_text]\n<h2>Bereit, die Herausforderung anzunehmen?<\/h2>\n[\/vc_column_text][vc_empty_space][vc_column_text]Wir beginnen den Tag mit einem Drink! Von der Terrasse aus k\u00f6nnen Sie dann in aller Ruhe beobachten, was auf dem Schie\u00dfstand passiert.<\/p>\n<p>Anschlie\u00dfend erkl\u00e4rt Ihnen ein Instruktor die Flinte, die verwendete Munition und den Schie\u00dfsport. Dann gehen Sie mit Ihrer Gruppe und dem Instruktor zur Schie\u00dfstation und Sie k\u00f6nnen mit dem Schie\u00dfen beginnen!<\/p>\n<p>Du schie\u00dft mit einer Schrotflinte auf fliegende Tontauben. Dieses Schie\u00dfpaket bietet ein Gesamtpaket verschiedener Disziplinen; Schie\u00dfen von Teilnehmern, Idioten, Kaninchen und Doppelg\u00e4ngern. Diese kommen aus verschiedenen Richtungen, also aufgepasst! Der Instruktor gibt Ihnen nat\u00fcrlich Tipps &amp; Tricks. Insgesamt werden Sie versuchen, 25 Tontauben zu treffen. Wer wird der Tagessieger?[\/vc_column_text][vc_empty_space]<style>.vcex-button.vcex_69e2012ea976b{padding-block:10px;}<\/style><a href=\"http:\/\/https\" class=\"vcex-button theme-button flat align-left inline vcex_69e2012ea976b\"><span class=\"vcex-button-inner theme-button-inner wpex-flex wpex-flex-wrap wpex-items-center wpex-justify-center\">buchen Sie jetzt<span class=\"vcex-button-icon vcex-icon-wrap theme-button-icon-right\"><span class=\"wpex-icon wpex-icon--bidi\" aria-hidden=\"true\"><svg xmlns=\"http:\/\/www.w3.org\/2000\/svg\" viewBox=\"0 0 320 512\"><path d=\"M310.6 233.4c12.5 12.5 12.5 32.8 0 45.3l-192 192c-12.5 12.5-32.8 12.5-45.3 0s-12.5-32.8 0-45.3L242.7 256 73.4 86.6c-12.5-12.5-12.5-32.8 0-45.3s32.8-12.5 45.3 0l192 192z\"\/><\/svg><\/span><\/span><\/span><\/a> [\/vc_column][vc_column width=&#8220;1\/2&#8243;][vc_single_image image=&#8220;951&#8243;][\/vc_column][\/vc_row][vc_row full_width=&#8220;stretch_row&#8220; css=&#8220;.vc_custom_1650434691264{background-image: url(https:\/\/voskuilaalten.nl\/wp-content\/uploads\/2022\/04\/Achtergrond_BLAUW-copy-scaled.jpg?id=675) !important;background-position: center !important;background-repeat: no-repeat !important;background-size: cover !important;}&#8220;][vc_column][vc_column_text color=&#8220;#ffffff&#8220; text_align=&#8220;center&#8220;]\n<h3>Sie m\u00f6chten wissen, wie lange eine Schie\u00dfrunde dauert? Oder dass es ein Mindestalter f\u00fcr das Tontaubenschie\u00dfen gibt?<br \/>\nSehen Sie sich unsere h\u00e4ufig gestellten Fragen inklusive Antworten an!<\/h3>\n[\/vc_column_text][vc_empty_space height=&#8220;32&#8243;]<style>.vcex-button.vcex_69e2012eabf87{padding-block:10px;}<\/style><div class=\"theme-button-wrap textcenter wpex-clr\"><a href=\"http:\/\/https\" class=\"vcex-button theme-button flat align-center inline knoppie vcex_69e2012eabf87\"><span class=\"vcex-button-inner theme-button-inner wpex-flex wpex-flex-wrap wpex-items-center wpex-justify-center\">Sehen Sie sich unsere h\u00e4ufig gestellten Fragen an<span class=\"vcex-button-icon vcex-icon-wrap theme-button-icon-right\"><span class=\"wpex-icon wpex-icon--bidi\" aria-hidden=\"true\"><svg xmlns=\"http:\/\/www.w3.org\/2000\/svg\" viewBox=\"0 0 320 512\"><path d=\"M310.6 233.4c12.5 12.5 12.5 32.8 0 45.3l-192 192c-12.5 12.5-32.8 12.5-45.3 0s-12.5-32.8 0-45.3L242.7 256 73.4 86.6c-12.5-12.5-12.5-32.8 0-45.3s32.8-12.5 45.3 0l192 192z\"\/><\/svg><\/span><\/span><\/span><\/a><\/div> [\/vc_column][\/vc_row][vc_row][vc_column][vc_empty_space height=&#8220;50&#8243;][\/vc_column][\/vc_row]\n<\/div>","protected":false},"excerpt":{"rendered":"<p>[vc_row full_width=&#8220;stretch_row&#8220; css=&#8220;.vc_custom_1648214973973{margin-bottom: 80px !important;background-image: url(https:\/\/voskuilaalten.nl\/wp-content\/uploads\/2022\/03\/09ddc21e-f266-43d6-88da-4f51bb754ea6-copy-e1646922460679.jpg?id=449) !important;background-position: center !important;background-repeat: no-repeat !important;background-size: cover !important;}&#8220;][vc_column][vc_empty_space height=&#8220;100&#8243;][vc_column_text color=&#8220;#ffffff&#8220; text_align=&#8220;center&#8220;] Aufnahmeanordnung [\/vc_column_text][vc_empty_space height=&#8220;100&#8243;][\/vc_column][\/vc_row][vc_row full_width=&#8220;stretch_row&#8220; content_placement=&#8220;middle&#8220; gap=&#8220;35&#8243; css=&#8220;.vc_custom_1650016547674{background-position: center !important;background-repeat: no-repeat !important;background-size: cover !important;}&#8220;][vc_column width=&#8220;1\/2&#8243;][vc_column_text] Aufnahmeanordnung [\/vc_column_text][vc_column_text] Bereit, die Herausforderung anzunehmen? [\/vc_column_text][vc_empty_space][vc_column_text]Wir beginnen den Tag mit einem Drink! Von der Terrasse aus k\u00f6nnen Sie dann in aller Ruhe beobachten, was&hellip;<\/p>\n","protected":false},"author":5,"featured_media":0,"parent":0,"menu_order":0,"comment_status":"closed","ping_status":"closed","template":"","meta":{"inline_featured_image":false,"footnotes":""},"class_list":["post-990","page","type-page","status-publish","hentry","entry","no-media"],"yoast_head":"<!-- This site is optimized with the Yoast SEO plugin v27.3 - https:\/\/yoast.com\/product\/yoast-seo-wordpress\/ -->\n<title>Aufnahmeanordnung - Jacht en Schietsport Aalten<\/title>\n<meta name=\"robots\" content=\"index, follow, max-snippet:-1, max-image-preview:large, max-video-preview:-1\" \/>\n<link rel=\"canonical\" href=\"https:\/\/jachtenschietsportaalten.nl\/de\/aufnahmeanordnung\/\" \/>\n<meta property=\"og:locale\" content=\"de_DE\" \/>\n<meta property=\"og:type\" content=\"article\" \/>\n<meta property=\"og:title\" content=\"Aufnahmeanordnung - Jacht en Schietsport Aalten\" \/>\n<meta property=\"og:description\" content=\"[vc_row full_width=&#8220;stretch_row&#8220; css=&#8220;.vc_custom_1648214973973{margin-bottom: 80px !important;background-image: url(https:\/\/voskuilaalten.nl\/wp-content\/uploads\/2022\/03\/09ddc21e-f266-43d6-88da-4f51bb754ea6-copy-e1646922460679.jpg?id=449) !important;background-position: center !important;background-repeat: no-repeat !important;background-size: cover !important;}&#8220;][vc_column][vc_empty_space height=&#8220;100&#8243;][vc_column_text color=&#8220;#ffffff&#8220; text_align=&#8220;center&#8220;] Aufnahmeanordnung [\/vc_column_text][vc_empty_space height=&#8220;100&#8243;][\/vc_column][\/vc_row][vc_row full_width=&#8220;stretch_row&#8220; content_placement=&#8220;middle&#8220; gap=&#8220;35&#8243; css=&#8220;.vc_custom_1650016547674{background-position: center !important;background-repeat: no-repeat !important;background-size: cover !important;}&#8220;][vc_column width=&#8220;1\/2&#8243;][vc_column_text] Aufnahmeanordnung [\/vc_column_text][vc_column_text] Bereit, die Herausforderung anzunehmen? [\/vc_column_text][vc_empty_space][vc_column_text]Wir beginnen den Tag mit einem Drink! Von der Terrasse aus k\u00f6nnen Sie dann in aller Ruhe beobachten, was&hellip;\" \/>\n<meta property=\"og:url\" content=\"https:\/\/jachtenschietsportaalten.nl\/de\/aufnahmeanordnung\/\" \/>\n<meta property=\"og:site_name\" content=\"Jacht en Schietsport Aalten\" \/>\n<meta property=\"article:modified_time\" content=\"2022-06-21T13:08:14+00:00\" \/>\n<meta name=\"twitter:card\" content=\"summary_large_image\" \/>\n<meta name=\"twitter:label1\" content=\"Gesch\u00e4tzte Lesezeit\" \/>\n\t<meta name=\"twitter:data1\" content=\"2\u00a0Minuten\" \/>\n<script type=\"application\/ld+json\" class=\"yoast-schema-graph\">{\"@context\":\"https:\\\/\\\/schema.org\",\"@graph\":[{\"@type\":\"WebPage\",\"@id\":\"https:\\\/\\\/jachtenschietsportaalten.nl\\\/de\\\/aufnahmeanordnung\\\/\",\"url\":\"https:\\\/\\\/jachtenschietsportaalten.nl\\\/de\\\/aufnahmeanordnung\\\/\",\"name\":\"Aufnahmeanordnung - Jacht en Schietsport Aalten\",\"isPartOf\":{\"@id\":\"https:\\\/\\\/jachtenschietsportaalten.nl\\\/#website\"},\"datePublished\":\"2022-04-15T09:54:06+00:00\",\"dateModified\":\"2022-06-21T13:08:14+00:00\",\"breadcrumb\":{\"@id\":\"https:\\\/\\\/jachtenschietsportaalten.nl\\\/de\\\/aufnahmeanordnung\\\/#breadcrumb\"},\"inLanguage\":\"de\",\"potentialAction\":[{\"@type\":\"ReadAction\",\"target\":[\"https:\\\/\\\/jachtenschietsportaalten.nl\\\/de\\\/aufnahmeanordnung\\\/\"]}]},{\"@type\":\"BreadcrumbList\",\"@id\":\"https:\\\/\\\/jachtenschietsportaalten.nl\\\/de\\\/aufnahmeanordnung\\\/#breadcrumb\",\"itemListElement\":[{\"@type\":\"ListItem\",\"position\":1,\"name\":\"Home\",\"item\":\"https:\\\/\\\/jachtenschietsportaalten.nl\\\/de\\\/startseite\\\/\"},{\"@type\":\"ListItem\",\"position\":2,\"name\":\"Aufnahmeanordnung\"}]},{\"@type\":\"WebSite\",\"@id\":\"https:\\\/\\\/jachtenschietsportaalten.nl\\\/#website\",\"url\":\"https:\\\/\\\/jachtenschietsportaalten.nl\\\/\",\"name\":\"Jacht en Schietsport Aalten\",\"description\":\"Webshop\",\"publisher\":{\"@id\":\"https:\\\/\\\/jachtenschietsportaalten.nl\\\/#organization\"},\"potentialAction\":[{\"@type\":\"SearchAction\",\"target\":{\"@type\":\"EntryPoint\",\"urlTemplate\":\"https:\\\/\\\/jachtenschietsportaalten.nl\\\/?s={search_term_string}\"},\"query-input\":{\"@type\":\"PropertyValueSpecification\",\"valueRequired\":true,\"valueName\":\"search_term_string\"}}],\"inLanguage\":\"de\"},{\"@type\":\"Organization\",\"@id\":\"https:\\\/\\\/jachtenschietsportaalten.nl\\\/#organization\",\"name\":\"Jacht en Schietsport Aalten\",\"url\":\"https:\\\/\\\/jachtenschietsportaalten.nl\\\/\",\"logo\":{\"@type\":\"ImageObject\",\"inLanguage\":\"de\",\"@id\":\"https:\\\/\\\/jachtenschietsportaalten.nl\\\/#\\\/schema\\\/logo\\\/image\\\/\",\"url\":\"https:\\\/\\\/jachtenschietsportaalten.nl\\\/wp-content\\\/uploads\\\/2022\\\/08\\\/Voskuil_Logo_CMYK-Liggend_02.png\",\"contentUrl\":\"https:\\\/\\\/jachtenschietsportaalten.nl\\\/wp-content\\\/uploads\\\/2022\\\/08\\\/Voskuil_Logo_CMYK-Liggend_02.png\",\"width\":2212,\"height\":679,\"caption\":\"Jacht en Schietsport Aalten\"},\"image\":{\"@id\":\"https:\\\/\\\/jachtenschietsportaalten.nl\\\/#\\\/schema\\\/logo\\\/image\\\/\"}}]}<\/script>\n<!-- \/ Yoast SEO plugin. -->","yoast_head_json":{"title":"Aufnahmeanordnung - Jacht en Schietsport Aalten","robots":{"index":"index","follow":"follow","max-snippet":"max-snippet:-1","max-image-preview":"max-image-preview:large","max-video-preview":"max-video-preview:-1"},"canonical":"https:\/\/jachtenschietsportaalten.nl\/de\/aufnahmeanordnung\/","og_locale":"de_DE","og_type":"article","og_title":"Aufnahmeanordnung - Jacht en Schietsport Aalten","og_description":"[vc_row full_width=&#8220;stretch_row&#8220; css=&#8220;.vc_custom_1648214973973{margin-bottom: 80px !important;background-image: url(https:\/\/voskuilaalten.nl\/wp-content\/uploads\/2022\/03\/09ddc21e-f266-43d6-88da-4f51bb754ea6-copy-e1646922460679.jpg?id=449) !important;background-position: center !important;background-repeat: no-repeat !important;background-size: cover !important;}&#8220;][vc_column][vc_empty_space height=&#8220;100&#8243;][vc_column_text color=&#8220;#ffffff&#8220; text_align=&#8220;center&#8220;] Aufnahmeanordnung [\/vc_column_text][vc_empty_space height=&#8220;100&#8243;][\/vc_column][\/vc_row][vc_row full_width=&#8220;stretch_row&#8220; content_placement=&#8220;middle&#8220; gap=&#8220;35&#8243; css=&#8220;.vc_custom_1650016547674{background-position: center !important;background-repeat: no-repeat !important;background-size: cover !important;}&#8220;][vc_column width=&#8220;1\/2&#8243;][vc_column_text] Aufnahmeanordnung [\/vc_column_text][vc_column_text] Bereit, die Herausforderung anzunehmen? [\/vc_column_text][vc_empty_space][vc_column_text]Wir beginnen den Tag mit einem Drink! Von der Terrasse aus k\u00f6nnen Sie dann in aller Ruhe beobachten, was&hellip;","og_url":"https:\/\/jachtenschietsportaalten.nl\/de\/aufnahmeanordnung\/","og_site_name":"Jacht en Schietsport Aalten","article_modified_time":"2022-06-21T13:08:14+00:00","twitter_card":"summary_large_image","twitter_misc":{"Gesch\u00e4tzte Lesezeit":"2\u00a0Minuten"},"schema":{"@context":"https:\/\/schema.org","@graph":[{"@type":"WebPage","@id":"https:\/\/jachtenschietsportaalten.nl\/de\/aufnahmeanordnung\/","url":"https:\/\/jachtenschietsportaalten.nl\/de\/aufnahmeanordnung\/","name":"Aufnahmeanordnung - Jacht en Schietsport Aalten","isPartOf":{"@id":"https:\/\/jachtenschietsportaalten.nl\/#website"},"datePublished":"2022-04-15T09:54:06+00:00","dateModified":"2022-06-21T13:08:14+00:00","breadcrumb":{"@id":"https:\/\/jachtenschietsportaalten.nl\/de\/aufnahmeanordnung\/#breadcrumb"},"inLanguage":"de","potentialAction":[{"@type":"ReadAction","target":["https:\/\/jachtenschietsportaalten.nl\/de\/aufnahmeanordnung\/"]}]},{"@type":"BreadcrumbList","@id":"https:\/\/jachtenschietsportaalten.nl\/de\/aufnahmeanordnung\/#breadcrumb","itemListElement":[{"@type":"ListItem","position":1,"name":"Home","item":"https:\/\/jachtenschietsportaalten.nl\/de\/startseite\/"},{"@type":"ListItem","position":2,"name":"Aufnahmeanordnung"}]},{"@type":"WebSite","@id":"https:\/\/jachtenschietsportaalten.nl\/#website","url":"https:\/\/jachtenschietsportaalten.nl\/","name":"Jacht en Schietsport Aalten","description":"Webshop","publisher":{"@id":"https:\/\/jachtenschietsportaalten.nl\/#organization"},"potentialAction":[{"@type":"SearchAction","target":{"@type":"EntryPoint","urlTemplate":"https:\/\/jachtenschietsportaalten.nl\/?s={search_term_string}"},"query-input":{"@type":"PropertyValueSpecification","valueRequired":true,"valueName":"search_term_string"}}],"inLanguage":"de"},{"@type":"Organization","@id":"https:\/\/jachtenschietsportaalten.nl\/#organization","name":"Jacht en Schietsport Aalten","url":"https:\/\/jachtenschietsportaalten.nl\/","logo":{"@type":"ImageObject","inLanguage":"de","@id":"https:\/\/jachtenschietsportaalten.nl\/#\/schema\/logo\/image\/","url":"https:\/\/jachtenschietsportaalten.nl\/wp-content\/uploads\/2022\/08\/Voskuil_Logo_CMYK-Liggend_02.png","contentUrl":"https:\/\/jachtenschietsportaalten.nl\/wp-content\/uploads\/2022\/08\/Voskuil_Logo_CMYK-Liggend_02.png","width":2212,"height":679,"caption":"Jacht en Schietsport Aalten"},"image":{"@id":"https:\/\/jachtenschietsportaalten.nl\/#\/schema\/logo\/image\/"}}]}},"_links":{"self":[{"href":"https:\/\/jachtenschietsportaalten.nl\/de\/wp-json\/wp\/v2\/pages\/990","targetHints":{"allow":["GET"]}}],"collection":[{"href":"https:\/\/jachtenschietsportaalten.nl\/de\/wp-json\/wp\/v2\/pages"}],"about":[{"href":"https:\/\/jachtenschietsportaalten.nl\/de\/wp-json\/wp\/v2\/types\/page"}],"author":[{"embeddable":true,"href":"https:\/\/jachtenschietsportaalten.nl\/de\/wp-json\/wp\/v2\/users\/5"}],"replies":[{"embeddable":true,"href":"https:\/\/jachtenschietsportaalten.nl\/de\/wp-json\/wp\/v2\/comments?post=990"}],"version-history":[{"count":10,"href":"https:\/\/jachtenschietsportaalten.nl\/de\/wp-json\/wp\/v2\/pages\/990\/revisions"}],"predecessor-version":[{"id":1156,"href":"https:\/\/jachtenschietsportaalten.nl\/de\/wp-json\/wp\/v2\/pages\/990\/revisions\/1156"}],"wp:attachment":[{"href":"https:\/\/jachtenschietsportaalten.nl\/de\/wp-json\/wp\/v2\/media?parent=990"}],"curies":[{"name":"wp","href":"https:\/\/api.w.org\/{rel}","templated":true}]}}