{"id":991,"date":"2021-01-27T02:04:16","date_gmt":"2021-01-27T00:04:16","guid":{"rendered":"http:\/\/voskuil.realdev.nl\/startseite\/"},"modified":"2023-03-14T14:39:16","modified_gmt":"2023-03-14T12:39:16","slug":"startseite","status":"publish","type":"page","link":"https:\/\/jachtenschietsportaalten.nl\/de\/","title":{"rendered":"Startseite"},"content":{"rendered":"<div class=\"wpb-content-wrapper\">[vc_row][vc_column][vc_empty_space height=&#8220;40&#8243;][\/vc_column][\/vc_row][vc_row full_width=&#8220;stretch_row&#8220; column_spacing=&#8220;0px&#8220; gap=&#8220;35&#8243; css=&#8220;.vc_custom_1665411689675{padding-bottom: 40px !important;background-position: center !important;background-repeat: no-repeat !important;background-size: cover !important;}&#8220; wpex_zindex=&#8220;5&#8243; visibility=&#8220;hidden-phone&#8220;][vc_column][vc_column_text]\n<h4>Willkommen<\/h4>\n[\/vc_column_text][vc_column_text]\n<h2>Das Gesch\u00e4ft f\u00fcr Jagd und Schie\u00dfsport<br \/>\nin der Landschaft von Achterhoek<\/h2>\n[\/vc_column_text][vc_empty_space][vc_row_inner equal_height=&#8220;yes&#8220;][vc_column_inner css=&#8220;.vc_custom_1664524427576{margin-right: 50px !important;}&#8220;][vc_column_text css=&#8220;.vc_custom_1666102802362{padding-top: 40px !important;padding-right: 15px !important;padding-bottom: 80px !important;padding-left: 15px !important;background-color: #ffffff !important;}&#8220; el_class=&#8220;schaduw flexie1&#8243;]Willkommen bei Jacht- en Schietsport Aalten, dem Webshop der <a href=\"https:\/\/voskuilaalten.nl\/\" target=\"_blank\" rel=\"noopener\">Skeetschie\u00dfanlage Voskuil Aalten<\/a>. In unserem Webshop k\u00f6nnen Sie alle Artikel sehen, die wir in unserem Ladengesch\u00e4ft verkaufen. Von den besten Gewehren bis zu Nachtsichtger\u00e4ten und Ferngl\u00e4sern. Alles, um den Schie\u00dfsport noch sch\u00f6ner zu machen. Finden Sie Ihr Lieblingsprodukt und besuchen Sie unseren Shop. Wir werden uns dann die Zeit nehmen, Sie zu beraten.[\/vc_column_text]<style>.vcex-button.vcex_69e79f0b25cb9{padding-block:10px;}<\/style><div class=\"theme-button-wrap textcenter wpex-clr\"><a href=\"https:\/\/jachtenschietsportaalten.nl\/webshop\" class=\"vcex-button theme-button flat align-center wpex-mb-0 inline knoppie vcex_69e79f0b25cb9\"><span class=\"vcex-button-inner theme-button-inner wpex-flex wpex-flex-wrap wpex-items-center wpex-justify-center\">Alle unsere Produkte ansehen<span class=\"vcex-button-icon vcex-icon-wrap theme-button-icon-right\"><span aria-hidden=\"true\" class=\"fas fa-chevron-right\"><\/span><\/span><\/span><\/a><\/div> [\/vc_column_inner][\/vc_row_inner][vc_empty_space height=&#8220;100&#8243;][\/vc_column][\/vc_row][vc_row full_width=&#8220;stretch_row&#8220; column_spacing=&#8220;0px&#8220; gap=&#8220;35&#8243; css=&#8220;.vc_custom_1665411697872{padding-bottom: 40px !important;background-position: center !important;background-repeat: no-repeat !important;background-size: cover !important;}&#8220; wpex_zindex=&#8220;5&#8243; visibility=&#8220;visible-phone&#8220;][vc_column][vc_column_text]\n<h4>Willkommen<\/h4>\n[\/vc_column_text][vc_column_text]\n<h2>Das Gesch\u00e4ft f\u00fcr Jagd und Schie\u00dfsport<br \/>\nin der Landschaft von Achterhoek<\/h2>\n[\/vc_column_text][vc_empty_space][vc_row_inner equal_height=&#8220;yes&#8220;][vc_column_inner][vc_column_text css=&#8220;.vc_custom_1664355303431{padding-top: 40px !important;padding-right: 15px !important;padding-bottom: 80px !important;padding-left: 15px !important;background-color: #ffffff !important;}&#8220; el_class=&#8220;schaduw flexie1&#8243;]Willkommen bei Jacht- en Schietsport Aalten, dem Webshop der Tontaubenschie\u00dfanlage Voskuil Aalten. In unserem Webshop k\u00f6nnen Sie alle Artikel sehen, die wir in unserem Ladengesch\u00e4ft verkaufen. Von den besten Gewehren bis zu Nachtsichtger\u00e4ten und Ferngl\u00e4sern. Alles, um den Schie\u00dfsport noch sch\u00f6ner zu machen. Finden Sie Ihr Lieblingsprodukt und besuchen Sie unseren Shop. Wir werden uns dann die Zeit nehmen, Sie zu beraten.[\/vc_column_text]<style>.vcex-button.vcex_69e79f0b26bb3{padding-block:10px;}<\/style><div class=\"theme-button-wrap textcenter wpex-clr\"><a href=\"https:\/\/jachtenschietsportaalten.nl\/webshop\" class=\"vcex-button theme-button flat align-center wpex-mb-0 inline knoppie vcex_69e79f0b26bb3\"><span class=\"vcex-button-inner theme-button-inner wpex-flex wpex-flex-wrap wpex-items-center wpex-justify-center\">Alle unsere Produkte ansehen<span class=\"vcex-button-icon vcex-icon-wrap theme-button-icon-right\"><span aria-hidden=\"true\" class=\"fas fa-chevron-right\"><\/span><\/span><\/span><\/a><\/div> [vc_empty_space][vc_empty_space][\/vc_column_inner][\/vc_row_inner][\/vc_column][\/vc_row][vc_row full_width=&#8220;stretch_row&#8220; css=&#8220;.vc_custom_1665065366054{background-image: url(https:\/\/jachtenschietsportaalten.nl\/wp-content\/uploads\/2022\/01\/Achtergrond-copy-scaled.jpg?id=284) !important;background-position: center !important;background-repeat: no-repeat !important;background-size: cover !important;}&#8220;][vc_column][vc_empty_space height=&#8220;100&#8243;][vc_empty_space][vc_column_text color=&#8220;#ffffff&#8220;]\n<h4>Gesch\u00e4ft<\/h4>\n[\/vc_column_text][vc_column_text color=&#8220;#ffffff&#8220;]\n<h2>\n            <strong>Auf der Suche nach Kleidung, Ausr\u00fcstung oder anderem Zubeh\u00f6r?<\/strong><br \/>\n          <\/h2>\n[\/vc_column_text][vc_empty_space][vc_column_text color=&#8220;#ffffff&#8220;]St\u00f6bern Sie im Webshop unter anderem nach Kombi-, Hagel- und Pelletpistolen sowie W\u00e4rmebild- und Nachtsichtzubeh\u00f6r.<\/p>\n<p>F\u00fcr alle unsere Produkte sind Sie nat\u00fcrlich auch in unserem Gesch\u00e4ft in Aalten willkommen.[\/vc_column_text][vc_empty_space][vc_row_inner equal_height=&#8220;yes&#8220; gap=&#8220;20&#8243;][vc_column_inner el_class=&#8220;schaduw&#8220; width=&#8220;1\/2&#8243; css=&#8220;.vc_custom_1643639140441{padding-top: 40px !important;padding-bottom: 40px !important;background-color: #ffffff !important;}&#8220;][vc_single_image image=&#8220;943&#8243; img_size=&#8220;100&#215;100&#8243; alignment=&#8220;center&#8220;][vc_column_text]\n<h3 style=\"text-align: center;\">Jagd und Tontaubensport<\/h3>\n[\/vc_column_text][vc_column_text]\n<p style=\"text-align: center;\">Wir haben die besten Materialien f\u00fcr Anf\u00e4nger und Profis.<\/p>\n[\/vc_column_text][vc_empty_space][vc_column_text color=&#8220;palette-234&#8243;]\n<p style=\"text-align: center;\"><a href=\"https:\/\/jachtenschietsportaalten.nl\/de\/shop\/?filters=product_cat%5B41%5D\">Kombinationsgewehre<\/a> | <a href=\"https:\/\/jachtenschietsportaalten.nl\/de\/shop\/?filters=product_cat%5B39%5D\">Schrotflinten<\/a> | <a href=\"https:\/\/jachtenschietsportaalten.nl\/de\/shop\/?filters=product_cat%5B40%5D\">Pelletpistolen<\/a><\/p>\n[\/vc_column_text][vc_empty_space]<style>.vcex-button.vcex_69e79f0b2751c{padding-block:10px;}<\/style><div class=\"theme-button-wrap textcenter wpex-clr\"><a href=\"https:\/\/jachtenschietsportaalten.nl\/product-categorie\/jacht-en-kleiduifsport\/\" class=\"vcex-button theme-button flat align-center wpex-mb-0 inline knoppie vcex_69e79f0b2751c\"><span class=\"vcex-button-inner theme-button-inner wpex-flex wpex-flex-wrap wpex-items-center wpex-justify-center\">Schau hier<span class=\"vcex-button-icon vcex-icon-wrap theme-button-icon-right\"><span aria-hidden=\"true\" class=\"fas fa-chevron-right\"><\/span><\/span><\/span><\/a><\/div> [\/vc_column_inner][vc_column_inner el_class=&#8220;schaduw&#8220; width=&#8220;1\/2&#8243; css=&#8220;.vc_custom_1643639145360{padding-top: 40px !important;padding-bottom: 40px !important;background-color: #ffffff !important;}&#8220;][vc_single_image image=&#8220;944&#8243; img_size=&#8220;100&#215;100&#8243; alignment=&#8220;center&#8220;][vc_column_text]\n<h3 style=\"text-align: center;\">Zubeh\u00f6r<\/h3>\n[\/vc_column_text][vc_column_text css=&#8220;.vc_custom_1663746263572{padding-right: 20px !important;padding-left: 20px !important;}&#8220;]\n<p style=\"text-align: center;\">Eine gute Vorbereitung ist die halbe Miete. F\u00fcr Erweiterungsm\u00f6glichkeiten und Zubeh\u00f6r besuchen Sie unseren Webshop.<\/p>\n[\/vc_column_text][vc_empty_space][vc_column_text color=&#8220;palette-234&#8243;]\n<p style=\"text-align: center;\"><a href=\"https:\/\/jachtenschietsportaalten.nl\/de\/shop\/?filters=product_cat%5B46%5D\">koffer und taschen<\/a> | <a href=\"https:\/\/jachtenschietsportaalten.nl\/de\/shop\/?filters=product_cat%5B44%5D\">optik | <\/a> <a href=\"https:\/\/jachtenschietsportaalten.nl\/de\/shop\/?filters=product_cat%5B48%5D\">sonstiges<\/a><\/p>\n[\/vc_column_text][vc_empty_space]<style>.vcex-button.vcex_69e79f0b27e2f{padding-block:10px;}<\/style><div class=\"theme-button-wrap textcenter wpex-clr\"><a href=\"https:\/\/jachtenschietsportaalten.nl\/product-categorie\/accessoires\/\" class=\"vcex-button theme-button flat align-center wpex-mb-0 inline knoppie vcex_69e79f0b27e2f\"><span class=\"vcex-button-inner theme-button-inner wpex-flex wpex-flex-wrap wpex-items-center wpex-justify-center\">Schau hier<span class=\"vcex-button-icon vcex-icon-wrap theme-button-icon-right\"><span aria-hidden=\"true\" class=\"fas fa-chevron-right\"><\/span><\/span><\/span><\/a><\/div> [\/vc_column_inner][\/vc_row_inner][vc_empty_space][vc_column_text color=&#8220;#ffffff&#8220;]\n<p style=\"text-align: center;\">Wenn Sie nicht genau wissen, was Sie brauchen?<br \/>\nUnsere zertifizierten Spezialisten helfen Ihnen gerne weiter!<\/p>\n[\/vc_column_text][vc_empty_space]<style>.vcex-button.vcex_69e79f0b287d1{padding-block:10px;}<\/style><div class=\"theme-button-wrap textcenter wpex-clr\"><a href=\"https:\/\/jachtenschietsportaalten.nl\/de\/kontakt\/\" class=\"vcex-button theme-button flat align-center wpex-mb-0 inline schaduw vcex_69e79f0b287d1\"><span class=\"vcex-button-inner theme-button-inner wpex-flex wpex-flex-wrap wpex-items-center wpex-justify-center\">Kontaktiere uns<span class=\"vcex-button-icon vcex-icon-wrap theme-button-icon-right\"><span aria-hidden=\"true\" class=\"fas fa-chevron-right\"><\/span><\/span><\/span><\/a><\/div> [vc_empty_space height=&#8220;100&#8243;][\/vc_column][\/vc_row]\n<\/div>","protected":false},"excerpt":{"rendered":"<p>[vc_row][vc_column][vc_empty_space height=&#8220;40&#8243;][\/vc_column][\/vc_row][vc_row full_width=&#8220;stretch_row&#8220; column_spacing=&#8220;0px&#8220; gap=&#8220;35&#8243; css=&#8220;.vc_custom_1665411689675{padding-bottom: 40px !important;background-position: center !important;background-repeat: no-repeat !important;background-size: cover !important;}&#8220; wpex_zindex=&#8220;5&#8243; visibility=&#8220;hidden-phone&#8220;][vc_column][vc_column_text] Willkommen [\/vc_column_text][vc_column_text] Das Gesch\u00e4ft f\u00fcr Jagd und Schie\u00dfsport in der Landschaft von Achterhoek [\/vc_column_text][vc_empty_space][vc_row_inner equal_height=&#8220;yes&#8220;][vc_column_inner css=&#8220;.vc_custom_1664524427576{margin-right: 50px !important;}&#8220;][vc_column_text css=&#8220;.vc_custom_1666102802362{padding-top: 40px !important;padding-right: 15px !important;padding-bottom: 80px !important;padding-left: 15px !important;background-color: #ffffff !important;}&#8220; el_class=&#8220;schaduw flexie1&#8243;]Willkommen bei Jacht- en Schietsport Aalten, dem Webshop der&hellip;<\/p>\n","protected":false},"author":5,"featured_media":0,"parent":0,"menu_order":0,"comment_status":"closed","ping_status":"closed","template":"","meta":{"inline_featured_image":false,"footnotes":""},"class_list":["post-991","page","type-page","status-publish","hentry","entry","no-media"],"yoast_head":"<!-- This site is optimized with the Yoast SEO plugin v27.4 - https:\/\/yoast.com\/product\/yoast-seo-wordpress\/ -->\n<title>Startseite - Jacht en Schietsport Aalten<\/title>\n<meta name=\"robots\" content=\"index, follow, max-snippet:-1, max-image-preview:large, max-video-preview:-1\" \/>\n<link rel=\"canonical\" href=\"https:\/\/jachtenschietsportaalten.nl\/de\/startseite\/\" \/>\n<meta property=\"og:locale\" content=\"de_DE\" \/>\n<meta property=\"og:type\" content=\"article\" \/>\n<meta property=\"og:title\" content=\"Startseite - Jacht en Schietsport Aalten\" \/>\n<meta property=\"og:description\" content=\"[vc_row][vc_column][vc_empty_space height=&#8220;40&#8243;][\/vc_column][\/vc_row][vc_row full_width=&#8220;stretch_row&#8220; column_spacing=&#8220;0px&#8220; gap=&#8220;35&#8243; css=&#8220;.vc_custom_1665411689675{padding-bottom: 40px !important;background-position: center !important;background-repeat: no-repeat !important;background-size: cover !important;}&#8220; wpex_zindex=&#8220;5&#8243; visibility=&#8220;hidden-phone&#8220;][vc_column][vc_column_text] Willkommen [\/vc_column_text][vc_column_text] Das Gesch\u00e4ft f\u00fcr Jagd und Schie\u00dfsport in der Landschaft von Achterhoek [\/vc_column_text][vc_empty_space][vc_row_inner equal_height=&#8220;yes&#8220;][vc_column_inner css=&#8220;.vc_custom_1664524427576{margin-right: 50px !important;}&#8220;][vc_column_text css=&#8220;.vc_custom_1666102802362{padding-top: 40px !important;padding-right: 15px !important;padding-bottom: 80px !important;padding-left: 15px !important;background-color: #ffffff !important;}&#8220; el_class=&#8220;schaduw flexie1&#8243;]Willkommen bei Jacht- en Schietsport Aalten, dem Webshop der&hellip;\" \/>\n<meta property=\"og:url\" content=\"https:\/\/jachtenschietsportaalten.nl\/de\/startseite\/\" \/>\n<meta property=\"og:site_name\" content=\"Jacht en Schietsport Aalten\" \/>\n<meta property=\"article:modified_time\" content=\"2023-03-14T12:39:16+00:00\" \/>\n<meta name=\"twitter:card\" content=\"summary_large_image\" \/>\n<meta name=\"twitter:label1\" content=\"Gesch\u00e4tzte Lesezeit\" \/>\n\t<meta name=\"twitter:data1\" content=\"4\u00a0Minuten\" \/>\n<script type=\"application\/ld+json\" class=\"yoast-schema-graph\">{\"@context\":\"https:\\\/\\\/schema.org\",\"@graph\":[{\"@type\":\"WebPage\",\"@id\":\"https:\\\/\\\/jachtenschietsportaalten.nl\\\/de\\\/startseite\\\/\",\"url\":\"https:\\\/\\\/jachtenschietsportaalten.nl\\\/de\\\/startseite\\\/\",\"name\":\"Startseite - Jacht en Schietsport Aalten\",\"isPartOf\":{\"@id\":\"https:\\\/\\\/jachtenschietsportaalten.nl\\\/#website\"},\"datePublished\":\"2021-01-27T00:04:16+00:00\",\"dateModified\":\"2023-03-14T12:39:16+00:00\",\"breadcrumb\":{\"@id\":\"https:\\\/\\\/jachtenschietsportaalten.nl\\\/de\\\/startseite\\\/#breadcrumb\"},\"inLanguage\":\"de\",\"potentialAction\":[{\"@type\":\"ReadAction\",\"target\":[\"https:\\\/\\\/jachtenschietsportaalten.nl\\\/de\\\/startseite\\\/\"]}]},{\"@type\":\"BreadcrumbList\",\"@id\":\"https:\\\/\\\/jachtenschietsportaalten.nl\\\/de\\\/startseite\\\/#breadcrumb\",\"itemListElement\":[{\"@type\":\"ListItem\",\"position\":1,\"name\":\"Home\",\"item\":\"https:\\\/\\\/jachtenschietsportaalten.nl\\\/de\\\/startseite\\\/\"},{\"@type\":\"ListItem\",\"position\":2,\"name\":\"Startseite\"}]},{\"@type\":\"WebSite\",\"@id\":\"https:\\\/\\\/jachtenschietsportaalten.nl\\\/#website\",\"url\":\"https:\\\/\\\/jachtenschietsportaalten.nl\\\/\",\"name\":\"Jacht en Schietsport Aalten\",\"description\":\"Webshop\",\"publisher\":{\"@id\":\"https:\\\/\\\/jachtenschietsportaalten.nl\\\/#organization\"},\"potentialAction\":[{\"@type\":\"SearchAction\",\"target\":{\"@type\":\"EntryPoint\",\"urlTemplate\":\"https:\\\/\\\/jachtenschietsportaalten.nl\\\/?s={search_term_string}\"},\"query-input\":{\"@type\":\"PropertyValueSpecification\",\"valueRequired\":true,\"valueName\":\"search_term_string\"}}],\"inLanguage\":\"de\"},{\"@type\":\"Organization\",\"@id\":\"https:\\\/\\\/jachtenschietsportaalten.nl\\\/#organization\",\"name\":\"Jacht en Schietsport Aalten\",\"url\":\"https:\\\/\\\/jachtenschietsportaalten.nl\\\/\",\"logo\":{\"@type\":\"ImageObject\",\"inLanguage\":\"de\",\"@id\":\"https:\\\/\\\/jachtenschietsportaalten.nl\\\/#\\\/schema\\\/logo\\\/image\\\/\",\"url\":\"https:\\\/\\\/jachtenschietsportaalten.nl\\\/wp-content\\\/uploads\\\/2022\\\/08\\\/Voskuil_Logo_CMYK-Liggend_02.png\",\"contentUrl\":\"https:\\\/\\\/jachtenschietsportaalten.nl\\\/wp-content\\\/uploads\\\/2022\\\/08\\\/Voskuil_Logo_CMYK-Liggend_02.png\",\"width\":2212,\"height\":679,\"caption\":\"Jacht en Schietsport Aalten\"},\"image\":{\"@id\":\"https:\\\/\\\/jachtenschietsportaalten.nl\\\/#\\\/schema\\\/logo\\\/image\\\/\"}}]}<\/script>\n<!-- \/ Yoast SEO plugin. -->","yoast_head_json":{"title":"Startseite - Jacht en Schietsport Aalten","robots":{"index":"index","follow":"follow","max-snippet":"max-snippet:-1","max-image-preview":"max-image-preview:large","max-video-preview":"max-video-preview:-1"},"canonical":"https:\/\/jachtenschietsportaalten.nl\/de\/startseite\/","og_locale":"de_DE","og_type":"article","og_title":"Startseite - Jacht en Schietsport Aalten","og_description":"[vc_row][vc_column][vc_empty_space height=&#8220;40&#8243;][\/vc_column][\/vc_row][vc_row full_width=&#8220;stretch_row&#8220; column_spacing=&#8220;0px&#8220; gap=&#8220;35&#8243; css=&#8220;.vc_custom_1665411689675{padding-bottom: 40px !important;background-position: center !important;background-repeat: no-repeat !important;background-size: cover !important;}&#8220; wpex_zindex=&#8220;5&#8243; visibility=&#8220;hidden-phone&#8220;][vc_column][vc_column_text] Willkommen [\/vc_column_text][vc_column_text] Das Gesch\u00e4ft f\u00fcr Jagd und Schie\u00dfsport in der Landschaft von Achterhoek [\/vc_column_text][vc_empty_space][vc_row_inner equal_height=&#8220;yes&#8220;][vc_column_inner css=&#8220;.vc_custom_1664524427576{margin-right: 50px !important;}&#8220;][vc_column_text css=&#8220;.vc_custom_1666102802362{padding-top: 40px !important;padding-right: 15px !important;padding-bottom: 80px !important;padding-left: 15px !important;background-color: #ffffff !important;}&#8220; el_class=&#8220;schaduw flexie1&#8243;]Willkommen bei Jacht- en Schietsport Aalten, dem Webshop der&hellip;","og_url":"https:\/\/jachtenschietsportaalten.nl\/de\/startseite\/","og_site_name":"Jacht en Schietsport Aalten","article_modified_time":"2023-03-14T12:39:16+00:00","twitter_card":"summary_large_image","twitter_misc":{"Gesch\u00e4tzte Lesezeit":"4\u00a0Minuten"},"schema":{"@context":"https:\/\/schema.org","@graph":[{"@type":"WebPage","@id":"https:\/\/jachtenschietsportaalten.nl\/de\/startseite\/","url":"https:\/\/jachtenschietsportaalten.nl\/de\/startseite\/","name":"Startseite - Jacht en Schietsport Aalten","isPartOf":{"@id":"https:\/\/jachtenschietsportaalten.nl\/#website"},"datePublished":"2021-01-27T00:04:16+00:00","dateModified":"2023-03-14T12:39:16+00:00","breadcrumb":{"@id":"https:\/\/jachtenschietsportaalten.nl\/de\/startseite\/#breadcrumb"},"inLanguage":"de","potentialAction":[{"@type":"ReadAction","target":["https:\/\/jachtenschietsportaalten.nl\/de\/startseite\/"]}]},{"@type":"BreadcrumbList","@id":"https:\/\/jachtenschietsportaalten.nl\/de\/startseite\/#breadcrumb","itemListElement":[{"@type":"ListItem","position":1,"name":"Home","item":"https:\/\/jachtenschietsportaalten.nl\/de\/startseite\/"},{"@type":"ListItem","position":2,"name":"Startseite"}]},{"@type":"WebSite","@id":"https:\/\/jachtenschietsportaalten.nl\/#website","url":"https:\/\/jachtenschietsportaalten.nl\/","name":"Jacht en Schietsport Aalten","description":"Webshop","publisher":{"@id":"https:\/\/jachtenschietsportaalten.nl\/#organization"},"potentialAction":[{"@type":"SearchAction","target":{"@type":"EntryPoint","urlTemplate":"https:\/\/jachtenschietsportaalten.nl\/?s={search_term_string}"},"query-input":{"@type":"PropertyValueSpecification","valueRequired":true,"valueName":"search_term_string"}}],"inLanguage":"de"},{"@type":"Organization","@id":"https:\/\/jachtenschietsportaalten.nl\/#organization","name":"Jacht en Schietsport Aalten","url":"https:\/\/jachtenschietsportaalten.nl\/","logo":{"@type":"ImageObject","inLanguage":"de","@id":"https:\/\/jachtenschietsportaalten.nl\/#\/schema\/logo\/image\/","url":"https:\/\/jachtenschietsportaalten.nl\/wp-content\/uploads\/2022\/08\/Voskuil_Logo_CMYK-Liggend_02.png","contentUrl":"https:\/\/jachtenschietsportaalten.nl\/wp-content\/uploads\/2022\/08\/Voskuil_Logo_CMYK-Liggend_02.png","width":2212,"height":679,"caption":"Jacht en Schietsport Aalten"},"image":{"@id":"https:\/\/jachtenschietsportaalten.nl\/#\/schema\/logo\/image\/"}}]}},"_links":{"self":[{"href":"https:\/\/jachtenschietsportaalten.nl\/de\/wp-json\/wp\/v2\/pages\/991","targetHints":{"allow":["GET"]}}],"collection":[{"href":"https:\/\/jachtenschietsportaalten.nl\/de\/wp-json\/wp\/v2\/pages"}],"about":[{"href":"https:\/\/jachtenschietsportaalten.nl\/de\/wp-json\/wp\/v2\/types\/page"}],"author":[{"embeddable":true,"href":"https:\/\/jachtenschietsportaalten.nl\/de\/wp-json\/wp\/v2\/users\/5"}],"replies":[{"embeddable":true,"href":"https:\/\/jachtenschietsportaalten.nl\/de\/wp-json\/wp\/v2\/comments?post=991"}],"version-history":[{"count":220,"href":"https:\/\/jachtenschietsportaalten.nl\/de\/wp-json\/wp\/v2\/pages\/991\/revisions"}],"predecessor-version":[{"id":4470,"href":"https:\/\/jachtenschietsportaalten.nl\/de\/wp-json\/wp\/v2\/pages\/991\/revisions\/4470"}],"wp:attachment":[{"href":"https:\/\/jachtenschietsportaalten.nl\/de\/wp-json\/wp\/v2\/media?parent=991"}],"curies":[{"name":"wp","href":"https:\/\/api.w.org\/{rel}","templated":true}]}}