{"id":992,"date":"2022-03-10T12:00:20","date_gmt":"2022-03-10T10:00:20","guid":{"rendered":"http:\/\/voskuil.realdev.nl\/ueber-uns\/"},"modified":"2025-02-05T18:56:16","modified_gmt":"2025-02-05T16:56:16","slug":"ueber-uns","status":"publish","type":"page","link":"https:\/\/jachtenschietsportaalten.nl\/de\/ueber-uns\/","title":{"rendered":"\u00dcber uns"},"content":{"rendered":"<div class=\"wpb-content-wrapper\">[vc_row full_width=&#8220;stretch_row_content_no_spaces&#8220; parallax=&#8220;content-moving&#8220; parallax_image=&#8220;449&#8243; parallax_speed_bg=&#8220;2&#8243; css=&#8220;.vc_custom_1665412053435{background-image: url(https:\/\/voskuilaalten.nl\/wp-content\/uploads\/2022\/03\/09ddc21e-f266-43d6-88da-4f51bb754ea6-copy-e1646922460679.jpg?id=449) !important;background-position: center;background-repeat: no-repeat;background-size: cover !important;}&#8220;][vc_column][vc_empty_space height=&#8220;500&#8243;][\/vc_column][\/vc_row][vc_row full_width=&#8220;stretch_row_content_no_spaces&#8220; css=&#8220;.vc_custom_1652772134836{background-position: center !important;background-repeat: no-repeat !important;background-size: cover !important;}&#8220;][vc_column][\/vc_column][\/vc_row][vc_row gap=&#8220;35&#8243; equal_height=&#8220;yes&#8220;][vc_column width=&#8220;1\/2&#8243; css=&#8220;.vc_custom_1646920584543{background-position: center !important;background-repeat: no-repeat !important;background-size: cover !important;}&#8220;][vc_column_text]\n<h4>\u00dcber uns<\/h4>\n[\/vc_column_text][vc_column_text]\n<h2>Was macht uns zu dem, was wir sind?<\/h2>\n[\/vc_column_text][vc_empty_space][vc_column_text]Jagd- und Schie\u00dfsport Aalten ist der Webshop der <a href=\"https:\/\/voskuilaalten.nl\/\" target=\"_blank\" rel=\"noopener\">Skeetschie\u00dfanlage Voskuil Aalten<\/a>. Wir bieten Ihnen eine Auswahl nahmhafter Hersteller in unserem hauseigenem Ladengesch\u00e4ft an. Diese k\u00f6nnen Sie unter fachkundiger Beratung ansehen und testen. Jeder Kunde wird von unserem B\u00fcchsenmacher speziel, f\u00fcr die jeweilige Anwendung, zur Jagd oder zum Sportschie\u00dfen individuell beraten.<\/p>\n<p>Es besteht auch die M\u00f6glichkeit, die Schrotflinten und\/oder Luftgewehre auf dem Schie\u00dfstand zu testen. Auf diese Weise k\u00f6nnen Sie das Produkt testen, um festzustellen, ob es alle Ihre Anforderungen erf\u00fcllt.<\/p>\n<p>Ist Ihre Waffe wartungs- oder reparaturbed\u00fcrftig? Dann k\u00f6nnen Sie auch zu Voskuil Aalten kommen, wir bieten einen Reparaturservice f\u00fcr Gewehre an.<\/p>\n<p>Wir sind ein vom Justizministerium rechtlich anerkannter Waffenh\u00e4ndler und Mitglied des Berufsverbands VVJS.<\/p>\n<p style=\"text-align: center;\"><img loading=\"lazy\" decoding=\"async\" class=\"alignnone size-medium wp-image-2646\" src=\"https:\/\/jachtenschietsportaalten.nl\/wp-content\/uploads\/2022\/09\/vvjs-300x100.png\" alt=\"\" width=\"300\" height=\"100\" srcset=\"https:\/\/jachtenschietsportaalten.nl\/wp-content\/uploads\/2022\/09\/vvjs-300x100.png 300w, https:\/\/jachtenschietsportaalten.nl\/wp-content\/uploads\/2022\/09\/vvjs.png 543w\" sizes=\"auto, (max-width: 300px) 100vw, 300px\" \/><\/p>\n[\/vc_column_text][\/vc_column][vc_column width=&#8220;1\/2&#8243; css=&#8220;.vc_custom_1651764270056{background-position: center !important;background-repeat: no-repeat !important;background-size: cover !important;}&#8220;][vc_single_image image=&#8220;955&#8243;][vc_column_text]Von links nach rechts Harald Voskuil, Wiljan Messing, Bianca Overbekking und Rowdy ter Voert[\/vc_column_text][\/vc_column][\/vc_row][vc_row full_width=&#8220;stretch_row&#8220; css=&#8220;.vc_custom_1652774116244{padding-top: 80px !important;background-image: url(https:\/\/voskuilaalten.nl\/wp-content\/uploads\/2022\/01\/Achtergrond-copy-scaled.jpg?id=284) !important;background-position: center !important;background-repeat: no-repeat !important;background-size: cover !important;}&#8220;][vc_column][vc_row_inner][vc_column_inner][vc_column_text color=&#8220;#ffffff&#8220;]\n<h4>Unser Team<\/h4>\n[\/vc_column_text][vc_column_text color=&#8220;#ffffff&#8220;]\n<h2>Wer sind wir?<\/h2>\n[\/vc_column_text][\/vc_column_inner][\/vc_row_inner][vc_row_inner equal_height=&#8220;yes&#8220; gap=&#8220;35&#8243;][vc_column_inner el_class=&#8220;schaduw&#8220; width=&#8220;1\/2&#8243; css=&#8220;.vc_custom_1646916911888{margin-right: 0px !important;margin-left: 0px !important;padding-top: 0px !important;padding-right: 0px !important;padding-bottom: 0px !important;padding-left: 0px !important;background-color: #ffffff !important;}&#8220;][vc_empty_space height=&#8220;300&#8243; css=&#8220;.vc_custom_1663049354472{background-image: url(https:\/\/jachtenschietsportaalten.nl\/wp-content\/uploads\/2022\/09\/harad.jpg?id=2659) !important;background-position: center !important;background-repeat: no-repeat !important;background-size: cover !important;}&#8220;][vc_column_text]\n<h3 style=\"text-align: center;\">Harald Voskuil<\/h3>\n[\/vc_column_text][vc_column_text css=&#8220;.vc_custom_1663048766433{padding-right: 20px !important;padding-left: 20px !important;}&#8220;]\n<p style=\"text-align: center;\">Werden Sie im Laden vorbeikommen? Dann steht Ihnen Harald Voskuil mit Rat und Tat zur Seite. Harald ist Eigent\u00fcmer des Gesch\u00e4fts und des Schie\u00dfstandes Voskuil Aalten. Alles, was mit der Jagd und dem Schie\u00dfsport zu tun hat, wurde Harald schon in jungen Jahren eingeimpft. Damals begann sein Vater mit dem Verkauf von Jagd- und Schie\u00dfsportausr\u00fcstung im Zentrum von Aalten. Seit 2016 befindet sich das Gesch\u00e4ft auf dem Tontaubenschie\u00dfstand. Harald ber\u00e4t Sie gerne \u00fcber alle verf\u00fcgbaren Produkte. Er ist spezialisiert auf Gewehre und Zielfernrohre f\u00fcr die Jagd. W\u00e4hrend seiner Jagdtage testet er die Zielfernrohre, damit er wei\u00df, wovon er spricht und die richtigen Ratschl\u00e4ge geben kann.<\/p>\n[\/vc_column_text][vc_empty_space][vc_empty_space][\/vc_column_inner][vc_column_inner el_class=&#8220;schaduw&#8220; width=&#8220;1\/2&#8243; css=&#8220;.vc_custom_1646916904400{margin-right: 0px !important;margin-left: 0px !important;padding-top: 0px !important;padding-right: 0px !important;padding-bottom: 0px !important;padding-left: 0px !important;background-color: #ffffff !important;}&#8220;][vc_empty_space height=&#8220;300&#8243; css=&#8220;.vc_custom_1663049358695{background-image: url(https:\/\/jachtenschietsportaalten.nl\/wp-content\/uploads\/2022\/09\/rowdy.jpg?id=2661) !important;background-position: center !important;background-repeat: no-repeat !important;background-size: cover !important;}&#8220;][vc_column_text]\n<h3 style=\"text-align: center;\">Rowdy ter Voert<\/h3>\n[\/vc_column_text][vc_column_text css=&#8220;.vc_custom_1663048781161{padding-right: 20px !important;padding-left: 20px !important;}&#8220;]\n<p style=\"text-align: center;\">Rowdy kann auch im Laden angetroffen werden. Er wird mittwochs und regelm\u00e4\u00dfig samstags anwesend sein. Er verf\u00fcgt \u00fcber umfassende Kenntnisse der verschiedenen Waffen und ist ein TSK-Spezialist.<\/p>\n[\/vc_column_text][vc_empty_space][vc_empty_space][\/vc_column_inner][\/vc_row_inner][\/vc_column][\/vc_row][vc_row full_width=&#8220;stretch_row_content_no_spaces&#8220; css=&#8220;.vc_custom_1652772134836{background-position: center !important;background-repeat: no-repeat !important;background-size: cover !important;}&#8220;][vc_column][\/vc_column][\/vc_row][vc_row content_placement=&#8220;middle&#8220; gap=&#8220;35&#8243; equal_height=&#8220;yes&#8220;][vc_column width=&#8220;1\/2&#8243;][vc_single_image image=&#8220;3666&#8243; img_size=&#8220;large&#8220;][\/vc_column][vc_column width=&#8220;1\/2&#8243; css=&#8220;.vc_custom_1646920584543{background-position: center !important;background-repeat: no-repeat !important;background-size: cover !important;}&#8220;][vc_column_text]\n<h4>Tontauben-Schie\u00dfplatz Voskuil Aalten<\/h4>\n[\/vc_column_text][vc_column_text]\n<h2>Den Sport kennenlernen<\/h2>\n[\/vc_column_text][vc_empty_space][vc_column_text]Im sch\u00f6nen Achterhoek, inmitten der gr\u00fcnen Landschaft von Het Goor, finden Sie unseren gastfreundlichen Tontaubenschie\u00dfplatz Voskuil Aalten. Sind Sie bereits in den Bann des Schie\u00dfsports geraten und m\u00f6chten andere in diese anspruchsvolle Outdoor-Aktivit\u00e4t einf\u00fchren? Dann kommen Sie mit und f\u00fchren Sie sie auf spielerische Art und Weise an diesen Sport heran![\/vc_column_text][vc_empty_space height=&#8220;16&#8243;]<a href=\"https:\/\/voskuilaalten.nl\/\" class=\"vcex-button theme-button inline\" target=\"_blank\" rel=\"noopener noreferrer\"><span class=\"vcex-button-inner theme-button-inner wpex-flex wpex-flex-wrap wpex-items-center wpex-justify-center\">Weiter zu Voskuilaalten.nl<\/span><\/a> [\/vc_column][\/vc_row]\n<\/div>","protected":false},"excerpt":{"rendered":"<p>[vc_row full_width=&#8220;stretch_row_content_no_spaces&#8220; parallax=&#8220;content-moving&#8220; parallax_image=&#8220;449&#8243; parallax_speed_bg=&#8220;2&#8243; css=&#8220;.vc_custom_1665412053435{background-image: url(https:\/\/voskuilaalten.nl\/wp-content\/uploads\/2022\/03\/09ddc21e-f266-43d6-88da-4f51bb754ea6-copy-e1646922460679.jpg?id=449) !important;background-position: center;background-repeat: no-repeat;background-size: cover !important;}&#8220;][vc_column][vc_empty_space height=&#8220;500&#8243;][\/vc_column][\/vc_row][vc_row full_width=&#8220;stretch_row_content_no_spaces&#8220; css=&#8220;.vc_custom_1652772134836{background-position: center !important;background-repeat: no-repeat !important;background-size: cover !important;}&#8220;][vc_column][\/vc_column][\/vc_row][vc_row gap=&#8220;35&#8243; equal_height=&#8220;yes&#8220;][vc_column width=&#8220;1\/2&#8243; css=&#8220;.vc_custom_1646920584543{background-position: center !important;background-repeat: no-repeat !important;background-size: cover !important;}&#8220;][vc_column_text] \u00dcber uns [\/vc_column_text][vc_column_text] Was macht uns zu dem, was wir sind? [\/vc_column_text][vc_empty_space][vc_column_text]Jagd- und Schie\u00dfsport Aalten ist der Webshop der Skeetschie\u00dfanlage Voskuil Aalten. Wir bieten&hellip;<\/p>\n","protected":false},"author":5,"featured_media":0,"parent":0,"menu_order":0,"comment_status":"closed","ping_status":"closed","template":"","meta":{"inline_featured_image":false,"footnotes":""},"class_list":["post-992","page","type-page","status-publish","hentry","entry","no-media"],"yoast_head":"<!-- This site is optimized with the Yoast SEO plugin v27.4 - https:\/\/yoast.com\/product\/yoast-seo-wordpress\/ -->\n<title>\u00dcber uns - Jacht en Schietsport Aalten<\/title>\n<meta name=\"robots\" content=\"index, follow, max-snippet:-1, max-image-preview:large, max-video-preview:-1\" \/>\n<link rel=\"canonical\" href=\"https:\/\/jachtenschietsportaalten.nl\/de\/ueber-uns\/\" \/>\n<meta property=\"og:locale\" content=\"de_DE\" \/>\n<meta property=\"og:type\" content=\"article\" \/>\n<meta property=\"og:title\" content=\"\u00dcber uns - Jacht en Schietsport Aalten\" \/>\n<meta property=\"og:description\" content=\"[vc_row full_width=&#8220;stretch_row_content_no_spaces&#8220; parallax=&#8220;content-moving&#8220; parallax_image=&#8220;449&#8243; parallax_speed_bg=&#8220;2&#8243; css=&#8220;.vc_custom_1665412053435{background-image: url(https:\/\/voskuilaalten.nl\/wp-content\/uploads\/2022\/03\/09ddc21e-f266-43d6-88da-4f51bb754ea6-copy-e1646922460679.jpg?id=449) !important;background-position: center;background-repeat: no-repeat;background-size: cover !important;}&#8220;][vc_column][vc_empty_space height=&#8220;500&#8243;][\/vc_column][\/vc_row][vc_row full_width=&#8220;stretch_row_content_no_spaces&#8220; css=&#8220;.vc_custom_1652772134836{background-position: center !important;background-repeat: no-repeat !important;background-size: cover !important;}&#8220;][vc_column][\/vc_column][\/vc_row][vc_row gap=&#8220;35&#8243; equal_height=&#8220;yes&#8220;][vc_column width=&#8220;1\/2&#8243; css=&#8220;.vc_custom_1646920584543{background-position: center !important;background-repeat: no-repeat !important;background-size: cover !important;}&#8220;][vc_column_text] \u00dcber uns [\/vc_column_text][vc_column_text] Was macht uns zu dem, was wir sind? [\/vc_column_text][vc_empty_space][vc_column_text]Jagd- und Schie\u00dfsport Aalten ist der Webshop der Skeetschie\u00dfanlage Voskuil Aalten. Wir bieten&hellip;\" \/>\n<meta property=\"og:url\" content=\"https:\/\/jachtenschietsportaalten.nl\/de\/ueber-uns\/\" \/>\n<meta property=\"og:site_name\" content=\"Jacht en Schietsport Aalten\" \/>\n<meta property=\"article:modified_time\" content=\"2025-02-05T16:56:16+00:00\" \/>\n<meta property=\"og:image\" content=\"https:\/\/jachtenschietsportaalten.nl\/wp-content\/uploads\/2022\/09\/vvjs.png\" \/>\n\t<meta property=\"og:image:width\" content=\"543\" \/>\n\t<meta property=\"og:image:height\" content=\"181\" \/>\n\t<meta property=\"og:image:type\" content=\"image\/png\" \/>\n<meta name=\"twitter:card\" content=\"summary_large_image\" \/>\n<meta name=\"twitter:label1\" content=\"Gesch\u00e4tzte Lesezeit\" \/>\n\t<meta name=\"twitter:data1\" content=\"4\u00a0Minuten\" \/>\n<script type=\"application\/ld+json\" class=\"yoast-schema-graph\">{\"@context\":\"https:\\\/\\\/schema.org\",\"@graph\":[{\"@type\":\"WebPage\",\"@id\":\"https:\\\/\\\/jachtenschietsportaalten.nl\\\/de\\\/ueber-uns\\\/\",\"url\":\"https:\\\/\\\/jachtenschietsportaalten.nl\\\/de\\\/ueber-uns\\\/\",\"name\":\"\u00dcber uns - Jacht en Schietsport Aalten\",\"isPartOf\":{\"@id\":\"https:\\\/\\\/jachtenschietsportaalten.nl\\\/#website\"},\"primaryImageOfPage\":{\"@id\":\"https:\\\/\\\/jachtenschietsportaalten.nl\\\/de\\\/ueber-uns\\\/#primaryimage\"},\"image\":{\"@id\":\"https:\\\/\\\/jachtenschietsportaalten.nl\\\/de\\\/ueber-uns\\\/#primaryimage\"},\"thumbnailUrl\":\"https:\\\/\\\/jachtenschietsportaalten.nl\\\/wp-content\\\/uploads\\\/2022\\\/09\\\/vvjs-300x100.png\",\"datePublished\":\"2022-03-10T10:00:20+00:00\",\"dateModified\":\"2025-02-05T16:56:16+00:00\",\"breadcrumb\":{\"@id\":\"https:\\\/\\\/jachtenschietsportaalten.nl\\\/de\\\/ueber-uns\\\/#breadcrumb\"},\"inLanguage\":\"de\",\"potentialAction\":[{\"@type\":\"ReadAction\",\"target\":[\"https:\\\/\\\/jachtenschietsportaalten.nl\\\/de\\\/ueber-uns\\\/\"]}]},{\"@type\":\"ImageObject\",\"inLanguage\":\"de\",\"@id\":\"https:\\\/\\\/jachtenschietsportaalten.nl\\\/de\\\/ueber-uns\\\/#primaryimage\",\"url\":\"https:\\\/\\\/jachtenschietsportaalten.nl\\\/wp-content\\\/uploads\\\/2022\\\/09\\\/vvjs-300x100.png\",\"contentUrl\":\"https:\\\/\\\/jachtenschietsportaalten.nl\\\/wp-content\\\/uploads\\\/2022\\\/09\\\/vvjs-300x100.png\"},{\"@type\":\"BreadcrumbList\",\"@id\":\"https:\\\/\\\/jachtenschietsportaalten.nl\\\/de\\\/ueber-uns\\\/#breadcrumb\",\"itemListElement\":[{\"@type\":\"ListItem\",\"position\":1,\"name\":\"Home\",\"item\":\"https:\\\/\\\/jachtenschietsportaalten.nl\\\/de\\\/startseite\\\/\"},{\"@type\":\"ListItem\",\"position\":2,\"name\":\"\u00dcber uns\"}]},{\"@type\":\"WebSite\",\"@id\":\"https:\\\/\\\/jachtenschietsportaalten.nl\\\/#website\",\"url\":\"https:\\\/\\\/jachtenschietsportaalten.nl\\\/\",\"name\":\"Jacht en Schietsport Aalten\",\"description\":\"Webshop\",\"publisher\":{\"@id\":\"https:\\\/\\\/jachtenschietsportaalten.nl\\\/#organization\"},\"potentialAction\":[{\"@type\":\"SearchAction\",\"target\":{\"@type\":\"EntryPoint\",\"urlTemplate\":\"https:\\\/\\\/jachtenschietsportaalten.nl\\\/?s={search_term_string}\"},\"query-input\":{\"@type\":\"PropertyValueSpecification\",\"valueRequired\":true,\"valueName\":\"search_term_string\"}}],\"inLanguage\":\"de\"},{\"@type\":\"Organization\",\"@id\":\"https:\\\/\\\/jachtenschietsportaalten.nl\\\/#organization\",\"name\":\"Jacht en Schietsport Aalten\",\"url\":\"https:\\\/\\\/jachtenschietsportaalten.nl\\\/\",\"logo\":{\"@type\":\"ImageObject\",\"inLanguage\":\"de\",\"@id\":\"https:\\\/\\\/jachtenschietsportaalten.nl\\\/#\\\/schema\\\/logo\\\/image\\\/\",\"url\":\"https:\\\/\\\/jachtenschietsportaalten.nl\\\/wp-content\\\/uploads\\\/2022\\\/08\\\/Voskuil_Logo_CMYK-Liggend_02.png\",\"contentUrl\":\"https:\\\/\\\/jachtenschietsportaalten.nl\\\/wp-content\\\/uploads\\\/2022\\\/08\\\/Voskuil_Logo_CMYK-Liggend_02.png\",\"width\":2212,\"height\":679,\"caption\":\"Jacht en Schietsport Aalten\"},\"image\":{\"@id\":\"https:\\\/\\\/jachtenschietsportaalten.nl\\\/#\\\/schema\\\/logo\\\/image\\\/\"}}]}<\/script>\n<!-- \/ Yoast SEO plugin. -->","yoast_head_json":{"title":"\u00dcber uns - Jacht en Schietsport Aalten","robots":{"index":"index","follow":"follow","max-snippet":"max-snippet:-1","max-image-preview":"max-image-preview:large","max-video-preview":"max-video-preview:-1"},"canonical":"https:\/\/jachtenschietsportaalten.nl\/de\/ueber-uns\/","og_locale":"de_DE","og_type":"article","og_title":"\u00dcber uns - Jacht en Schietsport Aalten","og_description":"[vc_row full_width=&#8220;stretch_row_content_no_spaces&#8220; parallax=&#8220;content-moving&#8220; parallax_image=&#8220;449&#8243; parallax_speed_bg=&#8220;2&#8243; css=&#8220;.vc_custom_1665412053435{background-image: url(https:\/\/voskuilaalten.nl\/wp-content\/uploads\/2022\/03\/09ddc21e-f266-43d6-88da-4f51bb754ea6-copy-e1646922460679.jpg?id=449) !important;background-position: center;background-repeat: no-repeat;background-size: cover !important;}&#8220;][vc_column][vc_empty_space height=&#8220;500&#8243;][\/vc_column][\/vc_row][vc_row full_width=&#8220;stretch_row_content_no_spaces&#8220; css=&#8220;.vc_custom_1652772134836{background-position: center !important;background-repeat: no-repeat !important;background-size: cover !important;}&#8220;][vc_column][\/vc_column][\/vc_row][vc_row gap=&#8220;35&#8243; equal_height=&#8220;yes&#8220;][vc_column width=&#8220;1\/2&#8243; css=&#8220;.vc_custom_1646920584543{background-position: center !important;background-repeat: no-repeat !important;background-size: cover !important;}&#8220;][vc_column_text] \u00dcber uns [\/vc_column_text][vc_column_text] Was macht uns zu dem, was wir sind? [\/vc_column_text][vc_empty_space][vc_column_text]Jagd- und Schie\u00dfsport Aalten ist der Webshop der Skeetschie\u00dfanlage Voskuil Aalten. Wir bieten&hellip;","og_url":"https:\/\/jachtenschietsportaalten.nl\/de\/ueber-uns\/","og_site_name":"Jacht en Schietsport Aalten","article_modified_time":"2025-02-05T16:56:16+00:00","og_image":[{"width":543,"height":181,"url":"https:\/\/jachtenschietsportaalten.nl\/wp-content\/uploads\/2022\/09\/vvjs.png","type":"image\/png"}],"twitter_card":"summary_large_image","twitter_misc":{"Gesch\u00e4tzte Lesezeit":"4\u00a0Minuten"},"schema":{"@context":"https:\/\/schema.org","@graph":[{"@type":"WebPage","@id":"https:\/\/jachtenschietsportaalten.nl\/de\/ueber-uns\/","url":"https:\/\/jachtenschietsportaalten.nl\/de\/ueber-uns\/","name":"\u00dcber uns - Jacht en Schietsport Aalten","isPartOf":{"@id":"https:\/\/jachtenschietsportaalten.nl\/#website"},"primaryImageOfPage":{"@id":"https:\/\/jachtenschietsportaalten.nl\/de\/ueber-uns\/#primaryimage"},"image":{"@id":"https:\/\/jachtenschietsportaalten.nl\/de\/ueber-uns\/#primaryimage"},"thumbnailUrl":"https:\/\/jachtenschietsportaalten.nl\/wp-content\/uploads\/2022\/09\/vvjs-300x100.png","datePublished":"2022-03-10T10:00:20+00:00","dateModified":"2025-02-05T16:56:16+00:00","breadcrumb":{"@id":"https:\/\/jachtenschietsportaalten.nl\/de\/ueber-uns\/#breadcrumb"},"inLanguage":"de","potentialAction":[{"@type":"ReadAction","target":["https:\/\/jachtenschietsportaalten.nl\/de\/ueber-uns\/"]}]},{"@type":"ImageObject","inLanguage":"de","@id":"https:\/\/jachtenschietsportaalten.nl\/de\/ueber-uns\/#primaryimage","url":"https:\/\/jachtenschietsportaalten.nl\/wp-content\/uploads\/2022\/09\/vvjs-300x100.png","contentUrl":"https:\/\/jachtenschietsportaalten.nl\/wp-content\/uploads\/2022\/09\/vvjs-300x100.png"},{"@type":"BreadcrumbList","@id":"https:\/\/jachtenschietsportaalten.nl\/de\/ueber-uns\/#breadcrumb","itemListElement":[{"@type":"ListItem","position":1,"name":"Home","item":"https:\/\/jachtenschietsportaalten.nl\/de\/startseite\/"},{"@type":"ListItem","position":2,"name":"\u00dcber uns"}]},{"@type":"WebSite","@id":"https:\/\/jachtenschietsportaalten.nl\/#website","url":"https:\/\/jachtenschietsportaalten.nl\/","name":"Jacht en Schietsport Aalten","description":"Webshop","publisher":{"@id":"https:\/\/jachtenschietsportaalten.nl\/#organization"},"potentialAction":[{"@type":"SearchAction","target":{"@type":"EntryPoint","urlTemplate":"https:\/\/jachtenschietsportaalten.nl\/?s={search_term_string}"},"query-input":{"@type":"PropertyValueSpecification","valueRequired":true,"valueName":"search_term_string"}}],"inLanguage":"de"},{"@type":"Organization","@id":"https:\/\/jachtenschietsportaalten.nl\/#organization","name":"Jacht en Schietsport Aalten","url":"https:\/\/jachtenschietsportaalten.nl\/","logo":{"@type":"ImageObject","inLanguage":"de","@id":"https:\/\/jachtenschietsportaalten.nl\/#\/schema\/logo\/image\/","url":"https:\/\/jachtenschietsportaalten.nl\/wp-content\/uploads\/2022\/08\/Voskuil_Logo_CMYK-Liggend_02.png","contentUrl":"https:\/\/jachtenschietsportaalten.nl\/wp-content\/uploads\/2022\/08\/Voskuil_Logo_CMYK-Liggend_02.png","width":2212,"height":679,"caption":"Jacht en Schietsport Aalten"},"image":{"@id":"https:\/\/jachtenschietsportaalten.nl\/#\/schema\/logo\/image\/"}}]}},"_links":{"self":[{"href":"https:\/\/jachtenschietsportaalten.nl\/de\/wp-json\/wp\/v2\/pages\/992","targetHints":{"allow":["GET"]}}],"collection":[{"href":"https:\/\/jachtenschietsportaalten.nl\/de\/wp-json\/wp\/v2\/pages"}],"about":[{"href":"https:\/\/jachtenschietsportaalten.nl\/de\/wp-json\/wp\/v2\/types\/page"}],"author":[{"embeddable":true,"href":"https:\/\/jachtenschietsportaalten.nl\/de\/wp-json\/wp\/v2\/users\/5"}],"replies":[{"embeddable":true,"href":"https:\/\/jachtenschietsportaalten.nl\/de\/wp-json\/wp\/v2\/comments?post=992"}],"version-history":[{"count":52,"href":"https:\/\/jachtenschietsportaalten.nl\/de\/wp-json\/wp\/v2\/pages\/992\/revisions"}],"predecessor-version":[{"id":7589,"href":"https:\/\/jachtenschietsportaalten.nl\/de\/wp-json\/wp\/v2\/pages\/992\/revisions\/7589"}],"wp:attachment":[{"href":"https:\/\/jachtenschietsportaalten.nl\/de\/wp-json\/wp\/v2\/media?parent=992"}],"curies":[{"name":"wp","href":"https:\/\/api.w.org\/{rel}","templated":true}]}}