{"id":3006,"date":"2022-08-03T07:25:32","date_gmt":"2022-08-03T05:25:32","guid":{"rendered":"https:\/\/jachtenschietsportaalten.nl\/product\/sauer-101-gti\/"},"modified":"2023-12-30T13:48:15","modified_gmt":"2023-12-30T11:48:15","slug":"sauer-101-gti","status":"publish","type":"product","link":"https:\/\/jachtenschietsportaalten.nl\/de\/produkt\/sauer-101-gti\/","title":{"rendered":"Sauer 101 GTI"},"content":{"rendered":"<p>Die Sauer 101 GTI verf\u00fcgt \u00fcber einen laminierten Schaft mit Daumenloch. Dieser Schaft sorgt f\u00fcr mehr Stabilit\u00e4t beim Schie\u00dfen. Die Schaftbacke ist verstellbar und der Lauf hat ein Gewinde. Au\u00dferdem ist der Verriegelungsknopf extra gro\u00df, damit man schnell proben kann.<\/p>\n","protected":false},"excerpt":{"rendered":"<p>Die Sauer 101 GTI verf\u00fcgt \u00fcber einen laminierten Schaft mit Daumenloch. Dieser Schaft sorgt f\u00fcr mehr Stabilit\u00e4t beim Schie\u00dfen. Die Schaftbacke ist verstellbar und der Lauf hat ein Gewinde. Au\u00dferdem ist der Verriegelungsknopf extra gro\u00df, damit man schnell proben kann.<\/p>\n","protected":false},"featured_media":2020,"comment_status":"closed","ping_status":"closed","template":"","meta":{"inline_featured_image":false},"product_brand":[],"product_cat":[35],"product_tag":[],"class_list":{"0":"post-3006","1":"product","2":"type-product","3":"status-publish","4":"has-post-thumbnail","6":"product_cat-geen-categorie","7":"entry","8":"has-media","10":"first","11":"outofstock","12":"shipping-taxable","13":"purchasable","14":"product-type-simple"},"yoast_head":"<!-- This site is optimized with the Yoast SEO plugin v27.4 - https:\/\/yoast.com\/product\/yoast-seo-wordpress\/ -->\n<title>Sauer 101 GTI - Jacht en Schietsport Aalten<\/title>\n<meta name=\"robots\" content=\"index, follow, max-snippet:-1, max-image-preview:large, max-video-preview:-1\" \/>\n<link rel=\"canonical\" href=\"https:\/\/jachtenschietsportaalten.nl\/de\/produkt\/sauer-101-gti\/\" \/>\n<meta property=\"og:locale\" content=\"de_DE\" \/>\n<meta property=\"og:type\" content=\"article\" \/>\n<meta property=\"og:title\" content=\"Sauer 101 GTI - Jacht en Schietsport Aalten\" \/>\n<meta property=\"og:description\" content=\"Die Sauer 101 GTI verf\u00fcgt \u00fcber einen laminierten Schaft mit Daumenloch. Dieser Schaft sorgt f\u00fcr mehr Stabilit\u00e4t beim Schie\u00dfen. Die Schaftbacke ist verstellbar und der Lauf hat ein Gewinde. Au\u00dferdem ist der Verriegelungsknopf extra gro\u00df, damit man schnell proben kann.\" \/>\n<meta property=\"og:url\" content=\"https:\/\/jachtenschietsportaalten.nl\/de\/produkt\/sauer-101-gti\/\" \/>\n<meta property=\"og:site_name\" content=\"Jacht en Schietsport Aalten\" \/>\n<meta property=\"article:modified_time\" content=\"2023-12-30T11:48:15+00:00\" \/>\n<meta property=\"og:image\" content=\"https:\/\/jachtenschietsportaalten.nl\/wp-content\/uploads\/2022\/08\/220720WH-175-1.jpg\" \/>\n\t<meta property=\"og:image:width\" content=\"1080\" \/>\n\t<meta property=\"og:image:height\" content=\"1080\" \/>\n\t<meta property=\"og:image:type\" content=\"image\/jpeg\" \/>\n<meta name=\"twitter:card\" content=\"summary_large_image\" \/>\n<script type=\"application\/ld+json\" class=\"yoast-schema-graph\">{\"@context\":\"https:\\\/\\\/schema.org\",\"@graph\":[{\"@type\":\"WebPage\",\"@id\":\"https:\\\/\\\/jachtenschietsportaalten.nl\\\/de\\\/produkt\\\/sauer-101-gti\\\/\",\"url\":\"https:\\\/\\\/jachtenschietsportaalten.nl\\\/de\\\/produkt\\\/sauer-101-gti\\\/\",\"name\":\"Sauer 101 GTI - Jacht en Schietsport Aalten\",\"isPartOf\":{\"@id\":\"https:\\\/\\\/jachtenschietsportaalten.nl\\\/#website\"},\"primaryImageOfPage\":{\"@id\":\"https:\\\/\\\/jachtenschietsportaalten.nl\\\/de\\\/produkt\\\/sauer-101-gti\\\/#primaryimage\"},\"image\":{\"@id\":\"https:\\\/\\\/jachtenschietsportaalten.nl\\\/de\\\/produkt\\\/sauer-101-gti\\\/#primaryimage\"},\"thumbnailUrl\":\"https:\\\/\\\/jachtenschietsportaalten.nl\\\/wp-content\\\/uploads\\\/2022\\\/08\\\/220720WH-175-1.jpg\",\"datePublished\":\"2022-08-03T05:25:32+00:00\",\"dateModified\":\"2023-12-30T11:48:15+00:00\",\"breadcrumb\":{\"@id\":\"https:\\\/\\\/jachtenschietsportaalten.nl\\\/de\\\/produkt\\\/sauer-101-gti\\\/#breadcrumb\"},\"inLanguage\":\"de\",\"potentialAction\":[{\"@type\":\"ReadAction\",\"target\":[\"https:\\\/\\\/jachtenschietsportaalten.nl\\\/de\\\/produkt\\\/sauer-101-gti\\\/\"]}]},{\"@type\":\"ImageObject\",\"inLanguage\":\"de\",\"@id\":\"https:\\\/\\\/jachtenschietsportaalten.nl\\\/de\\\/produkt\\\/sauer-101-gti\\\/#primaryimage\",\"url\":\"https:\\\/\\\/jachtenschietsportaalten.nl\\\/wp-content\\\/uploads\\\/2022\\\/08\\\/220720WH-175-1.jpg\",\"contentUrl\":\"https:\\\/\\\/jachtenschietsportaalten.nl\\\/wp-content\\\/uploads\\\/2022\\\/08\\\/220720WH-175-1.jpg\",\"width\":1080,\"height\":1080},{\"@type\":\"BreadcrumbList\",\"@id\":\"https:\\\/\\\/jachtenschietsportaalten.nl\\\/de\\\/produkt\\\/sauer-101-gti\\\/#breadcrumb\",\"itemListElement\":[{\"@type\":\"ListItem\",\"position\":1,\"name\":\"Home\",\"item\":\"https:\\\/\\\/jachtenschietsportaalten.nl\\\/de\\\/startseite\\\/\"},{\"@type\":\"ListItem\",\"position\":2,\"name\":\"Webshop\",\"item\":\"https:\\\/\\\/jachtenschietsportaalten.nl\\\/de\\\/shop\\\/\"},{\"@type\":\"ListItem\",\"position\":3,\"name\":\"Sauer 101 GTI\"}]},{\"@type\":\"WebSite\",\"@id\":\"https:\\\/\\\/jachtenschietsportaalten.nl\\\/#website\",\"url\":\"https:\\\/\\\/jachtenschietsportaalten.nl\\\/\",\"name\":\"Jacht en Schietsport Aalten\",\"description\":\"Webshop\",\"publisher\":{\"@id\":\"https:\\\/\\\/jachtenschietsportaalten.nl\\\/#organization\"},\"potentialAction\":[{\"@type\":\"SearchAction\",\"target\":{\"@type\":\"EntryPoint\",\"urlTemplate\":\"https:\\\/\\\/jachtenschietsportaalten.nl\\\/?s={search_term_string}\"},\"query-input\":{\"@type\":\"PropertyValueSpecification\",\"valueRequired\":true,\"valueName\":\"search_term_string\"}}],\"inLanguage\":\"de\"},{\"@type\":\"Organization\",\"@id\":\"https:\\\/\\\/jachtenschietsportaalten.nl\\\/#organization\",\"name\":\"Jacht en Schietsport Aalten\",\"url\":\"https:\\\/\\\/jachtenschietsportaalten.nl\\\/\",\"logo\":{\"@type\":\"ImageObject\",\"inLanguage\":\"de\",\"@id\":\"https:\\\/\\\/jachtenschietsportaalten.nl\\\/#\\\/schema\\\/logo\\\/image\\\/\",\"url\":\"https:\\\/\\\/jachtenschietsportaalten.nl\\\/wp-content\\\/uploads\\\/2022\\\/08\\\/Voskuil_Logo_CMYK-Liggend_02.png\",\"contentUrl\":\"https:\\\/\\\/jachtenschietsportaalten.nl\\\/wp-content\\\/uploads\\\/2022\\\/08\\\/Voskuil_Logo_CMYK-Liggend_02.png\",\"width\":2212,\"height\":679,\"caption\":\"Jacht en Schietsport Aalten\"},\"image\":{\"@id\":\"https:\\\/\\\/jachtenschietsportaalten.nl\\\/#\\\/schema\\\/logo\\\/image\\\/\"}}]}<\/script>\n<!-- \/ Yoast SEO plugin. -->","yoast_head_json":{"title":"Sauer 101 GTI - Jacht en Schietsport Aalten","robots":{"index":"index","follow":"follow","max-snippet":"max-snippet:-1","max-image-preview":"max-image-preview:large","max-video-preview":"max-video-preview:-1"},"canonical":"https:\/\/jachtenschietsportaalten.nl\/de\/produkt\/sauer-101-gti\/","og_locale":"de_DE","og_type":"article","og_title":"Sauer 101 GTI - Jacht en Schietsport Aalten","og_description":"Die Sauer 101 GTI verf\u00fcgt \u00fcber einen laminierten Schaft mit Daumenloch. Dieser Schaft sorgt f\u00fcr mehr Stabilit\u00e4t beim Schie\u00dfen. Die Schaftbacke ist verstellbar und der Lauf hat ein Gewinde. Au\u00dferdem ist der Verriegelungsknopf extra gro\u00df, damit man schnell proben kann.","og_url":"https:\/\/jachtenschietsportaalten.nl\/de\/produkt\/sauer-101-gti\/","og_site_name":"Jacht en Schietsport Aalten","article_modified_time":"2023-12-30T11:48:15+00:00","og_image":[{"width":1080,"height":1080,"url":"https:\/\/jachtenschietsportaalten.nl\/wp-content\/uploads\/2022\/08\/220720WH-175-1.jpg","type":"image\/jpeg"}],"twitter_card":"summary_large_image","schema":{"@context":"https:\/\/schema.org","@graph":[{"@type":"WebPage","@id":"https:\/\/jachtenschietsportaalten.nl\/de\/produkt\/sauer-101-gti\/","url":"https:\/\/jachtenschietsportaalten.nl\/de\/produkt\/sauer-101-gti\/","name":"Sauer 101 GTI - Jacht en Schietsport Aalten","isPartOf":{"@id":"https:\/\/jachtenschietsportaalten.nl\/#website"},"primaryImageOfPage":{"@id":"https:\/\/jachtenschietsportaalten.nl\/de\/produkt\/sauer-101-gti\/#primaryimage"},"image":{"@id":"https:\/\/jachtenschietsportaalten.nl\/de\/produkt\/sauer-101-gti\/#primaryimage"},"thumbnailUrl":"https:\/\/jachtenschietsportaalten.nl\/wp-content\/uploads\/2022\/08\/220720WH-175-1.jpg","datePublished":"2022-08-03T05:25:32+00:00","dateModified":"2023-12-30T11:48:15+00:00","breadcrumb":{"@id":"https:\/\/jachtenschietsportaalten.nl\/de\/produkt\/sauer-101-gti\/#breadcrumb"},"inLanguage":"de","potentialAction":[{"@type":"ReadAction","target":["https:\/\/jachtenschietsportaalten.nl\/de\/produkt\/sauer-101-gti\/"]}]},{"@type":"ImageObject","inLanguage":"de","@id":"https:\/\/jachtenschietsportaalten.nl\/de\/produkt\/sauer-101-gti\/#primaryimage","url":"https:\/\/jachtenschietsportaalten.nl\/wp-content\/uploads\/2022\/08\/220720WH-175-1.jpg","contentUrl":"https:\/\/jachtenschietsportaalten.nl\/wp-content\/uploads\/2022\/08\/220720WH-175-1.jpg","width":1080,"height":1080},{"@type":"BreadcrumbList","@id":"https:\/\/jachtenschietsportaalten.nl\/de\/produkt\/sauer-101-gti\/#breadcrumb","itemListElement":[{"@type":"ListItem","position":1,"name":"Home","item":"https:\/\/jachtenschietsportaalten.nl\/de\/startseite\/"},{"@type":"ListItem","position":2,"name":"Webshop","item":"https:\/\/jachtenschietsportaalten.nl\/de\/shop\/"},{"@type":"ListItem","position":3,"name":"Sauer 101 GTI"}]},{"@type":"WebSite","@id":"https:\/\/jachtenschietsportaalten.nl\/#website","url":"https:\/\/jachtenschietsportaalten.nl\/","name":"Jacht en Schietsport Aalten","description":"Webshop","publisher":{"@id":"https:\/\/jachtenschietsportaalten.nl\/#organization"},"potentialAction":[{"@type":"SearchAction","target":{"@type":"EntryPoint","urlTemplate":"https:\/\/jachtenschietsportaalten.nl\/?s={search_term_string}"},"query-input":{"@type":"PropertyValueSpecification","valueRequired":true,"valueName":"search_term_string"}}],"inLanguage":"de"},{"@type":"Organization","@id":"https:\/\/jachtenschietsportaalten.nl\/#organization","name":"Jacht en Schietsport Aalten","url":"https:\/\/jachtenschietsportaalten.nl\/","logo":{"@type":"ImageObject","inLanguage":"de","@id":"https:\/\/jachtenschietsportaalten.nl\/#\/schema\/logo\/image\/","url":"https:\/\/jachtenschietsportaalten.nl\/wp-content\/uploads\/2022\/08\/Voskuil_Logo_CMYK-Liggend_02.png","contentUrl":"https:\/\/jachtenschietsportaalten.nl\/wp-content\/uploads\/2022\/08\/Voskuil_Logo_CMYK-Liggend_02.png","width":2212,"height":679,"caption":"Jacht en Schietsport Aalten"},"image":{"@id":"https:\/\/jachtenschietsportaalten.nl\/#\/schema\/logo\/image\/"}}]}},"_links":{"self":[{"href":"https:\/\/jachtenschietsportaalten.nl\/de\/wp-json\/wp\/v2\/product\/3006","targetHints":{"allow":["GET"]}}],"collection":[{"href":"https:\/\/jachtenschietsportaalten.nl\/de\/wp-json\/wp\/v2\/product"}],"about":[{"href":"https:\/\/jachtenschietsportaalten.nl\/de\/wp-json\/wp\/v2\/types\/product"}],"replies":[{"embeddable":true,"href":"https:\/\/jachtenschietsportaalten.nl\/de\/wp-json\/wp\/v2\/comments?post=3006"}],"wp:featuredmedia":[{"embeddable":true,"href":"https:\/\/jachtenschietsportaalten.nl\/de\/wp-json\/wp\/v2\/media\/2020"}],"wp:attachment":[{"href":"https:\/\/jachtenschietsportaalten.nl\/de\/wp-json\/wp\/v2\/media?parent=3006"}],"wp:term":[{"taxonomy":"product_brand","embeddable":true,"href":"https:\/\/jachtenschietsportaalten.nl\/de\/wp-json\/wp\/v2\/product_brand?post=3006"},{"taxonomy":"product_cat","embeddable":true,"href":"https:\/\/jachtenschietsportaalten.nl\/de\/wp-json\/wp\/v2\/product_cat?post=3006"},{"taxonomy":"product_tag","embeddable":true,"href":"https:\/\/jachtenschietsportaalten.nl\/de\/wp-json\/wp\/v2\/product_tag?post=3006"}],"curies":[{"name":"wp","href":"https:\/\/api.w.org\/{rel}","templated":true}]}}