{"id":3023,"date":"2022-08-03T07:25:30","date_gmt":"2022-08-03T05:25:30","guid":{"rendered":"https:\/\/jachtenschietsportaalten.nl\/product\/cz-lux-550\/"},"modified":"2025-08-09T11:30:30","modified_gmt":"2025-08-09T09:30:30","slug":"cz-lux-550","status":"publish","type":"product","link":"https:\/\/jachtenschietsportaalten.nl\/de\/produkt\/cz-lux-550\/","title":{"rendered":"CZ LUX 550"},"content":{"rendered":"<p>CZ ist eine bekannte Marke aus der Tschechischen Republik. Spitzenqualit\u00e4t zu einem g\u00fcnstigen Preis! Das Modell 550 verf\u00fcgt \u00fcber einen besonders sch\u00f6nen Schaft und eine verstellbare Keep Grain Visierung, kann aber auch mit einem Zielfernrohr ausgestattet werden.<\/p>\n","protected":false},"excerpt":{"rendered":"<p>CZ ist eine bekannte Marke aus der Tschechischen Republik. Spitzenqualit\u00e4t zu einem g\u00fcnstigen Preis! Das Modell 550 verf\u00fcgt \u00fcber einen besonders sch\u00f6nen Schaft und eine verstellbare Keep Grain Visierung, kann aber auch mit einem Zielfernrohr ausgestattet werden.<\/p>\n","protected":false},"featured_media":1929,"comment_status":"closed","ping_status":"closed","template":"","meta":{"inline_featured_image":false},"product_brand":[],"product_cat":[1332],"product_tag":[],"class_list":{"0":"post-3023","1":"product","2":"type-product","3":"status-publish","4":"has-post-thumbnail","6":"product_cat-schrotflinte-de","7":"entry","8":"has-media","10":"first","11":"outofstock","12":"shipping-taxable","13":"purchasable","14":"product-type-simple"},"yoast_head":"<!-- This site is optimized with the Yoast SEO plugin v27.4 - https:\/\/yoast.com\/product\/yoast-seo-wordpress\/ -->\n<title>CZ LUX 550 - Jacht en Schietsport Aalten<\/title>\n<meta name=\"robots\" content=\"index, follow, max-snippet:-1, max-image-preview:large, max-video-preview:-1\" \/>\n<link rel=\"canonical\" href=\"https:\/\/jachtenschietsportaalten.nl\/de\/produkt\/cz-lux-550\/\" \/>\n<meta property=\"og:locale\" content=\"de_DE\" \/>\n<meta property=\"og:type\" content=\"article\" \/>\n<meta property=\"og:title\" content=\"CZ LUX 550 - Jacht en Schietsport Aalten\" \/>\n<meta property=\"og:description\" content=\"CZ ist eine bekannte Marke aus der Tschechischen Republik. Spitzenqualit\u00e4t zu einem g\u00fcnstigen Preis! Das Modell 550 verf\u00fcgt \u00fcber einen besonders sch\u00f6nen Schaft und eine verstellbare Keep Grain Visierung, kann aber auch mit einem Zielfernrohr ausgestattet werden.\" \/>\n<meta property=\"og:url\" content=\"https:\/\/jachtenschietsportaalten.nl\/de\/produkt\/cz-lux-550\/\" \/>\n<meta property=\"og:site_name\" content=\"Jacht en Schietsport Aalten\" \/>\n<meta property=\"article:modified_time\" content=\"2025-08-09T09:30:30+00:00\" \/>\n<meta property=\"og:image\" content=\"https:\/\/jachtenschietsportaalten.nl\/wp-content\/uploads\/2022\/08\/220720WH-136-1.jpg\" \/>\n\t<meta property=\"og:image:width\" content=\"1080\" \/>\n\t<meta property=\"og:image:height\" content=\"1080\" \/>\n\t<meta property=\"og:image:type\" content=\"image\/jpeg\" \/>\n<meta name=\"twitter:card\" content=\"summary_large_image\" \/>\n<script type=\"application\/ld+json\" class=\"yoast-schema-graph\">{\"@context\":\"https:\\\/\\\/schema.org\",\"@graph\":[{\"@type\":\"WebPage\",\"@id\":\"https:\\\/\\\/jachtenschietsportaalten.nl\\\/de\\\/produkt\\\/cz-lux-550\\\/\",\"url\":\"https:\\\/\\\/jachtenschietsportaalten.nl\\\/de\\\/produkt\\\/cz-lux-550\\\/\",\"name\":\"CZ LUX 550 - Jacht en Schietsport Aalten\",\"isPartOf\":{\"@id\":\"https:\\\/\\\/jachtenschietsportaalten.nl\\\/#website\"},\"primaryImageOfPage\":{\"@id\":\"https:\\\/\\\/jachtenschietsportaalten.nl\\\/de\\\/produkt\\\/cz-lux-550\\\/#primaryimage\"},\"image\":{\"@id\":\"https:\\\/\\\/jachtenschietsportaalten.nl\\\/de\\\/produkt\\\/cz-lux-550\\\/#primaryimage\"},\"thumbnailUrl\":\"https:\\\/\\\/jachtenschietsportaalten.nl\\\/wp-content\\\/uploads\\\/2022\\\/08\\\/220720WH-136-1.jpg\",\"datePublished\":\"2022-08-03T05:25:30+00:00\",\"dateModified\":\"2025-08-09T09:30:30+00:00\",\"breadcrumb\":{\"@id\":\"https:\\\/\\\/jachtenschietsportaalten.nl\\\/de\\\/produkt\\\/cz-lux-550\\\/#breadcrumb\"},\"inLanguage\":\"de\",\"potentialAction\":[{\"@type\":\"ReadAction\",\"target\":[\"https:\\\/\\\/jachtenschietsportaalten.nl\\\/de\\\/produkt\\\/cz-lux-550\\\/\"]}]},{\"@type\":\"ImageObject\",\"inLanguage\":\"de\",\"@id\":\"https:\\\/\\\/jachtenschietsportaalten.nl\\\/de\\\/produkt\\\/cz-lux-550\\\/#primaryimage\",\"url\":\"https:\\\/\\\/jachtenschietsportaalten.nl\\\/wp-content\\\/uploads\\\/2022\\\/08\\\/220720WH-136-1.jpg\",\"contentUrl\":\"https:\\\/\\\/jachtenschietsportaalten.nl\\\/wp-content\\\/uploads\\\/2022\\\/08\\\/220720WH-136-1.jpg\",\"width\":1080,\"height\":1080},{\"@type\":\"BreadcrumbList\",\"@id\":\"https:\\\/\\\/jachtenschietsportaalten.nl\\\/de\\\/produkt\\\/cz-lux-550\\\/#breadcrumb\",\"itemListElement\":[{\"@type\":\"ListItem\",\"position\":1,\"name\":\"Home\",\"item\":\"https:\\\/\\\/jachtenschietsportaalten.nl\\\/de\\\/startseite\\\/\"},{\"@type\":\"ListItem\",\"position\":2,\"name\":\"Webshop\",\"item\":\"https:\\\/\\\/jachtenschietsportaalten.nl\\\/de\\\/shop\\\/\"},{\"@type\":\"ListItem\",\"position\":3,\"name\":\"CZ LUX 550\"}]},{\"@type\":\"WebSite\",\"@id\":\"https:\\\/\\\/jachtenschietsportaalten.nl\\\/#website\",\"url\":\"https:\\\/\\\/jachtenschietsportaalten.nl\\\/\",\"name\":\"Jacht en Schietsport Aalten\",\"description\":\"Webshop\",\"publisher\":{\"@id\":\"https:\\\/\\\/jachtenschietsportaalten.nl\\\/#organization\"},\"potentialAction\":[{\"@type\":\"SearchAction\",\"target\":{\"@type\":\"EntryPoint\",\"urlTemplate\":\"https:\\\/\\\/jachtenschietsportaalten.nl\\\/?s={search_term_string}\"},\"query-input\":{\"@type\":\"PropertyValueSpecification\",\"valueRequired\":true,\"valueName\":\"search_term_string\"}}],\"inLanguage\":\"de\"},{\"@type\":\"Organization\",\"@id\":\"https:\\\/\\\/jachtenschietsportaalten.nl\\\/#organization\",\"name\":\"Jacht en Schietsport Aalten\",\"url\":\"https:\\\/\\\/jachtenschietsportaalten.nl\\\/\",\"logo\":{\"@type\":\"ImageObject\",\"inLanguage\":\"de\",\"@id\":\"https:\\\/\\\/jachtenschietsportaalten.nl\\\/#\\\/schema\\\/logo\\\/image\\\/\",\"url\":\"https:\\\/\\\/jachtenschietsportaalten.nl\\\/wp-content\\\/uploads\\\/2022\\\/08\\\/Voskuil_Logo_CMYK-Liggend_02.png\",\"contentUrl\":\"https:\\\/\\\/jachtenschietsportaalten.nl\\\/wp-content\\\/uploads\\\/2022\\\/08\\\/Voskuil_Logo_CMYK-Liggend_02.png\",\"width\":2212,\"height\":679,\"caption\":\"Jacht en Schietsport Aalten\"},\"image\":{\"@id\":\"https:\\\/\\\/jachtenschietsportaalten.nl\\\/#\\\/schema\\\/logo\\\/image\\\/\"}}]}<\/script>\n<!-- \/ Yoast SEO plugin. -->","yoast_head_json":{"title":"CZ LUX 550 - Jacht en Schietsport Aalten","robots":{"index":"index","follow":"follow","max-snippet":"max-snippet:-1","max-image-preview":"max-image-preview:large","max-video-preview":"max-video-preview:-1"},"canonical":"https:\/\/jachtenschietsportaalten.nl\/de\/produkt\/cz-lux-550\/","og_locale":"de_DE","og_type":"article","og_title":"CZ LUX 550 - Jacht en Schietsport Aalten","og_description":"CZ ist eine bekannte Marke aus der Tschechischen Republik. Spitzenqualit\u00e4t zu einem g\u00fcnstigen Preis! Das Modell 550 verf\u00fcgt \u00fcber einen besonders sch\u00f6nen Schaft und eine verstellbare Keep Grain Visierung, kann aber auch mit einem Zielfernrohr ausgestattet werden.","og_url":"https:\/\/jachtenschietsportaalten.nl\/de\/produkt\/cz-lux-550\/","og_site_name":"Jacht en Schietsport Aalten","article_modified_time":"2025-08-09T09:30:30+00:00","og_image":[{"width":1080,"height":1080,"url":"https:\/\/jachtenschietsportaalten.nl\/wp-content\/uploads\/2022\/08\/220720WH-136-1.jpg","type":"image\/jpeg"}],"twitter_card":"summary_large_image","schema":{"@context":"https:\/\/schema.org","@graph":[{"@type":"WebPage","@id":"https:\/\/jachtenschietsportaalten.nl\/de\/produkt\/cz-lux-550\/","url":"https:\/\/jachtenschietsportaalten.nl\/de\/produkt\/cz-lux-550\/","name":"CZ LUX 550 - Jacht en Schietsport Aalten","isPartOf":{"@id":"https:\/\/jachtenschietsportaalten.nl\/#website"},"primaryImageOfPage":{"@id":"https:\/\/jachtenschietsportaalten.nl\/de\/produkt\/cz-lux-550\/#primaryimage"},"image":{"@id":"https:\/\/jachtenschietsportaalten.nl\/de\/produkt\/cz-lux-550\/#primaryimage"},"thumbnailUrl":"https:\/\/jachtenschietsportaalten.nl\/wp-content\/uploads\/2022\/08\/220720WH-136-1.jpg","datePublished":"2022-08-03T05:25:30+00:00","dateModified":"2025-08-09T09:30:30+00:00","breadcrumb":{"@id":"https:\/\/jachtenschietsportaalten.nl\/de\/produkt\/cz-lux-550\/#breadcrumb"},"inLanguage":"de","potentialAction":[{"@type":"ReadAction","target":["https:\/\/jachtenschietsportaalten.nl\/de\/produkt\/cz-lux-550\/"]}]},{"@type":"ImageObject","inLanguage":"de","@id":"https:\/\/jachtenschietsportaalten.nl\/de\/produkt\/cz-lux-550\/#primaryimage","url":"https:\/\/jachtenschietsportaalten.nl\/wp-content\/uploads\/2022\/08\/220720WH-136-1.jpg","contentUrl":"https:\/\/jachtenschietsportaalten.nl\/wp-content\/uploads\/2022\/08\/220720WH-136-1.jpg","width":1080,"height":1080},{"@type":"BreadcrumbList","@id":"https:\/\/jachtenschietsportaalten.nl\/de\/produkt\/cz-lux-550\/#breadcrumb","itemListElement":[{"@type":"ListItem","position":1,"name":"Home","item":"https:\/\/jachtenschietsportaalten.nl\/de\/startseite\/"},{"@type":"ListItem","position":2,"name":"Webshop","item":"https:\/\/jachtenschietsportaalten.nl\/de\/shop\/"},{"@type":"ListItem","position":3,"name":"CZ LUX 550"}]},{"@type":"WebSite","@id":"https:\/\/jachtenschietsportaalten.nl\/#website","url":"https:\/\/jachtenschietsportaalten.nl\/","name":"Jacht en Schietsport Aalten","description":"Webshop","publisher":{"@id":"https:\/\/jachtenschietsportaalten.nl\/#organization"},"potentialAction":[{"@type":"SearchAction","target":{"@type":"EntryPoint","urlTemplate":"https:\/\/jachtenschietsportaalten.nl\/?s={search_term_string}"},"query-input":{"@type":"PropertyValueSpecification","valueRequired":true,"valueName":"search_term_string"}}],"inLanguage":"de"},{"@type":"Organization","@id":"https:\/\/jachtenschietsportaalten.nl\/#organization","name":"Jacht en Schietsport Aalten","url":"https:\/\/jachtenschietsportaalten.nl\/","logo":{"@type":"ImageObject","inLanguage":"de","@id":"https:\/\/jachtenschietsportaalten.nl\/#\/schema\/logo\/image\/","url":"https:\/\/jachtenschietsportaalten.nl\/wp-content\/uploads\/2022\/08\/Voskuil_Logo_CMYK-Liggend_02.png","contentUrl":"https:\/\/jachtenschietsportaalten.nl\/wp-content\/uploads\/2022\/08\/Voskuil_Logo_CMYK-Liggend_02.png","width":2212,"height":679,"caption":"Jacht en Schietsport Aalten"},"image":{"@id":"https:\/\/jachtenschietsportaalten.nl\/#\/schema\/logo\/image\/"}}]}},"_links":{"self":[{"href":"https:\/\/jachtenschietsportaalten.nl\/de\/wp-json\/wp\/v2\/product\/3023","targetHints":{"allow":["GET"]}}],"collection":[{"href":"https:\/\/jachtenschietsportaalten.nl\/de\/wp-json\/wp\/v2\/product"}],"about":[{"href":"https:\/\/jachtenschietsportaalten.nl\/de\/wp-json\/wp\/v2\/types\/product"}],"replies":[{"embeddable":true,"href":"https:\/\/jachtenschietsportaalten.nl\/de\/wp-json\/wp\/v2\/comments?post=3023"}],"wp:featuredmedia":[{"embeddable":true,"href":"https:\/\/jachtenschietsportaalten.nl\/de\/wp-json\/wp\/v2\/media\/1929"}],"wp:attachment":[{"href":"https:\/\/jachtenschietsportaalten.nl\/de\/wp-json\/wp\/v2\/media?parent=3023"}],"wp:term":[{"taxonomy":"product_brand","embeddable":true,"href":"https:\/\/jachtenschietsportaalten.nl\/de\/wp-json\/wp\/v2\/product_brand?post=3023"},{"taxonomy":"product_cat","embeddable":true,"href":"https:\/\/jachtenschietsportaalten.nl\/de\/wp-json\/wp\/v2\/product_cat?post=3023"},{"taxonomy":"product_tag","embeddable":true,"href":"https:\/\/jachtenschietsportaalten.nl\/de\/wp-json\/wp\/v2\/product_tag?post=3023"}],"curies":[{"name":"wp","href":"https:\/\/api.w.org\/{rel}","templated":true}]}}