{"id":3024,"date":"2022-08-03T07:25:32","date_gmt":"2022-08-03T05:25:32","guid":{"rendered":"https:\/\/jachtenschietsportaalten.nl\/product\/rossler-titan-6-zielleuchte\/"},"modified":"2024-10-22T14:25:56","modified_gmt":"2024-10-22T12:25:56","slug":"rossler-titan-6-ziel-licht","status":"publish","type":"product","link":"https:\/\/jachtenschietsportaalten.nl\/de\/produkt\/rossler-titan-6-ziel-licht\/","title":{"rendered":"Rossler Titan 6 Zielleuchte"},"content":{"rendered":"<p>Rossler Titan 6 Target Light mit Daumenloch im Schaft. Eine atemberaubende neue Waffe des \u00f6sterreichischen Herstellers. Mit abnehmbarem Magazin, Drahtlauf und verstellbarem Schaft mit spezieller Aussparung f\u00fcr liegendes und sitzendes Schie\u00dfen. Das Gewehr verf\u00fcgt \u00fcber ein Steiner Ranger 3-12&#215;56 Zielfernrohr mit Lichtpunkt auf einer Schwenkmontage.<\/p>\n","protected":false},"excerpt":{"rendered":"<p>Rossler Titan 6 Target Light mit Daumenloch im Schaft. Eine atemberaubende neue Waffe des \u00f6sterreichischen Herstellers. Mit abnehmbarem Magazin, Drahtlauf und verstellbarem Schaft mit spezieller Aussparung f\u00fcr liegendes und sitzendes Schie\u00dfen. Das Gewehr verf\u00fcgt \u00fcber ein Steiner Ranger 3-12&#215;56 Zielfernrohr mit Lichtpunkt auf einer Schwenkmontage.<\/p>\n","protected":false},"featured_media":2034,"comment_status":"closed","ping_status":"closed","template":"","meta":{"inline_featured_image":false},"product_brand":[],"product_cat":[1332],"product_tag":[],"class_list":{"0":"post-3024","1":"product","2":"type-product","3":"status-publish","4":"has-post-thumbnail","6":"product_cat-schrotflinte-de","7":"entry","8":"has-media","10":"first","11":"instock","12":"shipping-taxable","13":"purchasable","14":"product-type-simple"},"yoast_head":"<!-- This site is optimized with the Yoast SEO plugin v27.3 - https:\/\/yoast.com\/product\/yoast-seo-wordpress\/ -->\n<title>Rossler Titan 6 Zielleuchte - Jacht en Schietsport Aalten<\/title>\n<meta name=\"robots\" content=\"index, follow, max-snippet:-1, max-image-preview:large, max-video-preview:-1\" \/>\n<link rel=\"canonical\" href=\"https:\/\/jachtenschietsportaalten.nl\/de\/produkt\/rossler-titan-6-ziel-licht\/\" \/>\n<meta property=\"og:locale\" content=\"de_DE\" \/>\n<meta property=\"og:type\" content=\"article\" \/>\n<meta property=\"og:title\" content=\"Rossler Titan 6 Zielleuchte - Jacht en Schietsport Aalten\" \/>\n<meta property=\"og:description\" content=\"Rossler Titan 6 Target Light mit Daumenloch im Schaft. Eine atemberaubende neue Waffe des \u00f6sterreichischen Herstellers. Mit abnehmbarem Magazin, Drahtlauf und verstellbarem Schaft mit spezieller Aussparung f\u00fcr liegendes und sitzendes Schie\u00dfen. Das Gewehr verf\u00fcgt \u00fcber ein Steiner Ranger 3-12&#215;56 Zielfernrohr mit Lichtpunkt auf einer Schwenkmontage.\" \/>\n<meta property=\"og:url\" content=\"https:\/\/jachtenschietsportaalten.nl\/de\/produkt\/rossler-titan-6-ziel-licht\/\" \/>\n<meta property=\"og:site_name\" content=\"Jacht en Schietsport Aalten\" \/>\n<meta property=\"article:modified_time\" content=\"2024-10-22T12:25:56+00:00\" \/>\n<meta property=\"og:image\" content=\"https:\/\/jachtenschietsportaalten.nl\/wp-content\/uploads\/2022\/08\/220720WH-181-1.jpg\" \/>\n\t<meta property=\"og:image:width\" content=\"1080\" \/>\n\t<meta property=\"og:image:height\" content=\"1080\" \/>\n\t<meta property=\"og:image:type\" content=\"image\/jpeg\" \/>\n<meta name=\"twitter:card\" content=\"summary_large_image\" \/>\n<script type=\"application\/ld+json\" class=\"yoast-schema-graph\">{\"@context\":\"https:\\\/\\\/schema.org\",\"@graph\":[{\"@type\":\"WebPage\",\"@id\":\"https:\\\/\\\/jachtenschietsportaalten.nl\\\/de\\\/produkt\\\/rossler-titan-6-ziel-licht\\\/\",\"url\":\"https:\\\/\\\/jachtenschietsportaalten.nl\\\/de\\\/produkt\\\/rossler-titan-6-ziel-licht\\\/\",\"name\":\"Rossler Titan 6 Zielleuchte - Jacht en Schietsport Aalten\",\"isPartOf\":{\"@id\":\"https:\\\/\\\/jachtenschietsportaalten.nl\\\/#website\"},\"primaryImageOfPage\":{\"@id\":\"https:\\\/\\\/jachtenschietsportaalten.nl\\\/de\\\/produkt\\\/rossler-titan-6-ziel-licht\\\/#primaryimage\"},\"image\":{\"@id\":\"https:\\\/\\\/jachtenschietsportaalten.nl\\\/de\\\/produkt\\\/rossler-titan-6-ziel-licht\\\/#primaryimage\"},\"thumbnailUrl\":\"https:\\\/\\\/jachtenschietsportaalten.nl\\\/wp-content\\\/uploads\\\/2022\\\/08\\\/220720WH-181-1.jpg\",\"datePublished\":\"2022-08-03T05:25:32+00:00\",\"dateModified\":\"2024-10-22T12:25:56+00:00\",\"breadcrumb\":{\"@id\":\"https:\\\/\\\/jachtenschietsportaalten.nl\\\/de\\\/produkt\\\/rossler-titan-6-ziel-licht\\\/#breadcrumb\"},\"inLanguage\":\"de\",\"potentialAction\":[{\"@type\":\"ReadAction\",\"target\":[\"https:\\\/\\\/jachtenschietsportaalten.nl\\\/de\\\/produkt\\\/rossler-titan-6-ziel-licht\\\/\"]}]},{\"@type\":\"ImageObject\",\"inLanguage\":\"de\",\"@id\":\"https:\\\/\\\/jachtenschietsportaalten.nl\\\/de\\\/produkt\\\/rossler-titan-6-ziel-licht\\\/#primaryimage\",\"url\":\"https:\\\/\\\/jachtenschietsportaalten.nl\\\/wp-content\\\/uploads\\\/2022\\\/08\\\/220720WH-181-1.jpg\",\"contentUrl\":\"https:\\\/\\\/jachtenschietsportaalten.nl\\\/wp-content\\\/uploads\\\/2022\\\/08\\\/220720WH-181-1.jpg\",\"width\":1080,\"height\":1080},{\"@type\":\"BreadcrumbList\",\"@id\":\"https:\\\/\\\/jachtenschietsportaalten.nl\\\/de\\\/produkt\\\/rossler-titan-6-ziel-licht\\\/#breadcrumb\",\"itemListElement\":[{\"@type\":\"ListItem\",\"position\":1,\"name\":\"Home\",\"item\":\"https:\\\/\\\/jachtenschietsportaalten.nl\\\/de\\\/startseite\\\/\"},{\"@type\":\"ListItem\",\"position\":2,\"name\":\"Webshop\",\"item\":\"https:\\\/\\\/jachtenschietsportaalten.nl\\\/de\\\/shop\\\/\"},{\"@type\":\"ListItem\",\"position\":3,\"name\":\"Rossler Titan 6 Zielleuchte\"}]},{\"@type\":\"WebSite\",\"@id\":\"https:\\\/\\\/jachtenschietsportaalten.nl\\\/#website\",\"url\":\"https:\\\/\\\/jachtenschietsportaalten.nl\\\/\",\"name\":\"Jacht en Schietsport Aalten\",\"description\":\"Webshop\",\"publisher\":{\"@id\":\"https:\\\/\\\/jachtenschietsportaalten.nl\\\/#organization\"},\"potentialAction\":[{\"@type\":\"SearchAction\",\"target\":{\"@type\":\"EntryPoint\",\"urlTemplate\":\"https:\\\/\\\/jachtenschietsportaalten.nl\\\/?s={search_term_string}\"},\"query-input\":{\"@type\":\"PropertyValueSpecification\",\"valueRequired\":true,\"valueName\":\"search_term_string\"}}],\"inLanguage\":\"de\"},{\"@type\":\"Organization\",\"@id\":\"https:\\\/\\\/jachtenschietsportaalten.nl\\\/#organization\",\"name\":\"Jacht en Schietsport Aalten\",\"url\":\"https:\\\/\\\/jachtenschietsportaalten.nl\\\/\",\"logo\":{\"@type\":\"ImageObject\",\"inLanguage\":\"de\",\"@id\":\"https:\\\/\\\/jachtenschietsportaalten.nl\\\/#\\\/schema\\\/logo\\\/image\\\/\",\"url\":\"https:\\\/\\\/jachtenschietsportaalten.nl\\\/wp-content\\\/uploads\\\/2022\\\/08\\\/Voskuil_Logo_CMYK-Liggend_02.png\",\"contentUrl\":\"https:\\\/\\\/jachtenschietsportaalten.nl\\\/wp-content\\\/uploads\\\/2022\\\/08\\\/Voskuil_Logo_CMYK-Liggend_02.png\",\"width\":2212,\"height\":679,\"caption\":\"Jacht en Schietsport Aalten\"},\"image\":{\"@id\":\"https:\\\/\\\/jachtenschietsportaalten.nl\\\/#\\\/schema\\\/logo\\\/image\\\/\"}}]}<\/script>\n<!-- \/ Yoast SEO plugin. -->","yoast_head_json":{"title":"Rossler Titan 6 Zielleuchte - Jacht en Schietsport Aalten","robots":{"index":"index","follow":"follow","max-snippet":"max-snippet:-1","max-image-preview":"max-image-preview:large","max-video-preview":"max-video-preview:-1"},"canonical":"https:\/\/jachtenschietsportaalten.nl\/de\/produkt\/rossler-titan-6-ziel-licht\/","og_locale":"de_DE","og_type":"article","og_title":"Rossler Titan 6 Zielleuchte - Jacht en Schietsport Aalten","og_description":"Rossler Titan 6 Target Light mit Daumenloch im Schaft. Eine atemberaubende neue Waffe des \u00f6sterreichischen Herstellers. Mit abnehmbarem Magazin, Drahtlauf und verstellbarem Schaft mit spezieller Aussparung f\u00fcr liegendes und sitzendes Schie\u00dfen. Das Gewehr verf\u00fcgt \u00fcber ein Steiner Ranger 3-12&#215;56 Zielfernrohr mit Lichtpunkt auf einer Schwenkmontage.","og_url":"https:\/\/jachtenschietsportaalten.nl\/de\/produkt\/rossler-titan-6-ziel-licht\/","og_site_name":"Jacht en Schietsport Aalten","article_modified_time":"2024-10-22T12:25:56+00:00","og_image":[{"width":1080,"height":1080,"url":"https:\/\/jachtenschietsportaalten.nl\/wp-content\/uploads\/2022\/08\/220720WH-181-1.jpg","type":"image\/jpeg"}],"twitter_card":"summary_large_image","schema":{"@context":"https:\/\/schema.org","@graph":[{"@type":"WebPage","@id":"https:\/\/jachtenschietsportaalten.nl\/de\/produkt\/rossler-titan-6-ziel-licht\/","url":"https:\/\/jachtenschietsportaalten.nl\/de\/produkt\/rossler-titan-6-ziel-licht\/","name":"Rossler Titan 6 Zielleuchte - Jacht en Schietsport Aalten","isPartOf":{"@id":"https:\/\/jachtenschietsportaalten.nl\/#website"},"primaryImageOfPage":{"@id":"https:\/\/jachtenschietsportaalten.nl\/de\/produkt\/rossler-titan-6-ziel-licht\/#primaryimage"},"image":{"@id":"https:\/\/jachtenschietsportaalten.nl\/de\/produkt\/rossler-titan-6-ziel-licht\/#primaryimage"},"thumbnailUrl":"https:\/\/jachtenschietsportaalten.nl\/wp-content\/uploads\/2022\/08\/220720WH-181-1.jpg","datePublished":"2022-08-03T05:25:32+00:00","dateModified":"2024-10-22T12:25:56+00:00","breadcrumb":{"@id":"https:\/\/jachtenschietsportaalten.nl\/de\/produkt\/rossler-titan-6-ziel-licht\/#breadcrumb"},"inLanguage":"de","potentialAction":[{"@type":"ReadAction","target":["https:\/\/jachtenschietsportaalten.nl\/de\/produkt\/rossler-titan-6-ziel-licht\/"]}]},{"@type":"ImageObject","inLanguage":"de","@id":"https:\/\/jachtenschietsportaalten.nl\/de\/produkt\/rossler-titan-6-ziel-licht\/#primaryimage","url":"https:\/\/jachtenschietsportaalten.nl\/wp-content\/uploads\/2022\/08\/220720WH-181-1.jpg","contentUrl":"https:\/\/jachtenschietsportaalten.nl\/wp-content\/uploads\/2022\/08\/220720WH-181-1.jpg","width":1080,"height":1080},{"@type":"BreadcrumbList","@id":"https:\/\/jachtenschietsportaalten.nl\/de\/produkt\/rossler-titan-6-ziel-licht\/#breadcrumb","itemListElement":[{"@type":"ListItem","position":1,"name":"Home","item":"https:\/\/jachtenschietsportaalten.nl\/de\/startseite\/"},{"@type":"ListItem","position":2,"name":"Webshop","item":"https:\/\/jachtenschietsportaalten.nl\/de\/shop\/"},{"@type":"ListItem","position":3,"name":"Rossler Titan 6 Zielleuchte"}]},{"@type":"WebSite","@id":"https:\/\/jachtenschietsportaalten.nl\/#website","url":"https:\/\/jachtenschietsportaalten.nl\/","name":"Jacht en Schietsport Aalten","description":"Webshop","publisher":{"@id":"https:\/\/jachtenschietsportaalten.nl\/#organization"},"potentialAction":[{"@type":"SearchAction","target":{"@type":"EntryPoint","urlTemplate":"https:\/\/jachtenschietsportaalten.nl\/?s={search_term_string}"},"query-input":{"@type":"PropertyValueSpecification","valueRequired":true,"valueName":"search_term_string"}}],"inLanguage":"de"},{"@type":"Organization","@id":"https:\/\/jachtenschietsportaalten.nl\/#organization","name":"Jacht en Schietsport Aalten","url":"https:\/\/jachtenschietsportaalten.nl\/","logo":{"@type":"ImageObject","inLanguage":"de","@id":"https:\/\/jachtenschietsportaalten.nl\/#\/schema\/logo\/image\/","url":"https:\/\/jachtenschietsportaalten.nl\/wp-content\/uploads\/2022\/08\/Voskuil_Logo_CMYK-Liggend_02.png","contentUrl":"https:\/\/jachtenschietsportaalten.nl\/wp-content\/uploads\/2022\/08\/Voskuil_Logo_CMYK-Liggend_02.png","width":2212,"height":679,"caption":"Jacht en Schietsport Aalten"},"image":{"@id":"https:\/\/jachtenschietsportaalten.nl\/#\/schema\/logo\/image\/"}}]}},"_links":{"self":[{"href":"https:\/\/jachtenschietsportaalten.nl\/de\/wp-json\/wp\/v2\/product\/3024","targetHints":{"allow":["GET"]}}],"collection":[{"href":"https:\/\/jachtenschietsportaalten.nl\/de\/wp-json\/wp\/v2\/product"}],"about":[{"href":"https:\/\/jachtenschietsportaalten.nl\/de\/wp-json\/wp\/v2\/types\/product"}],"replies":[{"embeddable":true,"href":"https:\/\/jachtenschietsportaalten.nl\/de\/wp-json\/wp\/v2\/comments?post=3024"}],"wp:featuredmedia":[{"embeddable":true,"href":"https:\/\/jachtenschietsportaalten.nl\/de\/wp-json\/wp\/v2\/media\/2034"}],"wp:attachment":[{"href":"https:\/\/jachtenschietsportaalten.nl\/de\/wp-json\/wp\/v2\/media?parent=3024"}],"wp:term":[{"taxonomy":"product_brand","embeddable":true,"href":"https:\/\/jachtenschietsportaalten.nl\/de\/wp-json\/wp\/v2\/product_brand?post=3024"},{"taxonomy":"product_cat","embeddable":true,"href":"https:\/\/jachtenschietsportaalten.nl\/de\/wp-json\/wp\/v2\/product_cat?post=3024"},{"taxonomy":"product_tag","embeddable":true,"href":"https:\/\/jachtenschietsportaalten.nl\/de\/wp-json\/wp\/v2\/product_tag?post=3024"}],"curies":[{"name":"wp","href":"https:\/\/api.w.org\/{rel}","templated":true}]}}