{"id":5301,"date":"2023-05-03T15:55:02","date_gmt":"2023-05-03T13:55:02","guid":{"rendered":"https:\/\/jachtenschietsportaalten.nl\/product\/beretta-brx-1\/"},"modified":"2023-09-23T18:40:03","modified_gmt":"2023-09-23T16:40:03","slug":"beretta-brx-1","status":"publish","type":"product","link":"https:\/\/jachtenschietsportaalten.nl\/de\/produkt\/beretta-brx-1\/","title":{"rendered":"Beretta BRX 1"},"content":{"rendered":"<p>Beretta BRX 1 ist ein &#8222;geradezug&#8220; Repetiergewehr, stark inspiriert von einer bekannten deutschen Marke.<\/p>\n<p>Dieses Gewehr verf\u00fcgt \u00fcber eine Reihe einzigartiger Merkmale, darunter: Gewindelauf, Laufwechselm\u00f6glichkeit, einstellbares Abzugssystem, integrierte Schiene f\u00fcr die Montage von Zielfernrohren, Kunststoffschaft, abnehmbares Magazin und die M\u00f6glichkeit, den Verschluss von rechts nach links zu bewegen, so dass es auch f\u00fcr Linksh\u00e4nder geeignet ist.<\/p>\n","protected":false},"excerpt":{"rendered":"<p>Beretta BRX 1 ist ein &#8222;geradezug&#8220; Repetiergewehr, stark inspiriert von einer bekannten deutschen Marke. Dieses Gewehr verf\u00fcgt \u00fcber eine Reihe einzigartiger Merkmale, darunter: Gewindelauf, Laufwechselm\u00f6glichkeit, einstellbares Abzugssystem, integrierte Schiene f\u00fcr die Montage von Zielfernrohren, Kunststoffschaft, abnehmbares Magazin und die M\u00f6glichkeit, den Verschluss von rechts nach links zu bewegen, so dass es auch f\u00fcr Linksh\u00e4nder geeignet&hellip;<\/p>\n","protected":false},"featured_media":5042,"comment_status":"closed","ping_status":"closed","template":"","meta":{"inline_featured_image":false},"product_brand":[],"product_cat":[35],"product_tag":[],"class_list":{"0":"post-5301","1":"product","2":"type-product","3":"status-publish","4":"has-post-thumbnail","6":"product_cat-geen-categorie","7":"entry","8":"has-media","10":"first","11":"outofstock","12":"shipping-taxable","13":"purchasable","14":"product-type-simple"},"yoast_head":"<!-- This site is optimized with the Yoast SEO plugin v27.3 - https:\/\/yoast.com\/product\/yoast-seo-wordpress\/ -->\n<title>Beretta BRX 1 - Jacht en Schietsport Aalten<\/title>\n<meta name=\"robots\" content=\"index, follow, max-snippet:-1, max-image-preview:large, max-video-preview:-1\" \/>\n<link rel=\"canonical\" href=\"https:\/\/jachtenschietsportaalten.nl\/de\/produkt\/beretta-brx-1\/\" \/>\n<meta property=\"og:locale\" content=\"de_DE\" \/>\n<meta property=\"og:type\" content=\"article\" \/>\n<meta property=\"og:title\" content=\"Beretta BRX 1 - Jacht en Schietsport Aalten\" \/>\n<meta property=\"og:description\" content=\"Beretta BRX 1 ist ein &#8222;geradezug&#8220; Repetiergewehr, stark inspiriert von einer bekannten deutschen Marke. Dieses Gewehr verf\u00fcgt \u00fcber eine Reihe einzigartiger Merkmale, darunter: Gewindelauf, Laufwechselm\u00f6glichkeit, einstellbares Abzugssystem, integrierte Schiene f\u00fcr die Montage von Zielfernrohren, Kunststoffschaft, abnehmbares Magazin und die M\u00f6glichkeit, den Verschluss von rechts nach links zu bewegen, so dass es auch f\u00fcr Linksh\u00e4nder geeignet&hellip;\" \/>\n<meta property=\"og:url\" content=\"https:\/\/jachtenschietsportaalten.nl\/de\/produkt\/beretta-brx-1\/\" \/>\n<meta property=\"og:site_name\" content=\"Jacht en Schietsport Aalten\" \/>\n<meta property=\"article:modified_time\" content=\"2023-09-23T16:40:03+00:00\" \/>\n<meta property=\"og:image\" content=\"https:\/\/jachtenschietsportaalten.nl\/wp-content\/uploads\/2023\/05\/02222023WH107-Voskuil.jpg\" \/>\n\t<meta property=\"og:image:width\" content=\"2000\" \/>\n\t<meta property=\"og:image:height\" content=\"2000\" \/>\n\t<meta property=\"og:image:type\" content=\"image\/jpeg\" \/>\n<meta name=\"twitter:card\" content=\"summary_large_image\" \/>\n<script type=\"application\/ld+json\" class=\"yoast-schema-graph\">{\"@context\":\"https:\\\/\\\/schema.org\",\"@graph\":[{\"@type\":\"WebPage\",\"@id\":\"https:\\\/\\\/jachtenschietsportaalten.nl\\\/de\\\/produkt\\\/beretta-brx-1\\\/\",\"url\":\"https:\\\/\\\/jachtenschietsportaalten.nl\\\/de\\\/produkt\\\/beretta-brx-1\\\/\",\"name\":\"Beretta BRX 1 - Jacht en Schietsport Aalten\",\"isPartOf\":{\"@id\":\"https:\\\/\\\/jachtenschietsportaalten.nl\\\/#website\"},\"primaryImageOfPage\":{\"@id\":\"https:\\\/\\\/jachtenschietsportaalten.nl\\\/de\\\/produkt\\\/beretta-brx-1\\\/#primaryimage\"},\"image\":{\"@id\":\"https:\\\/\\\/jachtenschietsportaalten.nl\\\/de\\\/produkt\\\/beretta-brx-1\\\/#primaryimage\"},\"thumbnailUrl\":\"https:\\\/\\\/jachtenschietsportaalten.nl\\\/wp-content\\\/uploads\\\/2023\\\/05\\\/02222023WH107-Voskuil.jpg\",\"datePublished\":\"2023-05-03T13:55:02+00:00\",\"dateModified\":\"2023-09-23T16:40:03+00:00\",\"breadcrumb\":{\"@id\":\"https:\\\/\\\/jachtenschietsportaalten.nl\\\/de\\\/produkt\\\/beretta-brx-1\\\/#breadcrumb\"},\"inLanguage\":\"de\",\"potentialAction\":[{\"@type\":\"ReadAction\",\"target\":[\"https:\\\/\\\/jachtenschietsportaalten.nl\\\/de\\\/produkt\\\/beretta-brx-1\\\/\"]}]},{\"@type\":\"ImageObject\",\"inLanguage\":\"de\",\"@id\":\"https:\\\/\\\/jachtenschietsportaalten.nl\\\/de\\\/produkt\\\/beretta-brx-1\\\/#primaryimage\",\"url\":\"https:\\\/\\\/jachtenschietsportaalten.nl\\\/wp-content\\\/uploads\\\/2023\\\/05\\\/02222023WH107-Voskuil.jpg\",\"contentUrl\":\"https:\\\/\\\/jachtenschietsportaalten.nl\\\/wp-content\\\/uploads\\\/2023\\\/05\\\/02222023WH107-Voskuil.jpg\",\"width\":2000,\"height\":2000},{\"@type\":\"BreadcrumbList\",\"@id\":\"https:\\\/\\\/jachtenschietsportaalten.nl\\\/de\\\/produkt\\\/beretta-brx-1\\\/#breadcrumb\",\"itemListElement\":[{\"@type\":\"ListItem\",\"position\":1,\"name\":\"Home\",\"item\":\"https:\\\/\\\/jachtenschietsportaalten.nl\\\/de\\\/startseite\\\/\"},{\"@type\":\"ListItem\",\"position\":2,\"name\":\"Webshop\",\"item\":\"https:\\\/\\\/jachtenschietsportaalten.nl\\\/de\\\/shop\\\/\"},{\"@type\":\"ListItem\",\"position\":3,\"name\":\"Beretta BRX 1\"}]},{\"@type\":\"WebSite\",\"@id\":\"https:\\\/\\\/jachtenschietsportaalten.nl\\\/#website\",\"url\":\"https:\\\/\\\/jachtenschietsportaalten.nl\\\/\",\"name\":\"Jacht en Schietsport Aalten\",\"description\":\"Webshop\",\"publisher\":{\"@id\":\"https:\\\/\\\/jachtenschietsportaalten.nl\\\/#organization\"},\"potentialAction\":[{\"@type\":\"SearchAction\",\"target\":{\"@type\":\"EntryPoint\",\"urlTemplate\":\"https:\\\/\\\/jachtenschietsportaalten.nl\\\/?s={search_term_string}\"},\"query-input\":{\"@type\":\"PropertyValueSpecification\",\"valueRequired\":true,\"valueName\":\"search_term_string\"}}],\"inLanguage\":\"de\"},{\"@type\":\"Organization\",\"@id\":\"https:\\\/\\\/jachtenschietsportaalten.nl\\\/#organization\",\"name\":\"Jacht en Schietsport Aalten\",\"url\":\"https:\\\/\\\/jachtenschietsportaalten.nl\\\/\",\"logo\":{\"@type\":\"ImageObject\",\"inLanguage\":\"de\",\"@id\":\"https:\\\/\\\/jachtenschietsportaalten.nl\\\/#\\\/schema\\\/logo\\\/image\\\/\",\"url\":\"https:\\\/\\\/jachtenschietsportaalten.nl\\\/wp-content\\\/uploads\\\/2022\\\/08\\\/Voskuil_Logo_CMYK-Liggend_02.png\",\"contentUrl\":\"https:\\\/\\\/jachtenschietsportaalten.nl\\\/wp-content\\\/uploads\\\/2022\\\/08\\\/Voskuil_Logo_CMYK-Liggend_02.png\",\"width\":2212,\"height\":679,\"caption\":\"Jacht en Schietsport Aalten\"},\"image\":{\"@id\":\"https:\\\/\\\/jachtenschietsportaalten.nl\\\/#\\\/schema\\\/logo\\\/image\\\/\"}}]}<\/script>\n<!-- \/ Yoast SEO plugin. -->","yoast_head_json":{"title":"Beretta BRX 1 - Jacht en Schietsport Aalten","robots":{"index":"index","follow":"follow","max-snippet":"max-snippet:-1","max-image-preview":"max-image-preview:large","max-video-preview":"max-video-preview:-1"},"canonical":"https:\/\/jachtenschietsportaalten.nl\/de\/produkt\/beretta-brx-1\/","og_locale":"de_DE","og_type":"article","og_title":"Beretta BRX 1 - Jacht en Schietsport Aalten","og_description":"Beretta BRX 1 ist ein &#8222;geradezug&#8220; Repetiergewehr, stark inspiriert von einer bekannten deutschen Marke. Dieses Gewehr verf\u00fcgt \u00fcber eine Reihe einzigartiger Merkmale, darunter: Gewindelauf, Laufwechselm\u00f6glichkeit, einstellbares Abzugssystem, integrierte Schiene f\u00fcr die Montage von Zielfernrohren, Kunststoffschaft, abnehmbares Magazin und die M\u00f6glichkeit, den Verschluss von rechts nach links zu bewegen, so dass es auch f\u00fcr Linksh\u00e4nder geeignet&hellip;","og_url":"https:\/\/jachtenschietsportaalten.nl\/de\/produkt\/beretta-brx-1\/","og_site_name":"Jacht en Schietsport Aalten","article_modified_time":"2023-09-23T16:40:03+00:00","og_image":[{"width":2000,"height":2000,"url":"https:\/\/jachtenschietsportaalten.nl\/wp-content\/uploads\/2023\/05\/02222023WH107-Voskuil.jpg","type":"image\/jpeg"}],"twitter_card":"summary_large_image","schema":{"@context":"https:\/\/schema.org","@graph":[{"@type":"WebPage","@id":"https:\/\/jachtenschietsportaalten.nl\/de\/produkt\/beretta-brx-1\/","url":"https:\/\/jachtenschietsportaalten.nl\/de\/produkt\/beretta-brx-1\/","name":"Beretta BRX 1 - Jacht en Schietsport Aalten","isPartOf":{"@id":"https:\/\/jachtenschietsportaalten.nl\/#website"},"primaryImageOfPage":{"@id":"https:\/\/jachtenschietsportaalten.nl\/de\/produkt\/beretta-brx-1\/#primaryimage"},"image":{"@id":"https:\/\/jachtenschietsportaalten.nl\/de\/produkt\/beretta-brx-1\/#primaryimage"},"thumbnailUrl":"https:\/\/jachtenschietsportaalten.nl\/wp-content\/uploads\/2023\/05\/02222023WH107-Voskuil.jpg","datePublished":"2023-05-03T13:55:02+00:00","dateModified":"2023-09-23T16:40:03+00:00","breadcrumb":{"@id":"https:\/\/jachtenschietsportaalten.nl\/de\/produkt\/beretta-brx-1\/#breadcrumb"},"inLanguage":"de","potentialAction":[{"@type":"ReadAction","target":["https:\/\/jachtenschietsportaalten.nl\/de\/produkt\/beretta-brx-1\/"]}]},{"@type":"ImageObject","inLanguage":"de","@id":"https:\/\/jachtenschietsportaalten.nl\/de\/produkt\/beretta-brx-1\/#primaryimage","url":"https:\/\/jachtenschietsportaalten.nl\/wp-content\/uploads\/2023\/05\/02222023WH107-Voskuil.jpg","contentUrl":"https:\/\/jachtenschietsportaalten.nl\/wp-content\/uploads\/2023\/05\/02222023WH107-Voskuil.jpg","width":2000,"height":2000},{"@type":"BreadcrumbList","@id":"https:\/\/jachtenschietsportaalten.nl\/de\/produkt\/beretta-brx-1\/#breadcrumb","itemListElement":[{"@type":"ListItem","position":1,"name":"Home","item":"https:\/\/jachtenschietsportaalten.nl\/de\/startseite\/"},{"@type":"ListItem","position":2,"name":"Webshop","item":"https:\/\/jachtenschietsportaalten.nl\/de\/shop\/"},{"@type":"ListItem","position":3,"name":"Beretta BRX 1"}]},{"@type":"WebSite","@id":"https:\/\/jachtenschietsportaalten.nl\/#website","url":"https:\/\/jachtenschietsportaalten.nl\/","name":"Jacht en Schietsport Aalten","description":"Webshop","publisher":{"@id":"https:\/\/jachtenschietsportaalten.nl\/#organization"},"potentialAction":[{"@type":"SearchAction","target":{"@type":"EntryPoint","urlTemplate":"https:\/\/jachtenschietsportaalten.nl\/?s={search_term_string}"},"query-input":{"@type":"PropertyValueSpecification","valueRequired":true,"valueName":"search_term_string"}}],"inLanguage":"de"},{"@type":"Organization","@id":"https:\/\/jachtenschietsportaalten.nl\/#organization","name":"Jacht en Schietsport Aalten","url":"https:\/\/jachtenschietsportaalten.nl\/","logo":{"@type":"ImageObject","inLanguage":"de","@id":"https:\/\/jachtenschietsportaalten.nl\/#\/schema\/logo\/image\/","url":"https:\/\/jachtenschietsportaalten.nl\/wp-content\/uploads\/2022\/08\/Voskuil_Logo_CMYK-Liggend_02.png","contentUrl":"https:\/\/jachtenschietsportaalten.nl\/wp-content\/uploads\/2022\/08\/Voskuil_Logo_CMYK-Liggend_02.png","width":2212,"height":679,"caption":"Jacht en Schietsport Aalten"},"image":{"@id":"https:\/\/jachtenschietsportaalten.nl\/#\/schema\/logo\/image\/"}}]}},"_links":{"self":[{"href":"https:\/\/jachtenschietsportaalten.nl\/de\/wp-json\/wp\/v2\/product\/5301","targetHints":{"allow":["GET"]}}],"collection":[{"href":"https:\/\/jachtenschietsportaalten.nl\/de\/wp-json\/wp\/v2\/product"}],"about":[{"href":"https:\/\/jachtenschietsportaalten.nl\/de\/wp-json\/wp\/v2\/types\/product"}],"replies":[{"embeddable":true,"href":"https:\/\/jachtenschietsportaalten.nl\/de\/wp-json\/wp\/v2\/comments?post=5301"}],"wp:featuredmedia":[{"embeddable":true,"href":"https:\/\/jachtenschietsportaalten.nl\/de\/wp-json\/wp\/v2\/media\/5042"}],"wp:attachment":[{"href":"https:\/\/jachtenschietsportaalten.nl\/de\/wp-json\/wp\/v2\/media?parent=5301"}],"wp:term":[{"taxonomy":"product_brand","embeddable":true,"href":"https:\/\/jachtenschietsportaalten.nl\/de\/wp-json\/wp\/v2\/product_brand?post=5301"},{"taxonomy":"product_cat","embeddable":true,"href":"https:\/\/jachtenschietsportaalten.nl\/de\/wp-json\/wp\/v2\/product_cat?post=5301"},{"taxonomy":"product_tag","embeddable":true,"href":"https:\/\/jachtenschietsportaalten.nl\/de\/wp-json\/wp\/v2\/product_tag?post=5301"}],"curies":[{"name":"wp","href":"https:\/\/api.w.org\/{rel}","templated":true}]}}