{"id":5895,"date":"2024-07-31T11:13:32","date_gmt":"2024-07-31T09:13:32","guid":{"rendered":"https:\/\/jachtenschietsportaalten.nl\/product\/infiray-roehre-td50l\/"},"modified":"2024-10-23T10:51:50","modified_gmt":"2024-10-23T08:51:50","slug":"infiray-schlauch-td50l","status":"publish","type":"product","link":"https:\/\/jachtenschietsportaalten.nl\/de\/produkt\/infiray-schlauch-td50l\/","title":{"rendered":"Infiray R\u00f6hre TD50L"},"content":{"rendered":"<p>Infiray TUBE TD50L digitales Nachtsichtger\u00e4t, gebraucht, aber im Neuzustand, inkl. Blaser Montage.<\/p>\n<ul>\n<li>Aufl\u00f6sung: 1440-1080 Pixel<\/li>\n<li>Inkl. Infrarot-Lampe<\/li>\n<li>Vergr\u00f6\u00dferung 4-16 mal<\/li>\n<li>Erkennungsweite 600 Meter<\/li>\n<\/ul>\n","protected":false},"excerpt":{"rendered":"<p>Infiray TUBE TD50L digitales Nachtsichtger\u00e4t, gebraucht, aber im Neuzustand, inkl. Blaser Montage. Aufl\u00f6sung: 1440-1080 Pixel Inkl. Infrarot-Lampe Vergr\u00f6\u00dferung 4-16 mal Erkennungsweite 600 Meter<\/p>\n","protected":false},"featured_media":6496,"comment_status":"closed","ping_status":"closed","template":"","meta":{"inline_featured_image":false},"product_brand":[],"product_cat":[1339],"product_tag":[],"class_list":{"0":"post-5895","1":"product","2":"type-product","3":"status-publish","4":"has-post-thumbnail","6":"product_cat-optik-de","7":"entry","8":"has-media","10":"first","11":"instock","12":"shipping-taxable","13":"purchasable","14":"product-type-simple"},"yoast_head":"<!-- This site is optimized with the Yoast SEO plugin v27.2 - https:\/\/yoast.com\/product\/yoast-seo-wordpress\/ -->\n<title>Infiray R\u00f6hre TD50L - Jacht en Schietsport Aalten<\/title>\n<meta name=\"robots\" content=\"index, follow, max-snippet:-1, max-image-preview:large, max-video-preview:-1\" \/>\n<link rel=\"canonical\" href=\"https:\/\/jachtenschietsportaalten.nl\/de\/produkt\/infiray-schlauch-td50l\/\" \/>\n<meta property=\"og:locale\" content=\"de_DE\" \/>\n<meta property=\"og:type\" content=\"article\" \/>\n<meta property=\"og:title\" content=\"Infiray R\u00f6hre TD50L - Jacht en Schietsport Aalten\" \/>\n<meta property=\"og:description\" content=\"Infiray TUBE TD50L digitales Nachtsichtger\u00e4t, gebraucht, aber im Neuzustand, inkl. Blaser Montage. Aufl\u00f6sung: 1440-1080 Pixel Inkl. Infrarot-Lampe Vergr\u00f6\u00dferung 4-16 mal Erkennungsweite 600 Meter\" \/>\n<meta property=\"og:url\" content=\"https:\/\/jachtenschietsportaalten.nl\/de\/produkt\/infiray-schlauch-td50l\/\" \/>\n<meta property=\"og:site_name\" content=\"Jacht en Schietsport Aalten\" \/>\n<meta property=\"article:modified_time\" content=\"2024-10-23T08:51:50+00:00\" \/>\n<meta property=\"og:image\" content=\"https:\/\/jachtenschietsportaalten.nl\/wp-content\/uploads\/2024\/07\/Ontwerp-zonder-titel23.png\" \/>\n\t<meta property=\"og:image:width\" content=\"1080\" \/>\n\t<meta property=\"og:image:height\" content=\"1080\" \/>\n\t<meta property=\"og:image:type\" content=\"image\/png\" \/>\n<meta name=\"twitter:card\" content=\"summary_large_image\" \/>\n<script type=\"application\/ld+json\" class=\"yoast-schema-graph\">{\"@context\":\"https:\/\/schema.org\",\"@graph\":[{\"@type\":\"WebPage\",\"@id\":\"https:\/\/jachtenschietsportaalten.nl\/de\/produkt\/infiray-schlauch-td50l\/\",\"url\":\"https:\/\/jachtenschietsportaalten.nl\/de\/produkt\/infiray-schlauch-td50l\/\",\"name\":\"Infiray R\u00f6hre TD50L - Jacht en Schietsport Aalten\",\"isPartOf\":{\"@id\":\"https:\/\/jachtenschietsportaalten.nl\/#website\"},\"primaryImageOfPage\":{\"@id\":\"https:\/\/jachtenschietsportaalten.nl\/de\/produkt\/infiray-schlauch-td50l\/#primaryimage\"},\"image\":{\"@id\":\"https:\/\/jachtenschietsportaalten.nl\/de\/produkt\/infiray-schlauch-td50l\/#primaryimage\"},\"thumbnailUrl\":\"https:\/\/jachtenschietsportaalten.nl\/wp-content\/uploads\/2024\/07\/Ontwerp-zonder-titel-3-2.png\",\"datePublished\":\"2024-07-31T09:13:32+00:00\",\"dateModified\":\"2024-10-23T08:51:50+00:00\",\"breadcrumb\":{\"@id\":\"https:\/\/jachtenschietsportaalten.nl\/de\/produkt\/infiray-schlauch-td50l\/#breadcrumb\"},\"inLanguage\":\"de\",\"potentialAction\":[{\"@type\":\"ReadAction\",\"target\":[\"https:\/\/jachtenschietsportaalten.nl\/de\/produkt\/infiray-schlauch-td50l\/\"]}]},{\"@type\":\"ImageObject\",\"inLanguage\":\"de\",\"@id\":\"https:\/\/jachtenschietsportaalten.nl\/de\/produkt\/infiray-schlauch-td50l\/#primaryimage\",\"url\":\"https:\/\/jachtenschietsportaalten.nl\/wp-content\/uploads\/2024\/07\/Ontwerp-zonder-titel-3-2.png\",\"contentUrl\":\"https:\/\/jachtenschietsportaalten.nl\/wp-content\/uploads\/2024\/07\/Ontwerp-zonder-titel-3-2.png\",\"width\":1080,\"height\":1080},{\"@type\":\"BreadcrumbList\",\"@id\":\"https:\/\/jachtenschietsportaalten.nl\/de\/produkt\/infiray-schlauch-td50l\/#breadcrumb\",\"itemListElement\":[{\"@type\":\"ListItem\",\"position\":1,\"name\":\"Home\",\"item\":\"https:\/\/jachtenschietsportaalten.nl\/de\/startseite\/\"},{\"@type\":\"ListItem\",\"position\":2,\"name\":\"Webshop\",\"item\":\"https:\/\/jachtenschietsportaalten.nl\/de\/shop\/\"},{\"@type\":\"ListItem\",\"position\":3,\"name\":\"Infiray R\u00f6hre TD50L\"}]},{\"@type\":\"WebSite\",\"@id\":\"https:\/\/jachtenschietsportaalten.nl\/#website\",\"url\":\"https:\/\/jachtenschietsportaalten.nl\/\",\"name\":\"Jacht en Schietsport Aalten\",\"description\":\"Webshop\",\"publisher\":{\"@id\":\"https:\/\/jachtenschietsportaalten.nl\/#organization\"},\"potentialAction\":[{\"@type\":\"SearchAction\",\"target\":{\"@type\":\"EntryPoint\",\"urlTemplate\":\"https:\/\/jachtenschietsportaalten.nl\/?s={search_term_string}\"},\"query-input\":{\"@type\":\"PropertyValueSpecification\",\"valueRequired\":true,\"valueName\":\"search_term_string\"}}],\"inLanguage\":\"de\"},{\"@type\":\"Organization\",\"@id\":\"https:\/\/jachtenschietsportaalten.nl\/#organization\",\"name\":\"Jacht en Schietsport Aalten\",\"url\":\"https:\/\/jachtenschietsportaalten.nl\/\",\"logo\":{\"@type\":\"ImageObject\",\"inLanguage\":\"de\",\"@id\":\"https:\/\/jachtenschietsportaalten.nl\/#\/schema\/logo\/image\/\",\"url\":\"https:\/\/jachtenschietsportaalten.nl\/wp-content\/uploads\/2022\/08\/Voskuil_Logo_CMYK-Liggend_02.png\",\"contentUrl\":\"https:\/\/jachtenschietsportaalten.nl\/wp-content\/uploads\/2022\/08\/Voskuil_Logo_CMYK-Liggend_02.png\",\"width\":2212,\"height\":679,\"caption\":\"Jacht en Schietsport Aalten\"},\"image\":{\"@id\":\"https:\/\/jachtenschietsportaalten.nl\/#\/schema\/logo\/image\/\"}}]}<\/script>\n<!-- \/ Yoast SEO plugin. -->","yoast_head_json":{"title":"Infiray R\u00f6hre TD50L - Jacht en Schietsport Aalten","robots":{"index":"index","follow":"follow","max-snippet":"max-snippet:-1","max-image-preview":"max-image-preview:large","max-video-preview":"max-video-preview:-1"},"canonical":"https:\/\/jachtenschietsportaalten.nl\/de\/produkt\/infiray-schlauch-td50l\/","og_locale":"de_DE","og_type":"article","og_title":"Infiray R\u00f6hre TD50L - Jacht en Schietsport Aalten","og_description":"Infiray TUBE TD50L digitales Nachtsichtger\u00e4t, gebraucht, aber im Neuzustand, inkl. Blaser Montage. Aufl\u00f6sung: 1440-1080 Pixel Inkl. Infrarot-Lampe Vergr\u00f6\u00dferung 4-16 mal Erkennungsweite 600 Meter","og_url":"https:\/\/jachtenschietsportaalten.nl\/de\/produkt\/infiray-schlauch-td50l\/","og_site_name":"Jacht en Schietsport Aalten","article_modified_time":"2024-10-23T08:51:50+00:00","og_image":[{"width":1080,"height":1080,"url":"https:\/\/jachtenschietsportaalten.nl\/wp-content\/uploads\/2024\/07\/Ontwerp-zonder-titel23.png","type":"image\/png"}],"twitter_card":"summary_large_image","schema":{"@context":"https:\/\/schema.org","@graph":[{"@type":"WebPage","@id":"https:\/\/jachtenschietsportaalten.nl\/de\/produkt\/infiray-schlauch-td50l\/","url":"https:\/\/jachtenschietsportaalten.nl\/de\/produkt\/infiray-schlauch-td50l\/","name":"Infiray R\u00f6hre TD50L - Jacht en Schietsport Aalten","isPartOf":{"@id":"https:\/\/jachtenschietsportaalten.nl\/#website"},"primaryImageOfPage":{"@id":"https:\/\/jachtenschietsportaalten.nl\/de\/produkt\/infiray-schlauch-td50l\/#primaryimage"},"image":{"@id":"https:\/\/jachtenschietsportaalten.nl\/de\/produkt\/infiray-schlauch-td50l\/#primaryimage"},"thumbnailUrl":"https:\/\/jachtenschietsportaalten.nl\/wp-content\/uploads\/2024\/07\/Ontwerp-zonder-titel-3-2.png","datePublished":"2024-07-31T09:13:32+00:00","dateModified":"2024-10-23T08:51:50+00:00","breadcrumb":{"@id":"https:\/\/jachtenschietsportaalten.nl\/de\/produkt\/infiray-schlauch-td50l\/#breadcrumb"},"inLanguage":"de","potentialAction":[{"@type":"ReadAction","target":["https:\/\/jachtenschietsportaalten.nl\/de\/produkt\/infiray-schlauch-td50l\/"]}]},{"@type":"ImageObject","inLanguage":"de","@id":"https:\/\/jachtenschietsportaalten.nl\/de\/produkt\/infiray-schlauch-td50l\/#primaryimage","url":"https:\/\/jachtenschietsportaalten.nl\/wp-content\/uploads\/2024\/07\/Ontwerp-zonder-titel-3-2.png","contentUrl":"https:\/\/jachtenschietsportaalten.nl\/wp-content\/uploads\/2024\/07\/Ontwerp-zonder-titel-3-2.png","width":1080,"height":1080},{"@type":"BreadcrumbList","@id":"https:\/\/jachtenschietsportaalten.nl\/de\/produkt\/infiray-schlauch-td50l\/#breadcrumb","itemListElement":[{"@type":"ListItem","position":1,"name":"Home","item":"https:\/\/jachtenschietsportaalten.nl\/de\/startseite\/"},{"@type":"ListItem","position":2,"name":"Webshop","item":"https:\/\/jachtenschietsportaalten.nl\/de\/shop\/"},{"@type":"ListItem","position":3,"name":"Infiray R\u00f6hre TD50L"}]},{"@type":"WebSite","@id":"https:\/\/jachtenschietsportaalten.nl\/#website","url":"https:\/\/jachtenschietsportaalten.nl\/","name":"Jacht en Schietsport Aalten","description":"Webshop","publisher":{"@id":"https:\/\/jachtenschietsportaalten.nl\/#organization"},"potentialAction":[{"@type":"SearchAction","target":{"@type":"EntryPoint","urlTemplate":"https:\/\/jachtenschietsportaalten.nl\/?s={search_term_string}"},"query-input":{"@type":"PropertyValueSpecification","valueRequired":true,"valueName":"search_term_string"}}],"inLanguage":"de"},{"@type":"Organization","@id":"https:\/\/jachtenschietsportaalten.nl\/#organization","name":"Jacht en Schietsport Aalten","url":"https:\/\/jachtenschietsportaalten.nl\/","logo":{"@type":"ImageObject","inLanguage":"de","@id":"https:\/\/jachtenschietsportaalten.nl\/#\/schema\/logo\/image\/","url":"https:\/\/jachtenschietsportaalten.nl\/wp-content\/uploads\/2022\/08\/Voskuil_Logo_CMYK-Liggend_02.png","contentUrl":"https:\/\/jachtenschietsportaalten.nl\/wp-content\/uploads\/2022\/08\/Voskuil_Logo_CMYK-Liggend_02.png","width":2212,"height":679,"caption":"Jacht en Schietsport Aalten"},"image":{"@id":"https:\/\/jachtenschietsportaalten.nl\/#\/schema\/logo\/image\/"}}]}},"_links":{"self":[{"href":"https:\/\/jachtenschietsportaalten.nl\/de\/wp-json\/wp\/v2\/product\/5895","targetHints":{"allow":["GET"]}}],"collection":[{"href":"https:\/\/jachtenschietsportaalten.nl\/de\/wp-json\/wp\/v2\/product"}],"about":[{"href":"https:\/\/jachtenschietsportaalten.nl\/de\/wp-json\/wp\/v2\/types\/product"}],"replies":[{"embeddable":true,"href":"https:\/\/jachtenschietsportaalten.nl\/de\/wp-json\/wp\/v2\/comments?post=5895"}],"wp:featuredmedia":[{"embeddable":true,"href":"https:\/\/jachtenschietsportaalten.nl\/de\/wp-json\/wp\/v2\/media\/6496"}],"wp:attachment":[{"href":"https:\/\/jachtenschietsportaalten.nl\/de\/wp-json\/wp\/v2\/media?parent=5895"}],"wp:term":[{"taxonomy":"product_brand","embeddable":true,"href":"https:\/\/jachtenschietsportaalten.nl\/de\/wp-json\/wp\/v2\/product_brand?post=5895"},{"taxonomy":"product_cat","embeddable":true,"href":"https:\/\/jachtenschietsportaalten.nl\/de\/wp-json\/wp\/v2\/product_cat?post=5895"},{"taxonomy":"product_tag","embeddable":true,"href":"https:\/\/jachtenschietsportaalten.nl\/de\/wp-json\/wp\/v2\/product_tag?post=5895"}],"curies":[{"name":"wp","href":"https:\/\/api.w.org\/{rel}","templated":true}]}}