{"id":5964,"date":"2024-08-07T10:23:57","date_gmt":"2024-08-07T08:23:57","guid":{"rendered":"https:\/\/jachtenschietsportaalten.nl\/product\/browning-525-wild-kaliber-20\/"},"modified":"2024-08-07T10:23:57","modified_gmt":"2024-08-07T08:23:57","slug":"browning-525-game-kaliber-20","status":"publish","type":"product","link":"https:\/\/jachtenschietsportaalten.nl\/de\/produkt\/browning-525-game-kaliber-20\/","title":{"rendered":"Browning 525 Wild Kaliber .20"},"content":{"rendered":"<p>Browning 525 Game in einer sch\u00f6nen schlanken Ausf\u00fchrung im Kaliber 20. Das Gewehr ist mit Wechselchokes ausgestattet und hat Magnumkammern.<br \/>\nDas Gewehr verf\u00fcgt \u00fcber ein sch\u00f6nes St\u00fcck Holz, das professionell mit einer Bakelit-Knaufplatte erweitert wurde, au\u00dferdem hat das Gewehr G\u00fcrtelhalterungen, die Laufl\u00e4nge betr\u00e4gt 71 cm.<br \/>\nEin feines, leichtes Gewehr, mit dem man den ganzen Tag im Feld unterwegs sein kann.  <\/p>\n","protected":false},"excerpt":{"rendered":"<p>Browning 525 Game in einer sch\u00f6nen schlanken Ausf\u00fchrung im Kaliber 20. Das Gewehr ist mit Wechselchokes ausgestattet und hat Magnumkammern. Das Gewehr verf\u00fcgt \u00fcber ein sch\u00f6nes St\u00fcck Holz, das professionell mit einer Bakelit-Knaufplatte erweitert wurde, au\u00dferdem hat das Gewehr G\u00fcrtelhalterungen, die Laufl\u00e4nge betr\u00e4gt 71 cm. Ein feines, leichtes Gewehr, mit dem man den ganzen Tag&hellip;<\/p>\n","protected":false},"featured_media":6423,"comment_status":"closed","ping_status":"closed","template":"","meta":{"inline_featured_image":false},"product_brand":[],"product_cat":[1332],"product_tag":[],"class_list":{"0":"post-5964","1":"product","2":"type-product","3":"status-publish","4":"has-post-thumbnail","6":"product_cat-schrotflinte-de","7":"entry","8":"has-media","10":"first","11":"outofstock","12":"shipping-taxable","13":"purchasable","14":"product-type-simple"},"yoast_head":"<!-- This site is optimized with the Yoast SEO plugin v27.4 - https:\/\/yoast.com\/product\/yoast-seo-wordpress\/ -->\n<title>Browning 525 Wild Kaliber .20 - Jacht en Schietsport Aalten<\/title>\n<meta name=\"robots\" content=\"index, follow, max-snippet:-1, max-image-preview:large, max-video-preview:-1\" \/>\n<link rel=\"canonical\" href=\"https:\/\/jachtenschietsportaalten.nl\/product\/browning-525-wild-kaliber-20\/\" \/>\n<meta property=\"og:locale\" content=\"de_DE\" \/>\n<meta property=\"og:type\" content=\"article\" \/>\n<meta property=\"og:title\" content=\"Browning 525 Wild Kaliber .20 - Jacht en Schietsport Aalten\" \/>\n<meta property=\"og:description\" content=\"Browning 525 Game in einer sch\u00f6nen schlanken Ausf\u00fchrung im Kaliber 20. Das Gewehr ist mit Wechselchokes ausgestattet und hat Magnumkammern. Das Gewehr verf\u00fcgt \u00fcber ein sch\u00f6nes St\u00fcck Holz, das professionell mit einer Bakelit-Knaufplatte erweitert wurde, au\u00dferdem hat das Gewehr G\u00fcrtelhalterungen, die Laufl\u00e4nge betr\u00e4gt 71 cm. Ein feines, leichtes Gewehr, mit dem man den ganzen Tag&hellip;\" \/>\n<meta property=\"og:url\" content=\"https:\/\/jachtenschietsportaalten.nl\/product\/browning-525-wild-kaliber-20\/\" \/>\n<meta property=\"og:site_name\" content=\"Jacht en Schietsport Aalten\" \/>\n<meta name=\"twitter:card\" content=\"summary_large_image\" \/>\n<script type=\"application\/ld+json\" class=\"yoast-schema-graph\">{\"@context\":\"https:\\\/\\\/schema.org\",\"@graph\":[{\"@type\":\"WebPage\",\"@id\":\"https:\\\/\\\/jachtenschietsportaalten.nl\\\/product\\\/browning-525-wild-kaliber-20\\\/\",\"url\":\"https:\\\/\\\/jachtenschietsportaalten.nl\\\/product\\\/browning-525-wild-kaliber-20\\\/\",\"name\":\"Browning 525 Wild Kaliber .20 - Jacht en Schietsport Aalten\",\"isPartOf\":{\"@id\":\"https:\\\/\\\/jachtenschietsportaalten.nl\\\/#website\"},\"primaryImageOfPage\":{\"@id\":\"https:\\\/\\\/jachtenschietsportaalten.nl\\\/product\\\/browning-525-wild-kaliber-20\\\/#primaryimage\"},\"image\":{\"@id\":\"https:\\\/\\\/jachtenschietsportaalten.nl\\\/product\\\/browning-525-wild-kaliber-20\\\/#primaryimage\"},\"thumbnailUrl\":\"https:\\\/\\\/jachtenschietsportaalten.nl\\\/wp-content\\\/uploads\\\/2024\\\/08\\\/Ontwerp-zonder-titel-1.png\",\"datePublished\":\"2024-08-07T08:23:57+00:00\",\"breadcrumb\":{\"@id\":\"https:\\\/\\\/jachtenschietsportaalten.nl\\\/product\\\/browning-525-wild-kaliber-20\\\/#breadcrumb\"},\"inLanguage\":\"de\",\"potentialAction\":[{\"@type\":\"ReadAction\",\"target\":[\"https:\\\/\\\/jachtenschietsportaalten.nl\\\/product\\\/browning-525-wild-kaliber-20\\\/\"]}]},{\"@type\":\"ImageObject\",\"inLanguage\":\"de\",\"@id\":\"https:\\\/\\\/jachtenschietsportaalten.nl\\\/product\\\/browning-525-wild-kaliber-20\\\/#primaryimage\",\"url\":\"https:\\\/\\\/jachtenschietsportaalten.nl\\\/wp-content\\\/uploads\\\/2024\\\/08\\\/Ontwerp-zonder-titel-1.png\",\"contentUrl\":\"https:\\\/\\\/jachtenschietsportaalten.nl\\\/wp-content\\\/uploads\\\/2024\\\/08\\\/Ontwerp-zonder-titel-1.png\",\"width\":1080,\"height\":1080},{\"@type\":\"BreadcrumbList\",\"@id\":\"https:\\\/\\\/jachtenschietsportaalten.nl\\\/product\\\/browning-525-wild-kaliber-20\\\/#breadcrumb\",\"itemListElement\":[{\"@type\":\"ListItem\",\"position\":1,\"name\":\"Home\",\"item\":\"https:\\\/\\\/jachtenschietsportaalten.nl\\\/de\\\/startseite\\\/\"},{\"@type\":\"ListItem\",\"position\":2,\"name\":\"Webshop\",\"item\":\"https:\\\/\\\/jachtenschietsportaalten.nl\\\/de\\\/shop\\\/\"},{\"@type\":\"ListItem\",\"position\":3,\"name\":\"Browning 525 Wild Kaliber .20\"}]},{\"@type\":\"WebSite\",\"@id\":\"https:\\\/\\\/jachtenschietsportaalten.nl\\\/#website\",\"url\":\"https:\\\/\\\/jachtenschietsportaalten.nl\\\/\",\"name\":\"Jacht en Schietsport Aalten\",\"description\":\"Webshop\",\"publisher\":{\"@id\":\"https:\\\/\\\/jachtenschietsportaalten.nl\\\/#organization\"},\"potentialAction\":[{\"@type\":\"SearchAction\",\"target\":{\"@type\":\"EntryPoint\",\"urlTemplate\":\"https:\\\/\\\/jachtenschietsportaalten.nl\\\/?s={search_term_string}\"},\"query-input\":{\"@type\":\"PropertyValueSpecification\",\"valueRequired\":true,\"valueName\":\"search_term_string\"}}],\"inLanguage\":\"de\"},{\"@type\":\"Organization\",\"@id\":\"https:\\\/\\\/jachtenschietsportaalten.nl\\\/#organization\",\"name\":\"Jacht en Schietsport Aalten\",\"url\":\"https:\\\/\\\/jachtenschietsportaalten.nl\\\/\",\"logo\":{\"@type\":\"ImageObject\",\"inLanguage\":\"de\",\"@id\":\"https:\\\/\\\/jachtenschietsportaalten.nl\\\/#\\\/schema\\\/logo\\\/image\\\/\",\"url\":\"https:\\\/\\\/jachtenschietsportaalten.nl\\\/wp-content\\\/uploads\\\/2022\\\/08\\\/Voskuil_Logo_CMYK-Liggend_02.png\",\"contentUrl\":\"https:\\\/\\\/jachtenschietsportaalten.nl\\\/wp-content\\\/uploads\\\/2022\\\/08\\\/Voskuil_Logo_CMYK-Liggend_02.png\",\"width\":2212,\"height\":679,\"caption\":\"Jacht en Schietsport Aalten\"},\"image\":{\"@id\":\"https:\\\/\\\/jachtenschietsportaalten.nl\\\/#\\\/schema\\\/logo\\\/image\\\/\"}}]}<\/script>\n<!-- \/ Yoast SEO plugin. -->","yoast_head_json":{"title":"Browning 525 Wild Kaliber .20 - Jacht en Schietsport Aalten","robots":{"index":"index","follow":"follow","max-snippet":"max-snippet:-1","max-image-preview":"max-image-preview:large","max-video-preview":"max-video-preview:-1"},"canonical":"https:\/\/jachtenschietsportaalten.nl\/product\/browning-525-wild-kaliber-20\/","og_locale":"de_DE","og_type":"article","og_title":"Browning 525 Wild Kaliber .20 - Jacht en Schietsport Aalten","og_description":"Browning 525 Game in einer sch\u00f6nen schlanken Ausf\u00fchrung im Kaliber 20. Das Gewehr ist mit Wechselchokes ausgestattet und hat Magnumkammern. Das Gewehr verf\u00fcgt \u00fcber ein sch\u00f6nes St\u00fcck Holz, das professionell mit einer Bakelit-Knaufplatte erweitert wurde, au\u00dferdem hat das Gewehr G\u00fcrtelhalterungen, die Laufl\u00e4nge betr\u00e4gt 71 cm. Ein feines, leichtes Gewehr, mit dem man den ganzen Tag&hellip;","og_url":"https:\/\/jachtenschietsportaalten.nl\/product\/browning-525-wild-kaliber-20\/","og_site_name":"Jacht en Schietsport Aalten","twitter_card":"summary_large_image","schema":{"@context":"https:\/\/schema.org","@graph":[{"@type":"WebPage","@id":"https:\/\/jachtenschietsportaalten.nl\/product\/browning-525-wild-kaliber-20\/","url":"https:\/\/jachtenschietsportaalten.nl\/product\/browning-525-wild-kaliber-20\/","name":"Browning 525 Wild Kaliber .20 - Jacht en Schietsport Aalten","isPartOf":{"@id":"https:\/\/jachtenschietsportaalten.nl\/#website"},"primaryImageOfPage":{"@id":"https:\/\/jachtenschietsportaalten.nl\/product\/browning-525-wild-kaliber-20\/#primaryimage"},"image":{"@id":"https:\/\/jachtenschietsportaalten.nl\/product\/browning-525-wild-kaliber-20\/#primaryimage"},"thumbnailUrl":"https:\/\/jachtenschietsportaalten.nl\/wp-content\/uploads\/2024\/08\/Ontwerp-zonder-titel-1.png","datePublished":"2024-08-07T08:23:57+00:00","breadcrumb":{"@id":"https:\/\/jachtenschietsportaalten.nl\/product\/browning-525-wild-kaliber-20\/#breadcrumb"},"inLanguage":"de","potentialAction":[{"@type":"ReadAction","target":["https:\/\/jachtenschietsportaalten.nl\/product\/browning-525-wild-kaliber-20\/"]}]},{"@type":"ImageObject","inLanguage":"de","@id":"https:\/\/jachtenschietsportaalten.nl\/product\/browning-525-wild-kaliber-20\/#primaryimage","url":"https:\/\/jachtenschietsportaalten.nl\/wp-content\/uploads\/2024\/08\/Ontwerp-zonder-titel-1.png","contentUrl":"https:\/\/jachtenschietsportaalten.nl\/wp-content\/uploads\/2024\/08\/Ontwerp-zonder-titel-1.png","width":1080,"height":1080},{"@type":"BreadcrumbList","@id":"https:\/\/jachtenschietsportaalten.nl\/product\/browning-525-wild-kaliber-20\/#breadcrumb","itemListElement":[{"@type":"ListItem","position":1,"name":"Home","item":"https:\/\/jachtenschietsportaalten.nl\/de\/startseite\/"},{"@type":"ListItem","position":2,"name":"Webshop","item":"https:\/\/jachtenschietsportaalten.nl\/de\/shop\/"},{"@type":"ListItem","position":3,"name":"Browning 525 Wild Kaliber .20"}]},{"@type":"WebSite","@id":"https:\/\/jachtenschietsportaalten.nl\/#website","url":"https:\/\/jachtenschietsportaalten.nl\/","name":"Jacht en Schietsport Aalten","description":"Webshop","publisher":{"@id":"https:\/\/jachtenschietsportaalten.nl\/#organization"},"potentialAction":[{"@type":"SearchAction","target":{"@type":"EntryPoint","urlTemplate":"https:\/\/jachtenschietsportaalten.nl\/?s={search_term_string}"},"query-input":{"@type":"PropertyValueSpecification","valueRequired":true,"valueName":"search_term_string"}}],"inLanguage":"de"},{"@type":"Organization","@id":"https:\/\/jachtenschietsportaalten.nl\/#organization","name":"Jacht en Schietsport Aalten","url":"https:\/\/jachtenschietsportaalten.nl\/","logo":{"@type":"ImageObject","inLanguage":"de","@id":"https:\/\/jachtenschietsportaalten.nl\/#\/schema\/logo\/image\/","url":"https:\/\/jachtenschietsportaalten.nl\/wp-content\/uploads\/2022\/08\/Voskuil_Logo_CMYK-Liggend_02.png","contentUrl":"https:\/\/jachtenschietsportaalten.nl\/wp-content\/uploads\/2022\/08\/Voskuil_Logo_CMYK-Liggend_02.png","width":2212,"height":679,"caption":"Jacht en Schietsport Aalten"},"image":{"@id":"https:\/\/jachtenschietsportaalten.nl\/#\/schema\/logo\/image\/"}}]}},"_links":{"self":[{"href":"https:\/\/jachtenschietsportaalten.nl\/de\/wp-json\/wp\/v2\/product\/5964","targetHints":{"allow":["GET"]}}],"collection":[{"href":"https:\/\/jachtenschietsportaalten.nl\/de\/wp-json\/wp\/v2\/product"}],"about":[{"href":"https:\/\/jachtenschietsportaalten.nl\/de\/wp-json\/wp\/v2\/types\/product"}],"replies":[{"embeddable":true,"href":"https:\/\/jachtenschietsportaalten.nl\/de\/wp-json\/wp\/v2\/comments?post=5964"}],"wp:featuredmedia":[{"embeddable":true,"href":"https:\/\/jachtenschietsportaalten.nl\/de\/wp-json\/wp\/v2\/media\/6423"}],"wp:attachment":[{"href":"https:\/\/jachtenschietsportaalten.nl\/de\/wp-json\/wp\/v2\/media?parent=5964"}],"wp:term":[{"taxonomy":"product_brand","embeddable":true,"href":"https:\/\/jachtenschietsportaalten.nl\/de\/wp-json\/wp\/v2\/product_brand?post=5964"},{"taxonomy":"product_cat","embeddable":true,"href":"https:\/\/jachtenschietsportaalten.nl\/de\/wp-json\/wp\/v2\/product_cat?post=5964"},{"taxonomy":"product_tag","embeddable":true,"href":"https:\/\/jachtenschietsportaalten.nl\/de\/wp-json\/wp\/v2\/product_tag?post=5964"}],"curies":[{"name":"wp","href":"https:\/\/api.w.org\/{rel}","templated":true}]}}