{"id":6062,"date":"2024-09-21T16:46:39","date_gmt":"2024-09-21T14:46:39","guid":{"rendered":"https:\/\/jachtenschietsportaalten.nl\/product\/browning-b25-81-cm-lauf\/"},"modified":"2024-09-21T16:46:39","modified_gmt":"2024-09-21T14:46:39","slug":"browning-b25-81-cm-lauf","status":"publish","type":"product","link":"https:\/\/jachtenschietsportaalten.nl\/de\/produkt\/browning-b25-81-cm-lauf\/","title":{"rendered":"Browning B25 81 cm Lauf"},"content":{"rendered":"<p>Sch\u00f6ne Original Browning B25 mit 81 cm Lauf.<br \/>\nDas Gewehr hat einen neuen Schaft in einer h\u00f6heren Holzqualit\u00e4t mit sch\u00f6nen Markierungen des Holzes.<br \/>\nDer untere Lauf ist mit einem wechselbaren Choke ausgestattet und der obere Lauf ist ein fester 3\/4 Choke.<br \/>\nAu\u00dferdem wurde das Gewehr k\u00fcrzlich vom Browning Gewehrmacher \u00fcberholt, so dass der Verschlussmechanismus erstklassig ist.     <\/p>\n","protected":false},"excerpt":{"rendered":"<p>Sch\u00f6ne Original Browning B25 mit 81 cm Lauf. Das Gewehr hat einen neuen Schaft in einer h\u00f6heren Holzqualit\u00e4t mit sch\u00f6nen Markierungen des Holzes. Der untere Lauf ist mit einem wechselbaren Choke ausgestattet und der obere Lauf ist ein fester 3\/4 Choke. Au\u00dferdem wurde das Gewehr k\u00fcrzlich vom Browning Gewehrmacher \u00fcberholt, so dass der Verschlussmechanismus erstklassig&hellip;<\/p>\n","protected":false},"featured_media":6469,"comment_status":"closed","ping_status":"closed","template":"","meta":{"inline_featured_image":false},"product_brand":[],"product_cat":[1334],"product_tag":[],"class_list":{"0":"post-6062","1":"product","2":"type-product","3":"status-publish","4":"has-post-thumbnail","6":"product_cat-schrotflinte-de-2","7":"entry","8":"has-media","10":"first","11":"outofstock","12":"shipping-taxable","13":"purchasable","14":"product-type-simple"},"yoast_head":"<!-- This site is optimized with the Yoast SEO plugin v27.3 - https:\/\/yoast.com\/product\/yoast-seo-wordpress\/ -->\n<title>Browning B25 81 cm Lauf - Jacht en Schietsport Aalten<\/title>\n<meta name=\"robots\" content=\"index, follow, max-snippet:-1, max-image-preview:large, max-video-preview:-1\" \/>\n<link rel=\"canonical\" href=\"https:\/\/jachtenschietsportaalten.nl\/product\/browning-b25-81-cm-loop\/\" \/>\n<meta property=\"og:locale\" content=\"de_DE\" \/>\n<meta property=\"og:type\" content=\"article\" \/>\n<meta property=\"og:title\" content=\"Browning B25 81 cm Lauf - Jacht en Schietsport Aalten\" \/>\n<meta property=\"og:description\" content=\"Sch\u00f6ne Original Browning B25 mit 81 cm Lauf. Das Gewehr hat einen neuen Schaft in einer h\u00f6heren Holzqualit\u00e4t mit sch\u00f6nen Markierungen des Holzes. Der untere Lauf ist mit einem wechselbaren Choke ausgestattet und der obere Lauf ist ein fester 3\/4 Choke. Au\u00dferdem wurde das Gewehr k\u00fcrzlich vom Browning Gewehrmacher \u00fcberholt, so dass der Verschlussmechanismus erstklassig&hellip;\" \/>\n<meta property=\"og:url\" content=\"https:\/\/jachtenschietsportaalten.nl\/product\/browning-b25-81-cm-loop\/\" \/>\n<meta property=\"og:site_name\" content=\"Jacht en Schietsport Aalten\" \/>\n<meta property=\"og:image\" content=\"https:\/\/jachtenschietsportaalten.nl\/wp-content\/uploads\/2024\/09\/Ontwerp-zonder-titel.png\" \/>\n\t<meta property=\"og:image:width\" content=\"1080\" \/>\n\t<meta property=\"og:image:height\" content=\"1080\" \/>\n\t<meta property=\"og:image:type\" content=\"image\/png\" \/>\n<meta name=\"twitter:card\" content=\"summary_large_image\" \/>\n<script type=\"application\/ld+json\" class=\"yoast-schema-graph\">{\"@context\":\"https:\\\/\\\/schema.org\",\"@graph\":[{\"@type\":\"WebPage\",\"@id\":\"https:\\\/\\\/jachtenschietsportaalten.nl\\\/product\\\/browning-b25-81-cm-loop\\\/\",\"url\":\"https:\\\/\\\/jachtenschietsportaalten.nl\\\/product\\\/browning-b25-81-cm-loop\\\/\",\"name\":\"Browning B25 81 cm Lauf - Jacht en Schietsport Aalten\",\"isPartOf\":{\"@id\":\"https:\\\/\\\/jachtenschietsportaalten.nl\\\/#website\"},\"primaryImageOfPage\":{\"@id\":\"https:\\\/\\\/jachtenschietsportaalten.nl\\\/product\\\/browning-b25-81-cm-loop\\\/#primaryimage\"},\"image\":{\"@id\":\"https:\\\/\\\/jachtenschietsportaalten.nl\\\/product\\\/browning-b25-81-cm-loop\\\/#primaryimage\"},\"thumbnailUrl\":\"https:\\\/\\\/jachtenschietsportaalten.nl\\\/wp-content\\\/uploads\\\/2024\\\/09\\\/Ontwerp-zonder-titel.png\",\"datePublished\":\"2024-09-21T14:46:39+00:00\",\"breadcrumb\":{\"@id\":\"https:\\\/\\\/jachtenschietsportaalten.nl\\\/product\\\/browning-b25-81-cm-loop\\\/#breadcrumb\"},\"inLanguage\":\"de\",\"potentialAction\":[{\"@type\":\"ReadAction\",\"target\":[\"https:\\\/\\\/jachtenschietsportaalten.nl\\\/product\\\/browning-b25-81-cm-loop\\\/\"]}]},{\"@type\":\"ImageObject\",\"inLanguage\":\"de\",\"@id\":\"https:\\\/\\\/jachtenschietsportaalten.nl\\\/product\\\/browning-b25-81-cm-loop\\\/#primaryimage\",\"url\":\"https:\\\/\\\/jachtenschietsportaalten.nl\\\/wp-content\\\/uploads\\\/2024\\\/09\\\/Ontwerp-zonder-titel.png\",\"contentUrl\":\"https:\\\/\\\/jachtenschietsportaalten.nl\\\/wp-content\\\/uploads\\\/2024\\\/09\\\/Ontwerp-zonder-titel.png\",\"width\":1080,\"height\":1080},{\"@type\":\"BreadcrumbList\",\"@id\":\"https:\\\/\\\/jachtenschietsportaalten.nl\\\/product\\\/browning-b25-81-cm-loop\\\/#breadcrumb\",\"itemListElement\":[{\"@type\":\"ListItem\",\"position\":1,\"name\":\"Home\",\"item\":\"https:\\\/\\\/jachtenschietsportaalten.nl\\\/de\\\/startseite\\\/\"},{\"@type\":\"ListItem\",\"position\":2,\"name\":\"Webshop\",\"item\":\"https:\\\/\\\/jachtenschietsportaalten.nl\\\/de\\\/shop\\\/\"},{\"@type\":\"ListItem\",\"position\":3,\"name\":\"Browning B25 81 cm Lauf\"}]},{\"@type\":\"WebSite\",\"@id\":\"https:\\\/\\\/jachtenschietsportaalten.nl\\\/#website\",\"url\":\"https:\\\/\\\/jachtenschietsportaalten.nl\\\/\",\"name\":\"Jacht en Schietsport Aalten\",\"description\":\"Webshop\",\"publisher\":{\"@id\":\"https:\\\/\\\/jachtenschietsportaalten.nl\\\/#organization\"},\"potentialAction\":[{\"@type\":\"SearchAction\",\"target\":{\"@type\":\"EntryPoint\",\"urlTemplate\":\"https:\\\/\\\/jachtenschietsportaalten.nl\\\/?s={search_term_string}\"},\"query-input\":{\"@type\":\"PropertyValueSpecification\",\"valueRequired\":true,\"valueName\":\"search_term_string\"}}],\"inLanguage\":\"de\"},{\"@type\":\"Organization\",\"@id\":\"https:\\\/\\\/jachtenschietsportaalten.nl\\\/#organization\",\"name\":\"Jacht en Schietsport Aalten\",\"url\":\"https:\\\/\\\/jachtenschietsportaalten.nl\\\/\",\"logo\":{\"@type\":\"ImageObject\",\"inLanguage\":\"de\",\"@id\":\"https:\\\/\\\/jachtenschietsportaalten.nl\\\/#\\\/schema\\\/logo\\\/image\\\/\",\"url\":\"https:\\\/\\\/jachtenschietsportaalten.nl\\\/wp-content\\\/uploads\\\/2022\\\/08\\\/Voskuil_Logo_CMYK-Liggend_02.png\",\"contentUrl\":\"https:\\\/\\\/jachtenschietsportaalten.nl\\\/wp-content\\\/uploads\\\/2022\\\/08\\\/Voskuil_Logo_CMYK-Liggend_02.png\",\"width\":2212,\"height\":679,\"caption\":\"Jacht en Schietsport Aalten\"},\"image\":{\"@id\":\"https:\\\/\\\/jachtenschietsportaalten.nl\\\/#\\\/schema\\\/logo\\\/image\\\/\"}}]}<\/script>\n<!-- \/ Yoast SEO plugin. -->","yoast_head_json":{"title":"Browning B25 81 cm Lauf - Jacht en Schietsport Aalten","robots":{"index":"index","follow":"follow","max-snippet":"max-snippet:-1","max-image-preview":"max-image-preview:large","max-video-preview":"max-video-preview:-1"},"canonical":"https:\/\/jachtenschietsportaalten.nl\/product\/browning-b25-81-cm-loop\/","og_locale":"de_DE","og_type":"article","og_title":"Browning B25 81 cm Lauf - Jacht en Schietsport Aalten","og_description":"Sch\u00f6ne Original Browning B25 mit 81 cm Lauf. Das Gewehr hat einen neuen Schaft in einer h\u00f6heren Holzqualit\u00e4t mit sch\u00f6nen Markierungen des Holzes. Der untere Lauf ist mit einem wechselbaren Choke ausgestattet und der obere Lauf ist ein fester 3\/4 Choke. Au\u00dferdem wurde das Gewehr k\u00fcrzlich vom Browning Gewehrmacher \u00fcberholt, so dass der Verschlussmechanismus erstklassig&hellip;","og_url":"https:\/\/jachtenschietsportaalten.nl\/product\/browning-b25-81-cm-loop\/","og_site_name":"Jacht en Schietsport Aalten","og_image":[{"width":1080,"height":1080,"url":"https:\/\/jachtenschietsportaalten.nl\/wp-content\/uploads\/2024\/09\/Ontwerp-zonder-titel.png","type":"image\/png"}],"twitter_card":"summary_large_image","schema":{"@context":"https:\/\/schema.org","@graph":[{"@type":"WebPage","@id":"https:\/\/jachtenschietsportaalten.nl\/product\/browning-b25-81-cm-loop\/","url":"https:\/\/jachtenschietsportaalten.nl\/product\/browning-b25-81-cm-loop\/","name":"Browning B25 81 cm Lauf - Jacht en Schietsport Aalten","isPartOf":{"@id":"https:\/\/jachtenschietsportaalten.nl\/#website"},"primaryImageOfPage":{"@id":"https:\/\/jachtenschietsportaalten.nl\/product\/browning-b25-81-cm-loop\/#primaryimage"},"image":{"@id":"https:\/\/jachtenschietsportaalten.nl\/product\/browning-b25-81-cm-loop\/#primaryimage"},"thumbnailUrl":"https:\/\/jachtenschietsportaalten.nl\/wp-content\/uploads\/2024\/09\/Ontwerp-zonder-titel.png","datePublished":"2024-09-21T14:46:39+00:00","breadcrumb":{"@id":"https:\/\/jachtenschietsportaalten.nl\/product\/browning-b25-81-cm-loop\/#breadcrumb"},"inLanguage":"de","potentialAction":[{"@type":"ReadAction","target":["https:\/\/jachtenschietsportaalten.nl\/product\/browning-b25-81-cm-loop\/"]}]},{"@type":"ImageObject","inLanguage":"de","@id":"https:\/\/jachtenschietsportaalten.nl\/product\/browning-b25-81-cm-loop\/#primaryimage","url":"https:\/\/jachtenschietsportaalten.nl\/wp-content\/uploads\/2024\/09\/Ontwerp-zonder-titel.png","contentUrl":"https:\/\/jachtenschietsportaalten.nl\/wp-content\/uploads\/2024\/09\/Ontwerp-zonder-titel.png","width":1080,"height":1080},{"@type":"BreadcrumbList","@id":"https:\/\/jachtenschietsportaalten.nl\/product\/browning-b25-81-cm-loop\/#breadcrumb","itemListElement":[{"@type":"ListItem","position":1,"name":"Home","item":"https:\/\/jachtenschietsportaalten.nl\/de\/startseite\/"},{"@type":"ListItem","position":2,"name":"Webshop","item":"https:\/\/jachtenschietsportaalten.nl\/de\/shop\/"},{"@type":"ListItem","position":3,"name":"Browning B25 81 cm Lauf"}]},{"@type":"WebSite","@id":"https:\/\/jachtenschietsportaalten.nl\/#website","url":"https:\/\/jachtenschietsportaalten.nl\/","name":"Jacht en Schietsport Aalten","description":"Webshop","publisher":{"@id":"https:\/\/jachtenschietsportaalten.nl\/#organization"},"potentialAction":[{"@type":"SearchAction","target":{"@type":"EntryPoint","urlTemplate":"https:\/\/jachtenschietsportaalten.nl\/?s={search_term_string}"},"query-input":{"@type":"PropertyValueSpecification","valueRequired":true,"valueName":"search_term_string"}}],"inLanguage":"de"},{"@type":"Organization","@id":"https:\/\/jachtenschietsportaalten.nl\/#organization","name":"Jacht en Schietsport Aalten","url":"https:\/\/jachtenschietsportaalten.nl\/","logo":{"@type":"ImageObject","inLanguage":"de","@id":"https:\/\/jachtenschietsportaalten.nl\/#\/schema\/logo\/image\/","url":"https:\/\/jachtenschietsportaalten.nl\/wp-content\/uploads\/2022\/08\/Voskuil_Logo_CMYK-Liggend_02.png","contentUrl":"https:\/\/jachtenschietsportaalten.nl\/wp-content\/uploads\/2022\/08\/Voskuil_Logo_CMYK-Liggend_02.png","width":2212,"height":679,"caption":"Jacht en Schietsport Aalten"},"image":{"@id":"https:\/\/jachtenschietsportaalten.nl\/#\/schema\/logo\/image\/"}}]}},"_links":{"self":[{"href":"https:\/\/jachtenschietsportaalten.nl\/de\/wp-json\/wp\/v2\/product\/6062","targetHints":{"allow":["GET"]}}],"collection":[{"href":"https:\/\/jachtenschietsportaalten.nl\/de\/wp-json\/wp\/v2\/product"}],"about":[{"href":"https:\/\/jachtenschietsportaalten.nl\/de\/wp-json\/wp\/v2\/types\/product"}],"replies":[{"embeddable":true,"href":"https:\/\/jachtenschietsportaalten.nl\/de\/wp-json\/wp\/v2\/comments?post=6062"}],"wp:featuredmedia":[{"embeddable":true,"href":"https:\/\/jachtenschietsportaalten.nl\/de\/wp-json\/wp\/v2\/media\/6469"}],"wp:attachment":[{"href":"https:\/\/jachtenschietsportaalten.nl\/de\/wp-json\/wp\/v2\/media?parent=6062"}],"wp:term":[{"taxonomy":"product_brand","embeddable":true,"href":"https:\/\/jachtenschietsportaalten.nl\/de\/wp-json\/wp\/v2\/product_brand?post=6062"},{"taxonomy":"product_cat","embeddable":true,"href":"https:\/\/jachtenschietsportaalten.nl\/de\/wp-json\/wp\/v2\/product_cat?post=6062"},{"taxonomy":"product_tag","embeddable":true,"href":"https:\/\/jachtenschietsportaalten.nl\/de\/wp-json\/wp\/v2\/product_tag?post=6062"}],"curies":[{"name":"wp","href":"https:\/\/api.w.org\/{rel}","templated":true}]}}