{"id":6083,"date":"2024-09-21T17:00:01","date_gmt":"2024-09-21T15:00:01","guid":{"rendered":"https:\/\/jachtenschietsportaalten.nl\/product\/thompson-center-encore-308\/"},"modified":"2024-09-21T17:00:01","modified_gmt":"2024-09-21T15:00:01","slug":"thompson-center-encore-308","status":"publish","type":"product","link":"https:\/\/jachtenschietsportaalten.nl\/de\/produkt\/thompson-center-encore-308\/","title":{"rendered":"Thompson Center Encore .308"},"content":{"rendered":"<p>Einzigartiges Thompson Center Encore Rifle im Kaliber .308. Dieses Gewehr ist ein einsch\u00fcssiges Bask\u00fclengewehr f\u00fcr den Liebhaber und Puristen von einsch\u00fcssigen Waffen. Diese Gewehre sind selten, dieses hier ist in sehr gutem Zustand und hat einen sch\u00f6nen dicken Jagdlauf im Kabliber .308 . Das Gewehr ist au\u00dferdem mit einem hochwertigen Schmidt und Bender 6 x42 ausgestattet. Nat\u00fcrlich kann bei Bedarf ein anderes Zielfernrohr montiert werden, und es gibt eine Weaver-Schiene auf dem Lauf.  <\/p>\n","protected":false},"excerpt":{"rendered":"<p>Einzigartiges Thompson Center Encore Rifle im Kaliber .308. Dieses Gewehr ist ein einsch\u00fcssiges Bask\u00fclengewehr f\u00fcr den Liebhaber und Puristen von einsch\u00fcssigen Waffen. Diese Gewehre sind selten, dieses hier ist in sehr gutem Zustand und hat einen sch\u00f6nen dicken Jagdlauf im Kabliber .308 . Das Gewehr ist au\u00dferdem mit einem hochwertigen Schmidt und Bender 6 x42&hellip;<\/p>\n","protected":false},"featured_media":6593,"comment_status":"closed","ping_status":"closed","template":"","meta":{"inline_featured_image":false},"product_brand":[],"product_cat":[1332],"product_tag":[],"class_list":{"0":"post-6083","1":"product","2":"type-product","3":"status-publish","4":"has-post-thumbnail","6":"product_cat-schrotflinte-de","7":"entry","8":"has-media","10":"first","11":"instock","12":"shipping-taxable","13":"purchasable","14":"product-type-simple"},"yoast_head":"<!-- This site is optimized with the Yoast SEO plugin v27.3 - https:\/\/yoast.com\/product\/yoast-seo-wordpress\/ -->\n<title>Thompson Center Encore .308 - Jacht en Schietsport Aalten<\/title>\n<meta name=\"robots\" content=\"index, follow, max-snippet:-1, max-image-preview:large, max-video-preview:-1\" \/>\n<link rel=\"canonical\" href=\"https:\/\/jachtenschietsportaalten.nl\/product\/thompson-center-encore-308\/\" \/>\n<meta property=\"og:locale\" content=\"de_DE\" \/>\n<meta property=\"og:type\" content=\"article\" \/>\n<meta property=\"og:title\" content=\"Thompson Center Encore .308 - Jacht en Schietsport Aalten\" \/>\n<meta property=\"og:description\" content=\"Einzigartiges Thompson Center Encore Rifle im Kaliber .308. Dieses Gewehr ist ein einsch\u00fcssiges Bask\u00fclengewehr f\u00fcr den Liebhaber und Puristen von einsch\u00fcssigen Waffen. Diese Gewehre sind selten, dieses hier ist in sehr gutem Zustand und hat einen sch\u00f6nen dicken Jagdlauf im Kabliber .308 . Das Gewehr ist au\u00dferdem mit einem hochwertigen Schmidt und Bender 6 x42&hellip;\" \/>\n<meta property=\"og:url\" content=\"https:\/\/jachtenschietsportaalten.nl\/product\/thompson-center-encore-308\/\" \/>\n<meta property=\"og:site_name\" content=\"Jacht en Schietsport Aalten\" \/>\n<meta name=\"twitter:card\" content=\"summary_large_image\" \/>\n<script type=\"application\/ld+json\" class=\"yoast-schema-graph\">{\"@context\":\"https:\\\/\\\/schema.org\",\"@graph\":[{\"@type\":\"WebPage\",\"@id\":\"https:\\\/\\\/jachtenschietsportaalten.nl\\\/product\\\/thompson-center-encore-308\\\/\",\"url\":\"https:\\\/\\\/jachtenschietsportaalten.nl\\\/product\\\/thompson-center-encore-308\\\/\",\"name\":\"Thompson Center Encore .308 - Jacht en Schietsport Aalten\",\"isPartOf\":{\"@id\":\"https:\\\/\\\/jachtenschietsportaalten.nl\\\/#website\"},\"primaryImageOfPage\":{\"@id\":\"https:\\\/\\\/jachtenschietsportaalten.nl\\\/product\\\/thompson-center-encore-308\\\/#primaryimage\"},\"image\":{\"@id\":\"https:\\\/\\\/jachtenschietsportaalten.nl\\\/product\\\/thompson-center-encore-308\\\/#primaryimage\"},\"thumbnailUrl\":\"https:\\\/\\\/jachtenschietsportaalten.nl\\\/wp-content\\\/uploads\\\/2024\\\/09\\\/Ontwerp-zonder-titel-11-2.png\",\"datePublished\":\"2024-09-21T15:00:01+00:00\",\"breadcrumb\":{\"@id\":\"https:\\\/\\\/jachtenschietsportaalten.nl\\\/product\\\/thompson-center-encore-308\\\/#breadcrumb\"},\"inLanguage\":\"de\",\"potentialAction\":[{\"@type\":\"ReadAction\",\"target\":[\"https:\\\/\\\/jachtenschietsportaalten.nl\\\/product\\\/thompson-center-encore-308\\\/\"]}]},{\"@type\":\"ImageObject\",\"inLanguage\":\"de\",\"@id\":\"https:\\\/\\\/jachtenschietsportaalten.nl\\\/product\\\/thompson-center-encore-308\\\/#primaryimage\",\"url\":\"https:\\\/\\\/jachtenschietsportaalten.nl\\\/wp-content\\\/uploads\\\/2024\\\/09\\\/Ontwerp-zonder-titel-11-2.png\",\"contentUrl\":\"https:\\\/\\\/jachtenschietsportaalten.nl\\\/wp-content\\\/uploads\\\/2024\\\/09\\\/Ontwerp-zonder-titel-11-2.png\",\"width\":1080,\"height\":1080},{\"@type\":\"BreadcrumbList\",\"@id\":\"https:\\\/\\\/jachtenschietsportaalten.nl\\\/product\\\/thompson-center-encore-308\\\/#breadcrumb\",\"itemListElement\":[{\"@type\":\"ListItem\",\"position\":1,\"name\":\"Home\",\"item\":\"https:\\\/\\\/jachtenschietsportaalten.nl\\\/de\\\/startseite\\\/\"},{\"@type\":\"ListItem\",\"position\":2,\"name\":\"Webshop\",\"item\":\"https:\\\/\\\/jachtenschietsportaalten.nl\\\/de\\\/shop\\\/\"},{\"@type\":\"ListItem\",\"position\":3,\"name\":\"Thompson Center Encore .308\"}]},{\"@type\":\"WebSite\",\"@id\":\"https:\\\/\\\/jachtenschietsportaalten.nl\\\/#website\",\"url\":\"https:\\\/\\\/jachtenschietsportaalten.nl\\\/\",\"name\":\"Jacht en Schietsport Aalten\",\"description\":\"Webshop\",\"publisher\":{\"@id\":\"https:\\\/\\\/jachtenschietsportaalten.nl\\\/#organization\"},\"potentialAction\":[{\"@type\":\"SearchAction\",\"target\":{\"@type\":\"EntryPoint\",\"urlTemplate\":\"https:\\\/\\\/jachtenschietsportaalten.nl\\\/?s={search_term_string}\"},\"query-input\":{\"@type\":\"PropertyValueSpecification\",\"valueRequired\":true,\"valueName\":\"search_term_string\"}}],\"inLanguage\":\"de\"},{\"@type\":\"Organization\",\"@id\":\"https:\\\/\\\/jachtenschietsportaalten.nl\\\/#organization\",\"name\":\"Jacht en Schietsport Aalten\",\"url\":\"https:\\\/\\\/jachtenschietsportaalten.nl\\\/\",\"logo\":{\"@type\":\"ImageObject\",\"inLanguage\":\"de\",\"@id\":\"https:\\\/\\\/jachtenschietsportaalten.nl\\\/#\\\/schema\\\/logo\\\/image\\\/\",\"url\":\"https:\\\/\\\/jachtenschietsportaalten.nl\\\/wp-content\\\/uploads\\\/2022\\\/08\\\/Voskuil_Logo_CMYK-Liggend_02.png\",\"contentUrl\":\"https:\\\/\\\/jachtenschietsportaalten.nl\\\/wp-content\\\/uploads\\\/2022\\\/08\\\/Voskuil_Logo_CMYK-Liggend_02.png\",\"width\":2212,\"height\":679,\"caption\":\"Jacht en Schietsport Aalten\"},\"image\":{\"@id\":\"https:\\\/\\\/jachtenschietsportaalten.nl\\\/#\\\/schema\\\/logo\\\/image\\\/\"}}]}<\/script>\n<!-- \/ Yoast SEO plugin. -->","yoast_head_json":{"title":"Thompson Center Encore .308 - Jacht en Schietsport Aalten","robots":{"index":"index","follow":"follow","max-snippet":"max-snippet:-1","max-image-preview":"max-image-preview:large","max-video-preview":"max-video-preview:-1"},"canonical":"https:\/\/jachtenschietsportaalten.nl\/product\/thompson-center-encore-308\/","og_locale":"de_DE","og_type":"article","og_title":"Thompson Center Encore .308 - Jacht en Schietsport Aalten","og_description":"Einzigartiges Thompson Center Encore Rifle im Kaliber .308. Dieses Gewehr ist ein einsch\u00fcssiges Bask\u00fclengewehr f\u00fcr den Liebhaber und Puristen von einsch\u00fcssigen Waffen. Diese Gewehre sind selten, dieses hier ist in sehr gutem Zustand und hat einen sch\u00f6nen dicken Jagdlauf im Kabliber .308 . Das Gewehr ist au\u00dferdem mit einem hochwertigen Schmidt und Bender 6 x42&hellip;","og_url":"https:\/\/jachtenschietsportaalten.nl\/product\/thompson-center-encore-308\/","og_site_name":"Jacht en Schietsport Aalten","twitter_card":"summary_large_image","schema":{"@context":"https:\/\/schema.org","@graph":[{"@type":"WebPage","@id":"https:\/\/jachtenschietsportaalten.nl\/product\/thompson-center-encore-308\/","url":"https:\/\/jachtenschietsportaalten.nl\/product\/thompson-center-encore-308\/","name":"Thompson Center Encore .308 - Jacht en Schietsport Aalten","isPartOf":{"@id":"https:\/\/jachtenschietsportaalten.nl\/#website"},"primaryImageOfPage":{"@id":"https:\/\/jachtenschietsportaalten.nl\/product\/thompson-center-encore-308\/#primaryimage"},"image":{"@id":"https:\/\/jachtenschietsportaalten.nl\/product\/thompson-center-encore-308\/#primaryimage"},"thumbnailUrl":"https:\/\/jachtenschietsportaalten.nl\/wp-content\/uploads\/2024\/09\/Ontwerp-zonder-titel-11-2.png","datePublished":"2024-09-21T15:00:01+00:00","breadcrumb":{"@id":"https:\/\/jachtenschietsportaalten.nl\/product\/thompson-center-encore-308\/#breadcrumb"},"inLanguage":"de","potentialAction":[{"@type":"ReadAction","target":["https:\/\/jachtenschietsportaalten.nl\/product\/thompson-center-encore-308\/"]}]},{"@type":"ImageObject","inLanguage":"de","@id":"https:\/\/jachtenschietsportaalten.nl\/product\/thompson-center-encore-308\/#primaryimage","url":"https:\/\/jachtenschietsportaalten.nl\/wp-content\/uploads\/2024\/09\/Ontwerp-zonder-titel-11-2.png","contentUrl":"https:\/\/jachtenschietsportaalten.nl\/wp-content\/uploads\/2024\/09\/Ontwerp-zonder-titel-11-2.png","width":1080,"height":1080},{"@type":"BreadcrumbList","@id":"https:\/\/jachtenschietsportaalten.nl\/product\/thompson-center-encore-308\/#breadcrumb","itemListElement":[{"@type":"ListItem","position":1,"name":"Home","item":"https:\/\/jachtenschietsportaalten.nl\/de\/startseite\/"},{"@type":"ListItem","position":2,"name":"Webshop","item":"https:\/\/jachtenschietsportaalten.nl\/de\/shop\/"},{"@type":"ListItem","position":3,"name":"Thompson Center Encore .308"}]},{"@type":"WebSite","@id":"https:\/\/jachtenschietsportaalten.nl\/#website","url":"https:\/\/jachtenschietsportaalten.nl\/","name":"Jacht en Schietsport Aalten","description":"Webshop","publisher":{"@id":"https:\/\/jachtenschietsportaalten.nl\/#organization"},"potentialAction":[{"@type":"SearchAction","target":{"@type":"EntryPoint","urlTemplate":"https:\/\/jachtenschietsportaalten.nl\/?s={search_term_string}"},"query-input":{"@type":"PropertyValueSpecification","valueRequired":true,"valueName":"search_term_string"}}],"inLanguage":"de"},{"@type":"Organization","@id":"https:\/\/jachtenschietsportaalten.nl\/#organization","name":"Jacht en Schietsport Aalten","url":"https:\/\/jachtenschietsportaalten.nl\/","logo":{"@type":"ImageObject","inLanguage":"de","@id":"https:\/\/jachtenschietsportaalten.nl\/#\/schema\/logo\/image\/","url":"https:\/\/jachtenschietsportaalten.nl\/wp-content\/uploads\/2022\/08\/Voskuil_Logo_CMYK-Liggend_02.png","contentUrl":"https:\/\/jachtenschietsportaalten.nl\/wp-content\/uploads\/2022\/08\/Voskuil_Logo_CMYK-Liggend_02.png","width":2212,"height":679,"caption":"Jacht en Schietsport Aalten"},"image":{"@id":"https:\/\/jachtenschietsportaalten.nl\/#\/schema\/logo\/image\/"}}]}},"_links":{"self":[{"href":"https:\/\/jachtenschietsportaalten.nl\/de\/wp-json\/wp\/v2\/product\/6083","targetHints":{"allow":["GET"]}}],"collection":[{"href":"https:\/\/jachtenschietsportaalten.nl\/de\/wp-json\/wp\/v2\/product"}],"about":[{"href":"https:\/\/jachtenschietsportaalten.nl\/de\/wp-json\/wp\/v2\/types\/product"}],"replies":[{"embeddable":true,"href":"https:\/\/jachtenschietsportaalten.nl\/de\/wp-json\/wp\/v2\/comments?post=6083"}],"wp:featuredmedia":[{"embeddable":true,"href":"https:\/\/jachtenschietsportaalten.nl\/de\/wp-json\/wp\/v2\/media\/6593"}],"wp:attachment":[{"href":"https:\/\/jachtenschietsportaalten.nl\/de\/wp-json\/wp\/v2\/media?parent=6083"}],"wp:term":[{"taxonomy":"product_brand","embeddable":true,"href":"https:\/\/jachtenschietsportaalten.nl\/de\/wp-json\/wp\/v2\/product_brand?post=6083"},{"taxonomy":"product_cat","embeddable":true,"href":"https:\/\/jachtenschietsportaalten.nl\/de\/wp-json\/wp\/v2\/product_cat?post=6083"},{"taxonomy":"product_tag","embeddable":true,"href":"https:\/\/jachtenschietsportaalten.nl\/de\/wp-json\/wp\/v2\/product_tag?post=6083"}],"curies":[{"name":"wp","href":"https:\/\/api.w.org\/{rel}","templated":true}]}}