{"id":6116,"date":"2024-09-21T18:54:25","date_gmt":"2024-09-21T16:54:25","guid":{"rendered":"https:\/\/jachtenschietsportaalten.nl\/product\/sako-85-xs-varmint-lauf-222\/"},"modified":"2024-09-21T18:54:25","modified_gmt":"2024-09-21T16:54:25","slug":"sako-85-xs-varmint-lauf-222","status":"publish","type":"product","link":"https:\/\/jachtenschietsportaalten.nl\/de\/produkt\/sako-85-xs-varmint-lauf-222\/","title":{"rendered":"Sako 85 XS Varmint Lauf .222"},"content":{"rendered":"<p>Diese Sako XS in .222 hat einen dicken Varmint-Lauf f\u00fcr zus\u00e4tzliche Pr\u00e4zision und Stabilit\u00e4t beim Schie\u00dfen.<br \/>\nSako steht f\u00fcr finnische Qualit\u00e4t und das k\u00f6nnen Sie sehen und f\u00fchlen, wenn Sie das Gewehr in die Hand nehmen und verriegeln.<br \/>\nDas Gewehr ist mit einem hochwertigen Schmidt &amp; Bender 4-16&#215;50 mit Parallaxenverstellung auf einer Stahlmontage ausgestattet.<br \/>\nTop Kombination aus Gewehr und Zielfernrohr f\u00fcr die Jagd und den Schie\u00dfsport   <\/p>\n","protected":false},"excerpt":{"rendered":"<p>Diese Sako XS in .222 hat einen dicken Varmint-Lauf f\u00fcr zus\u00e4tzliche Pr\u00e4zision und Stabilit\u00e4t beim Schie\u00dfen. Sako steht f\u00fcr finnische Qualit\u00e4t und das k\u00f6nnen Sie sehen und f\u00fchlen, wenn Sie das Gewehr in die Hand nehmen und verriegeln. Das Gewehr ist mit einem hochwertigen Schmidt &amp; Bender 4-16&#215;50 mit Parallaxenverstellung auf einer Stahlmontage ausgestattet. Top&hellip;<\/p>\n","protected":false},"featured_media":6801,"comment_status":"closed","ping_status":"closed","template":"","meta":{"inline_featured_image":false},"product_brand":[],"product_cat":[1332],"product_tag":[],"class_list":{"0":"post-6116","1":"product","2":"type-product","3":"status-publish","4":"has-post-thumbnail","6":"product_cat-schrotflinte-de","7":"entry","8":"has-media","10":"first","11":"instock","12":"shipping-taxable","13":"purchasable","14":"product-type-simple"},"yoast_head":"<!-- This site is optimized with the Yoast SEO plugin v27.4 - https:\/\/yoast.com\/product\/yoast-seo-wordpress\/ -->\n<title>Sako 85 XS Varmint Lauf .222 - Jacht en Schietsport Aalten<\/title>\n<meta name=\"robots\" content=\"index, follow, max-snippet:-1, max-image-preview:large, max-video-preview:-1\" \/>\n<link rel=\"canonical\" href=\"https:\/\/jachtenschietsportaalten.nl\/product\/sako-85-xs-varmint-lauf-222\/\" \/>\n<meta property=\"og:locale\" content=\"de_DE\" \/>\n<meta property=\"og:type\" content=\"article\" \/>\n<meta property=\"og:title\" content=\"Sako 85 XS Varmint Lauf .222 - Jacht en Schietsport Aalten\" \/>\n<meta property=\"og:description\" content=\"Diese Sako XS in .222 hat einen dicken Varmint-Lauf f\u00fcr zus\u00e4tzliche Pr\u00e4zision und Stabilit\u00e4t beim Schie\u00dfen. Sako steht f\u00fcr finnische Qualit\u00e4t und das k\u00f6nnen Sie sehen und f\u00fchlen, wenn Sie das Gewehr in die Hand nehmen und verriegeln. Das Gewehr ist mit einem hochwertigen Schmidt &amp; Bender 4-16&#215;50 mit Parallaxenverstellung auf einer Stahlmontage ausgestattet. Top&hellip;\" \/>\n<meta property=\"og:url\" content=\"https:\/\/jachtenschietsportaalten.nl\/product\/sako-85-xs-varmint-lauf-222\/\" \/>\n<meta property=\"og:site_name\" content=\"Jacht en Schietsport Aalten\" \/>\n<meta name=\"twitter:card\" content=\"summary_large_image\" \/>\n<script type=\"application\/ld+json\" class=\"yoast-schema-graph\">{\"@context\":\"https:\\\/\\\/schema.org\",\"@graph\":[{\"@type\":\"WebPage\",\"@id\":\"https:\\\/\\\/jachtenschietsportaalten.nl\\\/product\\\/sako-85-xs-varmint-lauf-222\\\/\",\"url\":\"https:\\\/\\\/jachtenschietsportaalten.nl\\\/product\\\/sako-85-xs-varmint-lauf-222\\\/\",\"name\":\"Sako 85 XS Varmint Lauf .222 - Jacht en Schietsport Aalten\",\"isPartOf\":{\"@id\":\"https:\\\/\\\/jachtenschietsportaalten.nl\\\/#website\"},\"primaryImageOfPage\":{\"@id\":\"https:\\\/\\\/jachtenschietsportaalten.nl\\\/product\\\/sako-85-xs-varmint-lauf-222\\\/#primaryimage\"},\"image\":{\"@id\":\"https:\\\/\\\/jachtenschietsportaalten.nl\\\/product\\\/sako-85-xs-varmint-lauf-222\\\/#primaryimage\"},\"thumbnailUrl\":\"https:\\\/\\\/jachtenschietsportaalten.nl\\\/wp-content\\\/uploads\\\/2024\\\/09\\\/Ontwerp-zonder-titel-50.png\",\"datePublished\":\"2024-09-21T16:54:25+00:00\",\"breadcrumb\":{\"@id\":\"https:\\\/\\\/jachtenschietsportaalten.nl\\\/product\\\/sako-85-xs-varmint-lauf-222\\\/#breadcrumb\"},\"inLanguage\":\"de\",\"potentialAction\":[{\"@type\":\"ReadAction\",\"target\":[\"https:\\\/\\\/jachtenschietsportaalten.nl\\\/product\\\/sako-85-xs-varmint-lauf-222\\\/\"]}]},{\"@type\":\"ImageObject\",\"inLanguage\":\"de\",\"@id\":\"https:\\\/\\\/jachtenschietsportaalten.nl\\\/product\\\/sako-85-xs-varmint-lauf-222\\\/#primaryimage\",\"url\":\"https:\\\/\\\/jachtenschietsportaalten.nl\\\/wp-content\\\/uploads\\\/2024\\\/09\\\/Ontwerp-zonder-titel-50.png\",\"contentUrl\":\"https:\\\/\\\/jachtenschietsportaalten.nl\\\/wp-content\\\/uploads\\\/2024\\\/09\\\/Ontwerp-zonder-titel-50.png\",\"width\":1080,\"height\":1080},{\"@type\":\"BreadcrumbList\",\"@id\":\"https:\\\/\\\/jachtenschietsportaalten.nl\\\/product\\\/sako-85-xs-varmint-lauf-222\\\/#breadcrumb\",\"itemListElement\":[{\"@type\":\"ListItem\",\"position\":1,\"name\":\"Home\",\"item\":\"https:\\\/\\\/jachtenschietsportaalten.nl\\\/de\\\/startseite\\\/\"},{\"@type\":\"ListItem\",\"position\":2,\"name\":\"Webshop\",\"item\":\"https:\\\/\\\/jachtenschietsportaalten.nl\\\/de\\\/shop\\\/\"},{\"@type\":\"ListItem\",\"position\":3,\"name\":\"Sako 85 XS Varmint Lauf .222\"}]},{\"@type\":\"WebSite\",\"@id\":\"https:\\\/\\\/jachtenschietsportaalten.nl\\\/#website\",\"url\":\"https:\\\/\\\/jachtenschietsportaalten.nl\\\/\",\"name\":\"Jacht en Schietsport Aalten\",\"description\":\"Webshop\",\"publisher\":{\"@id\":\"https:\\\/\\\/jachtenschietsportaalten.nl\\\/#organization\"},\"potentialAction\":[{\"@type\":\"SearchAction\",\"target\":{\"@type\":\"EntryPoint\",\"urlTemplate\":\"https:\\\/\\\/jachtenschietsportaalten.nl\\\/?s={search_term_string}\"},\"query-input\":{\"@type\":\"PropertyValueSpecification\",\"valueRequired\":true,\"valueName\":\"search_term_string\"}}],\"inLanguage\":\"de\"},{\"@type\":\"Organization\",\"@id\":\"https:\\\/\\\/jachtenschietsportaalten.nl\\\/#organization\",\"name\":\"Jacht en Schietsport Aalten\",\"url\":\"https:\\\/\\\/jachtenschietsportaalten.nl\\\/\",\"logo\":{\"@type\":\"ImageObject\",\"inLanguage\":\"de\",\"@id\":\"https:\\\/\\\/jachtenschietsportaalten.nl\\\/#\\\/schema\\\/logo\\\/image\\\/\",\"url\":\"https:\\\/\\\/jachtenschietsportaalten.nl\\\/wp-content\\\/uploads\\\/2022\\\/08\\\/Voskuil_Logo_CMYK-Liggend_02.png\",\"contentUrl\":\"https:\\\/\\\/jachtenschietsportaalten.nl\\\/wp-content\\\/uploads\\\/2022\\\/08\\\/Voskuil_Logo_CMYK-Liggend_02.png\",\"width\":2212,\"height\":679,\"caption\":\"Jacht en Schietsport Aalten\"},\"image\":{\"@id\":\"https:\\\/\\\/jachtenschietsportaalten.nl\\\/#\\\/schema\\\/logo\\\/image\\\/\"}}]}<\/script>\n<!-- \/ Yoast SEO plugin. -->","yoast_head_json":{"title":"Sako 85 XS Varmint Lauf .222 - Jacht en Schietsport Aalten","robots":{"index":"index","follow":"follow","max-snippet":"max-snippet:-1","max-image-preview":"max-image-preview:large","max-video-preview":"max-video-preview:-1"},"canonical":"https:\/\/jachtenschietsportaalten.nl\/product\/sako-85-xs-varmint-lauf-222\/","og_locale":"de_DE","og_type":"article","og_title":"Sako 85 XS Varmint Lauf .222 - Jacht en Schietsport Aalten","og_description":"Diese Sako XS in .222 hat einen dicken Varmint-Lauf f\u00fcr zus\u00e4tzliche Pr\u00e4zision und Stabilit\u00e4t beim Schie\u00dfen. Sako steht f\u00fcr finnische Qualit\u00e4t und das k\u00f6nnen Sie sehen und f\u00fchlen, wenn Sie das Gewehr in die Hand nehmen und verriegeln. Das Gewehr ist mit einem hochwertigen Schmidt &amp; Bender 4-16&#215;50 mit Parallaxenverstellung auf einer Stahlmontage ausgestattet. Top&hellip;","og_url":"https:\/\/jachtenschietsportaalten.nl\/product\/sako-85-xs-varmint-lauf-222\/","og_site_name":"Jacht en Schietsport Aalten","twitter_card":"summary_large_image","schema":{"@context":"https:\/\/schema.org","@graph":[{"@type":"WebPage","@id":"https:\/\/jachtenschietsportaalten.nl\/product\/sako-85-xs-varmint-lauf-222\/","url":"https:\/\/jachtenschietsportaalten.nl\/product\/sako-85-xs-varmint-lauf-222\/","name":"Sako 85 XS Varmint Lauf .222 - Jacht en Schietsport Aalten","isPartOf":{"@id":"https:\/\/jachtenschietsportaalten.nl\/#website"},"primaryImageOfPage":{"@id":"https:\/\/jachtenschietsportaalten.nl\/product\/sako-85-xs-varmint-lauf-222\/#primaryimage"},"image":{"@id":"https:\/\/jachtenschietsportaalten.nl\/product\/sako-85-xs-varmint-lauf-222\/#primaryimage"},"thumbnailUrl":"https:\/\/jachtenschietsportaalten.nl\/wp-content\/uploads\/2024\/09\/Ontwerp-zonder-titel-50.png","datePublished":"2024-09-21T16:54:25+00:00","breadcrumb":{"@id":"https:\/\/jachtenschietsportaalten.nl\/product\/sako-85-xs-varmint-lauf-222\/#breadcrumb"},"inLanguage":"de","potentialAction":[{"@type":"ReadAction","target":["https:\/\/jachtenschietsportaalten.nl\/product\/sako-85-xs-varmint-lauf-222\/"]}]},{"@type":"ImageObject","inLanguage":"de","@id":"https:\/\/jachtenschietsportaalten.nl\/product\/sako-85-xs-varmint-lauf-222\/#primaryimage","url":"https:\/\/jachtenschietsportaalten.nl\/wp-content\/uploads\/2024\/09\/Ontwerp-zonder-titel-50.png","contentUrl":"https:\/\/jachtenschietsportaalten.nl\/wp-content\/uploads\/2024\/09\/Ontwerp-zonder-titel-50.png","width":1080,"height":1080},{"@type":"BreadcrumbList","@id":"https:\/\/jachtenschietsportaalten.nl\/product\/sako-85-xs-varmint-lauf-222\/#breadcrumb","itemListElement":[{"@type":"ListItem","position":1,"name":"Home","item":"https:\/\/jachtenschietsportaalten.nl\/de\/startseite\/"},{"@type":"ListItem","position":2,"name":"Webshop","item":"https:\/\/jachtenschietsportaalten.nl\/de\/shop\/"},{"@type":"ListItem","position":3,"name":"Sako 85 XS Varmint Lauf .222"}]},{"@type":"WebSite","@id":"https:\/\/jachtenschietsportaalten.nl\/#website","url":"https:\/\/jachtenschietsportaalten.nl\/","name":"Jacht en Schietsport Aalten","description":"Webshop","publisher":{"@id":"https:\/\/jachtenschietsportaalten.nl\/#organization"},"potentialAction":[{"@type":"SearchAction","target":{"@type":"EntryPoint","urlTemplate":"https:\/\/jachtenschietsportaalten.nl\/?s={search_term_string}"},"query-input":{"@type":"PropertyValueSpecification","valueRequired":true,"valueName":"search_term_string"}}],"inLanguage":"de"},{"@type":"Organization","@id":"https:\/\/jachtenschietsportaalten.nl\/#organization","name":"Jacht en Schietsport Aalten","url":"https:\/\/jachtenschietsportaalten.nl\/","logo":{"@type":"ImageObject","inLanguage":"de","@id":"https:\/\/jachtenschietsportaalten.nl\/#\/schema\/logo\/image\/","url":"https:\/\/jachtenschietsportaalten.nl\/wp-content\/uploads\/2022\/08\/Voskuil_Logo_CMYK-Liggend_02.png","contentUrl":"https:\/\/jachtenschietsportaalten.nl\/wp-content\/uploads\/2022\/08\/Voskuil_Logo_CMYK-Liggend_02.png","width":2212,"height":679,"caption":"Jacht en Schietsport Aalten"},"image":{"@id":"https:\/\/jachtenschietsportaalten.nl\/#\/schema\/logo\/image\/"}}]}},"_links":{"self":[{"href":"https:\/\/jachtenschietsportaalten.nl\/de\/wp-json\/wp\/v2\/product\/6116","targetHints":{"allow":["GET"]}}],"collection":[{"href":"https:\/\/jachtenschietsportaalten.nl\/de\/wp-json\/wp\/v2\/product"}],"about":[{"href":"https:\/\/jachtenschietsportaalten.nl\/de\/wp-json\/wp\/v2\/types\/product"}],"replies":[{"embeddable":true,"href":"https:\/\/jachtenschietsportaalten.nl\/de\/wp-json\/wp\/v2\/comments?post=6116"}],"wp:featuredmedia":[{"embeddable":true,"href":"https:\/\/jachtenschietsportaalten.nl\/de\/wp-json\/wp\/v2\/media\/6801"}],"wp:attachment":[{"href":"https:\/\/jachtenschietsportaalten.nl\/de\/wp-json\/wp\/v2\/media?parent=6116"}],"wp:term":[{"taxonomy":"product_brand","embeddable":true,"href":"https:\/\/jachtenschietsportaalten.nl\/de\/wp-json\/wp\/v2\/product_brand?post=6116"},{"taxonomy":"product_cat","embeddable":true,"href":"https:\/\/jachtenschietsportaalten.nl\/de\/wp-json\/wp\/v2\/product_cat?post=6116"},{"taxonomy":"product_tag","embeddable":true,"href":"https:\/\/jachtenschietsportaalten.nl\/de\/wp-json\/wp\/v2\/product_tag?post=6116"}],"curies":[{"name":"wp","href":"https:\/\/api.w.org\/{rel}","templated":true}]}}